{"id":515,"date":"2017-09-19T08:29:12","date_gmt":"2017-09-19T08:29:12","guid":{"rendered":"https:\/\/pureclinic.se\/?page_id=515"},"modified":"2026-02-04T20:44:51","modified_gmt":"2026-02-04T20:44:51","slug":"oxybrasion-peeling","status":"publish","type":"page","link":"https:\/\/pureclinic.se\/ua\/oxybrasion-peeling\/","title":{"rendered":"\u041e\u043a\u0441\u0438\u0431\u0440\u0430\u0437\u0438\u0432\u043d\u0438\u0439 \u043f\u0456\u043b\u0456\u043d\u0433"},"content":{"rendered":"<div data-elementor-type=\"wp-page\" data-elementor-id=\"515\" class=\"elementor elementor-515\" data-elementor-post-type=\"page\">\n\t\t\t\t<div class=\"elementor-element elementor-element-675d2714 e-flex e-con-boxed e-con e-parent\" data-id=\"675d2714\" data-element_type=\"container\">\n\t\t\t\t\t<div class=\"e-con-inner\">\n\t\t\t\t<div class=\"elementor-element elementor-element-72f5e1c elementor-widget elementor-widget-heading\" data-id=\"72f5e1c\" data-element_type=\"widget\" data-widget_type=\"heading.default\">\n\t\t\t\t<div class=\"elementor-widget-container\">\n\t\t\t<h2 class=\"elementor-heading-title elementor-size-default\">\u041e\u043a\u0441\u0438\u0431\u0440\u0430\u0437\u0438\u0432\u043d\u0438\u0439 \u043f\u0456\u043b\u0456\u043d\u0433\n\n<\/h2>\t\t<\/div>\n\t\t\t\t<\/div>\n\t\t\t\t<div class=\"elementor-element elementor-element-633a4a75 elementor-widget-divider--view-line elementor-widget elementor-widget-divider\" data-id=\"633a4a75\" data-element_type=\"widget\" data-widget_type=\"divider.default\">\n\t\t\t\t<div class=\"elementor-widget-container\">\n\t\t\t\t\t<div class=\"elementor-divider\">\n\t\t\t<span class=\"elementor-divider-separator\">\n\t\t\t\t\t\t<\/span>\n\t\t<\/div>\n\t\t\t\t<\/div>\n\t\t\t\t<\/div>\n\t\t\t\t\t<\/div>\n\t\t\t\t<\/div>\n\t\t<div class=\"elementor-element elementor-element-239ec1e2 e-flex e-con-boxed e-con e-parent\" data-id=\"239ec1e2\" data-element_type=\"container\">\n\t\t\t\t\t<div class=\"e-con-inner\">\n\t\t\t\t<div class=\"elementor-element elementor-element-14222332 elementor-widget elementor-widget-text-editor\" data-id=\"14222332\" data-element_type=\"widget\" data-widget_type=\"text-editor.default\">\n\t\t\t\t<div class=\"elementor-widget-container\">\n\t\t\t\t\t\t\t<p>\u0426\u044f \u043f\u0440\u043e\u0446\u0435\u0434\u0443\u0440\u0430 \u043f\u0435\u0440\u0435\u0434\u0431\u0430\u0447\u0430\u0454 \u0456\u043d\u0442\u0435\u043d\u0441\u0438\u0432\u043d\u0435, \u0430\u043b\u0435 \u0434\u0431\u0430\u0439\u043b\u0438\u0432\u0435 \u0432\u0438\u0434\u0430\u043b\u0435\u043d\u043d\u044f \u0432\u0456\u0434\u043c\u0435\u0440\u043b\u0438\u0445 \u043a\u043b\u0456\u0442\u0438\u043d \u0448\u043a\u0456\u0440\u0438 \u0437\u0430 \u0434\u043e\u043f\u043e\u043c\u043e\u0433\u043e\u044e \u043f\u043e\u0440\u0442\u0430\u0442\u0438\u0432\u043d\u043e\u0433\u043e \u0440\u043e\u0437\u043f\u0438\u043b\u044e\u0432\u0430\u0447\u0430 \u0440\u043e\u0437\u0447\u0438\u043d\u0443 \u0445\u043b\u043e\u0440\u0438\u0434\u0443 \u043d\u0430\u0442\u0440\u0456\u044e \u0442\u0430 \u043a\u0438\u0441\u043d\u044e, \u044f\u043a\u0438\u0439 \u043d\u0435 \u043f\u043e\u0434\u0440\u0430\u0437\u043d\u044e\u0454 \u0448\u043a\u0456\u0440\u0443. \u041f\u0440\u043e\u0446\u0435\u0434\u0443\u0440\u0430 \u0456\u0434\u0435\u0430\u043b\u044c\u043d\u043e \u043f\u0456\u0434\u0445\u043e\u0434\u0438\u0442\u044c \u0434\u043b\u044f \u0430\u043a\u0442\u0438\u0432\u043d\u0438\u0445 \u0430\u043a\u043d\u0435, \u0440\u043e\u0437\u0430\u0446\u0435\u0430 \u0442\u0430 \u0447\u0443\u0442\u043b\u0438\u0432\u043e\u0457 \u0448\u043a\u0456\u0440\u0438. \u0427\u0443\u0434\u043e\u0432\u0438\u0439 \u0437\u0430\u0441\u0456\u0431 \u0434\u043b\u044f \u043b\u0456\u043a\u0443\u0432\u0430\u043d\u043d\u044f \u0448\u043a\u0456\u0440\u043d\u0438\u0445 \u0437\u0430\u043f\u0430\u043b\u0435\u043d\u044c \u0442\u0430 \u0448\u043a\u0456\u0440\u0438, \u044f\u043a\u0430 \u043f\u043e\u0442\u0440\u0435\u0431\u0443\u0454 \u0437\u0430\u0441\u043f\u043e\u043a\u043e\u0454\u043d\u043d\u044f \u0442\u0430 \u043e\u043d\u043e\u0432\u043b\u0435\u043d\u043d\u044f.<\/p><p>\u041e\u043a\u0441\u0438\u0431\u0440\u0430\u0437\u0438\u0432\u043d\u0438\u0439 \u043f\u0456\u043b\u0456\u043d\u0433 \u0456\u0434\u0435\u0430\u043b\u044c\u043d\u043e \u043f\u0456\u0434\u0445\u043e\u0434\u0438\u0442\u044c \u0434\u043b\u044f \u0434\u0443\u0436\u0435 \u0447\u0443\u0442\u043b\u0438\u0432\u043e\u0457 \u0448\u043a\u0456\u0440\u0438, \u0430 \u0442\u0430\u043a\u043e\u0436 \u0434\u043b\u044f \u0432\u0441\u0456\u0445, \u0445\u0442\u043e \u0445\u043e\u0447\u0435 \u0441\u043f\u0440\u043e\u0431\u0443\u0432\u0430\u0442\u0438 \u0434\u0456\u0454\u0432\u0443 \u043f\u0440\u043e\u0446\u0435\u0434\u0443\u0440\u0443 MediSpa.<\/p>\t\t\t\t\t\t<\/div>\n\t\t\t\t<\/div>\n\t\t\t\t\t<\/div>\n\t\t\t\t<\/div>\n\t\t<div class=\"elementor-element elementor-element-115f32a0 e-flex e-con-boxed e-con e-parent\" data-id=\"115f32a0\" data-element_type=\"container\" data-settings=\"{&quot;background_background&quot;:&quot;classic&quot;}\">\n\t\t\t\t\t<div class=\"e-con-inner\">\n\t\t\t\t\t<\/div>\n\t\t\t\t<\/div>\n\t\t<div class=\"elementor-element elementor-element-7d79c556 e-flex e-con-boxed e-con e-parent\" data-id=\"7d79c556\" data-element_type=\"container\">\n\t\t\t\t\t<div class=\"e-con-inner\">\n\t\t\t\t<div class=\"elementor-element elementor-element-32a670c1 elementor-widget elementor-widget-heading\" data-id=\"32a670c1\" data-element_type=\"widget\" data-widget_type=\"heading.default\">\n\t\t\t\t<div class=\"elementor-widget-container\">\n\t\t\t<h2 class=\"elementor-heading-title elementor-size-default\">\u0426\u0456\u043d\u0438\n\n<\/h2>\t\t<\/div>\n\t\t\t\t<\/div>\n\t\t\t\t<div class=\"elementor-element elementor-element-19b02ec6 elementor-widget-divider--view-line elementor-widget elementor-widget-divider\" data-id=\"19b02ec6\" data-element_type=\"widget\" data-widget_type=\"divider.default\">\n\t\t\t\t<div class=\"elementor-widget-container\">\n\t\t\t\t\t<div class=\"elementor-divider\">\n\t\t\t<span class=\"elementor-divider-separator\">\n\t\t\t\t\t\t<\/span>\n\t\t<\/div>\n\t\t\t\t<\/div>\n\t\t\t\t<\/div>\n\t\t\t\t<div class=\"elementor-element elementor-element-7d411f6 elementor-widget elementor-widget-heading\" data-id=\"7d411f6\" data-element_type=\"widget\" data-widget_type=\"heading.default\">\n\t\t\t\t<div class=\"elementor-widget-container\">\n\t\t\t<h2 class=\"elementor-heading-title elementor-size-default\">\u041e\u043a\u0441\u0438\u0431\u0440\u0430\u0437\u0438\u0432\u043d\u0438\u0439 \u043f\u0456\u043b\u0456\u043d\u0433\n\n<\/h2>\t\t<\/div>\n\t\t\t\t<\/div>\n\t\t\t\t<div class=\"elementor-element elementor-element-17c3609b elementor-widget elementor-widget-price-list\" data-id=\"17c3609b\" data-element_type=\"widget\" data-widget_type=\"price-list.default\">\n\t\t\t\t<div class=\"elementor-widget-container\">\n\t\t\t\n\t\t<ul class=\"elementor-price-list\">\n\n\t\t\t\t\t\t\t\t\t<li><a class=\"elementor-price-list-item\" href=\"#\">\t\t\t\t\n\t\t\t\t<div class=\"elementor-price-list-text\">\n\t\t\t\t\t\t\t\t\t<div class=\"elementor-price-list-header\">\n\t\t\t\t\t\t\t\t\t\t\t<span class=\"elementor-price-list-title\">\n\t\t\t\t\t\t\t\u041f\u0440\u043e\u0446\u0435\u0434\u0443\u0440\u0430 60 \u0445\u0432\t\t\t\t\t\t<\/span>\n\t\t\t\t\t\t\t\t\t\t\t\t\t\t\t\t\t\t\t\t\t\t\t\t<span class=\"elementor-price-list-price\">995:-<\/span>\n\t\t\t\t\t\t\t\t\t\t<\/div>\n\t\t\t\t\t\t\t\t\t\t\t\t<\/div>\n\t\t\t\t<\/a><\/li>\t\t\t\t\t\n\t\t<\/ul>\n\n\t\t\t\t<\/div>\n\t\t\t\t<\/div>\n\t\t\t\t<div class=\"elementor-element elementor-element-477957bb elementor-widget elementor-widget-heading\" data-id=\"477957bb\" data-element_type=\"widget\" data-widget_type=\"heading.default\">\n\t\t\t\t<div class=\"elementor-widget-container\">\n\t\t\t<h2 class=\"elementor-heading-title elementor-size-default\">\u0413\u043b\u0438\u0431\u043e\u043a\u0438\u0439 \u043e\u0447\u0438\u0449\u0443\u0432\u0430\u043b\u044c\u043d\u0438\u0439 \u043f\u0456\u043b\u0456\u043d\u0433 \u0434\u043b\u044f \u043b\u0456\u043a\u0443\u0432\u0430\u043d\u043d\u044f \u0447\u0443\u0442\u043b\u0438\u0432\u043e\u0457 \u0448\u043a\u0456\u0440\u0438, \u0430\u043a\u0442\u0438\u0432\u043d\u0438\u0445 \u0430\u043a\u043d\u0435 \u0442\u0430 \u0440\u043e\u0437\u0430\u0446\u0435\u0430. \u041c\u0430\u0454 \u0437\u0430\u0441\u043f\u043e\u043a\u0456\u0439\u043b\u0438\u0432\u0443 \u0442\u0430 \u043e\u0445\u043e\u043b\u043e\u0434\u0436\u0443\u044e\u0447\u0443 \u0434\u0456\u044e. \u0420\u0435\u043a\u043e\u043c\u0435\u043d\u0434\u0443\u0454\u0442\u044c\u0441\u044f \u044f\u043a \u043f\u0456\u0434\u0433\u043e\u0442\u043e\u0432\u0447\u0430 \u043f\u0440\u043e\u0446\u0435\u0434\u0443\u0440\u0430 \u043f\u0435\u0440\u0435\u0434 \u043b\u0430\u0437\u0435\u0440\u043e\u043c \u0430\u0431\u043e \u043c\u0456\u043a\u0440\u043e\u043d\u0456\u0434\u043b\u0456\u043d\u0433\u043e\u043c. \u041f\u0440\u043e\u0446\u0435\u0434\u0443\u0440\u0430 \u0432\u043a\u043b\u044e\u0447\u0430\u0454: \u043e\u0447\u0438\u0449\u0435\u043d\u043d\u044f \u043d\u0430\u0442\u0443\u0440\u0430\u043b\u044c\u043d\u0438\u043c\u0438 \u043e\u043b\u0456\u044f\u043c\u0438, \u043e\u043a\u0441\u0438\u0431\u0440\u0430\u0437\u0438\u0432\u043d\u0438\u0439 \u043f\u0456\u043b\u0456\u043d\u0433, \u0434\u043e\u0433\u043b\u044f\u0434 \u043e\u0440\u0433\u0430\u043d\u0456\u0447\u043d\u0438\u043c\u0438 \u043f\u0440\u043e\u0434\u0443\u043a\u0442\u0430\u043c\u0438, \u043c\u0430\u0441\u043a\u0443 \u0434\u043b\u044f \u043e\u0431\u043b\u0438\u0447\u0447\u044f \u0456 \u043c\u0430\u0441\u0430\u0436 \u0433\u043e\u043b\u043e\u0432\u0438.<\/h2>\t\t<\/div>\n\t\t\t\t<\/div>\n\t\t\t\t<div class=\"elementor-element elementor-element-662c4320 elementor-align-right elementor-widget elementor-widget-button\" data-id=\"662c4320\" data-element_type=\"widget\" data-widget_type=\"button.default\">\n\t\t\t\t<div class=\"elementor-widget-container\">\n\t\t\t\t\t<div class=\"elementor-button-wrapper\">\n\t\t\t<a class=\"elementor-button elementor-button-link elementor-size-sm\" href=\"https:\/\/pureclinic.valei.com\/services\/categories\/2392-peeling?_gl=1*tucy3e*_gcl_au*NzQ1ODMwMjcuMTcyNTEwNDgwOA..*_ga*MjUyNTI3ODY1LjE3MjUxMDQ4MDg.*_ga_0D6F0K0J9C*MTcyNjI2MzI1NS4xMi4xLjE3MjYyNzAyNjIuMC4wLjA.\">\n\t\t\t\t\t\t<span class=\"elementor-button-content-wrapper\">\n\t\t\t\t\t\t\t\t\t<span class=\"elementor-button-text\">\u0417\u0430\u0431\u0440\u043e\u043d\u044e\u0432\u0430\u0442\u0438<\/span>\n\t\t\t\t\t<\/span>\n\t\t\t\t\t<\/a>\n\t\t<\/div>\n\t\t\t\t<\/div>\n\t\t\t\t<\/div>\n\t\t\t\t\t<\/div>\n\t\t\t\t<\/div>\n\t\t\t\t<\/div>","protected":false},"excerpt":{"rendered":"<p>\u041e\u043a\u0441\u0438\u0431\u0440\u0430\u0437\u0456\u0439\u043d\u0438\u0439 \u043f\u0456\u043b\u0456\u043d\u0433 \u0426\u044f \u043f\u0440\u043e\u0446\u0435\u0434\u0443\u0440\u0430 \u043f\u0435\u0440\u0435\u0434\u0431\u0430\u0447\u0430\u0454 \u0456\u043d\u0442\u0435\u043d\u0441\u0438\u0432\u043d\u0435, \u0430\u043b\u0435 \u043c'\u044f\u043a\u0435 \u0432\u0438\u0434\u0430\u043b\u0435\u043d\u043d\u044f \u0432\u0456\u0434\u043c\u0435\u0440\u043b\u0438\u0445 \u043a\u043b\u0456\u0442\u0438\u043d \u0448\u043a\u0456\u0440\u0438 \u0437\u0430 \u0434\u043e\u043f\u043e\u043c\u043e\u0433\u043e\u044e \u0440\u0443\u0447\u043d\u043e\u0433\u043e \u0440\u043e\u0437\u043f\u0438\u043b\u044e\u0432\u0430\u0447\u0430 \u0440\u043e\u0437\u0447\u0438\u043d\u0443 \u0445\u043b\u043e\u0440\u0438\u0434\u0443 \u043d\u0430\u0442\u0440\u0456\u044e \u0442\u0430 \u043a\u0438\u0441\u043d\u044e, \u043d\u0435 \u043f\u043e\u0434\u0440\u0430\u0437\u043d\u044e\u044e\u0447\u0438 \u0448\u043a\u0456\u0440\u0443. \u041f\u0440\u043e\u0446\u0435\u0434\u0443\u0440\u0430 \u0456\u0434\u0435\u0430\u043b\u044c\u043d\u043e \u043f\u0456\u0434\u0445\u043e\u0434\u0438\u0442\u044c \u0434\u043b\u044f \u0430\u043a\u0442\u0438\u0432\u043d\u0438\u0445 \u0430\u043a\u043d\u0435, \u0440\u043e\u0437\u0430\u0446\u0435\u0430 \u0442\u0430 \u0447\u0443\u0442\u043b\u0438\u0432\u043e\u0457 \u0448\u043a\u0456\u0440\u0438. \u0427\u0443\u0434\u043e\u0432\u0438\u0439 \u0437\u0430\u0441\u0456\u0431 \u0434\u043b\u044f \u043b\u0456\u043a\u0443\u0432\u0430\u043d\u043d\u044f \u0448\u043a\u0456\u0440\u043d\u0438\u0445 \u0437\u0430\u043f\u0430\u043b\u0435\u043d\u044c \u0442\u0430 \u0448\u043a\u0456\u0440\u0438, \u044f\u043a\u0430 \u043f\u043e\u0442\u0440\u0435\u0431\u0443\u0454 \u0437\u0430\u0441\u043f\u043e\u043a\u043e\u0454\u043d\u043d\u044f \u0442\u0430 \u043e\u043d\u043e\u0432\u043b\u0435\u043d\u043d\u044f. \u041e\u043a\u0441\u0438\u0431\u0440\u0430\u0437\u0456\u044f [...].<\/p>","protected":false},"author":1,"featured_media":0,"parent":0,"menu_order":0,"comment_status":"closed","ping_status":"closed","template":"elementor_header_footer","meta":{"footnotes":""},"class_list":["post-515","page","type-page","status-publish","hentry"],"yoast_head":"<!-- This site is optimized with the Yoast SEO plugin v21.7 - https:\/\/yoast.com\/wordpress\/plugins\/seo\/ -->\n<title>Oxybrasion Peeling hos Pure Clinic f\u00f6r behandling av bl.a akne, rosacea<\/title>\n<meta name=\"description\" content=\"Oxybrasion Peeling \u00e4r en effektiv exfolierande behandling f\u00f6r ansiktet som behandlar akne, rosacea och f\u00f6rbererder huden inf\u00f6r laserbehandling\" \/>\n<meta name=\"robots\" content=\"index, follow, max-snippet:-1, max-image-preview:large, max-video-preview:-1\" \/>\n<link rel=\"canonical\" href=\"https:\/\/pureclinic.se\/ua\/oxybrasion-peeling\/\" \/>\n<meta property=\"og:locale\" content=\"uk_UA\" \/>\n<meta property=\"og:type\" content=\"article\" \/>\n<meta property=\"og:title\" content=\"Oxybrasion Peeling hos Pure Clinic f\u00f6r behandling av bl.a akne, rosacea\" \/>\n<meta property=\"og:description\" content=\"Oxybrasion Peeling \u00e4r en effektiv exfolierande behandling f\u00f6r ansiktet som behandlar akne, rosacea och f\u00f6rbererder huden inf\u00f6r laserbehandling\" \/>\n<meta property=\"og:url\" content=\"https:\/\/pureclinic.se\/ua\/oxybrasion-peeling\/\" \/>\n<meta property=\"og:site_name\" content=\"Pure Clinic - Sk\u00f6nhetsklinik i Stockholm Saltsj\u00f6baden\" \/>\n<meta property=\"article:modified_time\" content=\"2026-02-04T20:44:51+00:00\" \/>\n<meta name=\"twitter:card\" content=\"summary_large_image\" \/>\n<script type=\"application\/ld+json\" class=\"yoast-schema-graph\">{\"@context\":\"https:\/\/schema.org\",\"@graph\":[{\"@type\":\"WebPage\",\"@id\":\"https:\/\/pureclinic.se\/oxybrasion-peeling\/\",\"url\":\"https:\/\/pureclinic.se\/oxybrasion-peeling\/\",\"name\":\"Oxybrasion Peeling hos Pure Clinic f\u00f6r behandling av bl.a akne, rosacea\",\"isPartOf\":{\"@id\":\"https:\/\/pureclinic.se\/en\/#website\"},\"datePublished\":\"2017-09-19T08:29:12+00:00\",\"dateModified\":\"2026-02-04T20:44:51+00:00\",\"description\":\"Oxybrasion Peeling \u00e4r en effektiv exfolierande behandling f\u00f6r ansiktet som behandlar akne, rosacea och f\u00f6rbererder huden inf\u00f6r laserbehandling\",\"breadcrumb\":{\"@id\":\"https:\/\/pureclinic.se\/oxybrasion-peeling\/#breadcrumb\"},\"inLanguage\":\"uk\",\"potentialAction\":[{\"@type\":\"ReadAction\",\"target\":[\"https:\/\/pureclinic.se\/oxybrasion-peeling\/\"]}]},{\"@type\":\"BreadcrumbList\",\"@id\":\"https:\/\/pureclinic.se\/oxybrasion-peeling\/#breadcrumb\",\"itemListElement\":[{\"@type\":\"ListItem\",\"position\":1,\"name\":\"Hem\",\"item\":\"https:\/\/pureclinic.se\/\"},{\"@type\":\"ListItem\",\"position\":2,\"name\":\"Oxybrasion Peeling\"}]},{\"@type\":\"WebSite\",\"@id\":\"https:\/\/pureclinic.se\/en\/#website\",\"url\":\"https:\/\/pureclinic.se\/en\/\",\"name\":\"Pure Clinic - Sk\u00f6nhetsklinik i Stockholm Saltsj\u00f6baden\",\"description\":\"Pure Clinic, H\u00e4r \u00e4r vi specialiserade p\u00e5 sk\u00f6nhetsbehandlingar av b\u00e5de ansikte och kropp. Vi har valt att satsa p\u00e5 exklusiva och effektiva maskiner, med h\u00f6g s\u00e4kerhet och ett gott rykte i branschen. Pure Clinic st\u00e5r f\u00f6r att vi enbart anv\u00e4nder oss av rena, ekologiska eller ofarliga produkter och tekniker.\",\"publisher\":{\"@id\":\"https:\/\/pureclinic.se\/en\/#organization\"},\"potentialAction\":[{\"@type\":\"SearchAction\",\"target\":{\"@type\":\"EntryPoint\",\"urlTemplate\":\"https:\/\/pureclinic.se\/en\/?s={search_term_string}\"},\"query-input\":\"required name=search_term_string\"}],\"inLanguage\":\"uk\"},{\"@type\":\"Organization\",\"@id\":\"https:\/\/pureclinic.se\/en\/#organization\",\"name\":\"Pure Clinic AB\",\"url\":\"https:\/\/pureclinic.se\/en\/\",\"logo\":{\"@type\":\"ImageObject\",\"inLanguage\":\"uk\",\"@id\":\"https:\/\/pureclinic.se\/en\/#\/schema\/logo\/image\/\",\"url\":\"https:\/\/pureclinic.se\/wp-content\/uploads\/2017\/07\/Pure-Clinic-Turkos-liten.png\",\"contentUrl\":\"https:\/\/pureclinic.se\/wp-content\/uploads\/2017\/07\/Pure-Clinic-Turkos-liten.png\",\"width\":878,\"height\":478,\"caption\":\"Pure Clinic AB\"},\"image\":{\"@id\":\"https:\/\/pureclinic.se\/en\/#\/schema\/logo\/image\/\"}}]}<\/script>\n<!-- \/ Yoast SEO plugin. -->","yoast_head_json":{"title":"Oxybrasion Peeling hos Pure Clinic f\u00f6r behandling av bl.a akne, rosacea","description":"Oxybrasion Peeling \u00e4r en effektiv exfolierande behandling f\u00f6r ansiktet som behandlar akne, rosacea och f\u00f6rbererder huden inf\u00f6r laserbehandling","robots":{"index":"index","follow":"follow","max-snippet":"max-snippet:-1","max-image-preview":"max-image-preview:large","max-video-preview":"max-video-preview:-1"},"canonical":"https:\/\/pureclinic.se\/ua\/oxybrasion-peeling\/","og_locale":"uk_UA","og_type":"article","og_title":"Oxybrasion Peeling hos Pure Clinic f\u00f6r behandling av bl.a akne, rosacea","og_description":"Oxybrasion Peeling \u00e4r en effektiv exfolierande behandling f\u00f6r ansiktet som behandlar akne, rosacea och f\u00f6rbererder huden inf\u00f6r laserbehandling","og_url":"https:\/\/pureclinic.se\/ua\/oxybrasion-peeling\/","og_site_name":"Pure Clinic - Sk\u00f6nhetsklinik i Stockholm Saltsj\u00f6baden","article_modified_time":"2026-02-04T20:44:51+00:00","twitter_card":"summary_large_image","schema":{"@context":"https:\/\/schema.org","@graph":[{"@type":"WebPage","@id":"https:\/\/pureclinic.se\/oxybrasion-peeling\/","url":"https:\/\/pureclinic.se\/oxybrasion-peeling\/","name":"Oxybrasion Peeling hos Pure Clinic f\u00f6r behandling av bl.a akne, rosacea","isPartOf":{"@id":"https:\/\/pureclinic.se\/en\/#website"},"datePublished":"2017-09-19T08:29:12+00:00","dateModified":"2026-02-04T20:44:51+00:00","description":"Oxybrasion Peeling \u00e4r en effektiv exfolierande behandling f\u00f6r ansiktet som behandlar akne, rosacea och f\u00f6rbererder huden inf\u00f6r laserbehandling","breadcrumb":{"@id":"https:\/\/pureclinic.se\/oxybrasion-peeling\/#breadcrumb"},"inLanguage":"uk","potentialAction":[{"@type":"ReadAction","target":["https:\/\/pureclinic.se\/oxybrasion-peeling\/"]}]},{"@type":"BreadcrumbList","@id":"https:\/\/pureclinic.se\/oxybrasion-peeling\/#breadcrumb","itemListElement":[{"@type":"ListItem","position":1,"name":"Hem","item":"https:\/\/pureclinic.se\/"},{"@type":"ListItem","position":2,"name":"Oxybrasion Peeling"}]},{"@type":"WebSite","@id":"https:\/\/pureclinic.se\/en\/#website","url":"https:\/\/pureclinic.se\/en\/","name":"Pure Clinic - Sk\u00f6nhetsklinik i Stockholm Saltsj\u00f6baden","description":"Pure Clinic, H\u00e4r \u00e4r vi specialiserade p\u00e5 sk\u00f6nhetsbehandlingar av b\u00e5de ansikte och kropp. Vi har valt att satsa p\u00e5 exklusiva och effektiva maskiner, med h\u00f6g s\u00e4kerhet och ett gott rykte i branschen. Pure Clinic st\u00e5r f\u00f6r att vi enbart anv\u00e4nder oss av rena, ekologiska eller ofarliga produkter och tekniker.","publisher":{"@id":"https:\/\/pureclinic.se\/en\/#organization"},"potentialAction":[{"@type":"SearchAction","target":{"@type":"EntryPoint","urlTemplate":"https:\/\/pureclinic.se\/en\/?s={search_term_string}"},"query-input":"required name=search_term_string"}],"inLanguage":"uk"},{"@type":"Organization","@id":"https:\/\/pureclinic.se\/en\/#organization","name":"Pure Clinic AB","url":"https:\/\/pureclinic.se\/en\/","logo":{"@type":"ImageObject","inLanguage":"uk","@id":"https:\/\/pureclinic.se\/en\/#\/schema\/logo\/image\/","url":"https:\/\/pureclinic.se\/wp-content\/uploads\/2017\/07\/Pure-Clinic-Turkos-liten.png","contentUrl":"https:\/\/pureclinic.se\/wp-content\/uploads\/2017\/07\/Pure-Clinic-Turkos-liten.png","width":878,"height":478,"caption":"Pure Clinic AB"},"image":{"@id":"https:\/\/pureclinic.se\/en\/#\/schema\/logo\/image\/"}}]}},"_links":{"self":[{"href":"https:\/\/pureclinic.se\/ua\/wp-json\/wp\/v2\/pages\/515"}],"collection":[{"href":"https:\/\/pureclinic.se\/ua\/wp-json\/wp\/v2\/pages"}],"about":[{"href":"https:\/\/pureclinic.se\/ua\/wp-json\/wp\/v2\/types\/page"}],"author":[{"embeddable":true,"href":"https:\/\/pureclinic.se\/ua\/wp-json\/wp\/v2\/users\/1"}],"replies":[{"embeddable":true,"href":"https:\/\/pureclinic.se\/ua\/wp-json\/wp\/v2\/comments?post=515"}],"version-history":[{"count":6,"href":"https:\/\/pureclinic.se\/ua\/wp-json\/wp\/v2\/pages\/515\/revisions"}],"predecessor-version":[{"id":3434,"href":"https:\/\/pureclinic.se\/ua\/wp-json\/wp\/v2\/pages\/515\/revisions\/3434"}],"wp:attachment":[{"href":"https:\/\/pureclinic.se\/ua\/wp-json\/wp\/v2\/media?parent=515"}],"curies":[{"name":"wp","href":"https:\/\/api.w.org\/{rel}","templated":true}]}}