{"id":3136,"date":"2025-09-10T08:51:41","date_gmt":"2025-09-10T08:51:41","guid":{"rendered":"https:\/\/pureclinic.se\/?page_id=3136"},"modified":"2025-09-11T13:19:55","modified_gmt":"2025-09-11T13:19:55","slug":"konsultation","status":"publish","type":"page","link":"https:\/\/pureclinic.se\/ua\/konsultation\/","title":{"rendered":"\u041a\u043e\u043d\u0441\u0443\u043b\u044c\u0442\u0430\u0446\u0456\u044f"},"content":{"rendered":"<div data-elementor-type=\"wp-page\" data-elementor-id=\"3136\" class=\"elementor elementor-3136\" data-elementor-post-type=\"page\">\n\t\t\t\t<div class=\"elementor-element elementor-element-c659fc7 e-flex e-con-boxed e-con e-parent\" data-id=\"c659fc7\" data-element_type=\"container\">\n\t\t\t\t\t<div class=\"e-con-inner\">\n\t\t\t\t<div class=\"elementor-element elementor-element-9b55619 elementor-widget elementor-widget-heading\" data-id=\"9b55619\" data-element_type=\"widget\" data-widget_type=\"heading.default\">\n\t\t\t\t<div class=\"elementor-widget-container\">\n\t\t\t<h2 class=\"elementor-heading-title elementor-size-default\">\u041a\u043e\u043d\u0441\u0443\u043b\u044c\u0442\u0430\u0446\u0456\u044f <\/h2>\t\t<\/div>\n\t\t\t\t<\/div>\n\t\t\t\t<div class=\"elementor-element elementor-element-6428fa7 elementor-widget-divider--view-line elementor-widget elementor-widget-divider\" data-id=\"6428fa7\" data-element_type=\"widget\" data-widget_type=\"divider.default\">\n\t\t\t\t<div class=\"elementor-widget-container\">\n\t\t\t\t\t<div class=\"elementor-divider\">\n\t\t\t<span class=\"elementor-divider-separator\">\n\t\t\t\t\t\t<\/span>\n\t\t<\/div>\n\t\t\t\t<\/div>\n\t\t\t\t<\/div>\n\t\t\t\t\t<\/div>\n\t\t\t\t<\/div>\n\t\t<div class=\"elementor-element elementor-element-d800454 e-flex e-con-boxed e-con e-parent\" data-id=\"d800454\" data-element_type=\"container\">\n\t\t\t\t\t<div class=\"e-con-inner\">\n\t\t\t\t<div class=\"elementor-element elementor-element-48fa220 elementor-position-left elementor-vertical-align-top elementor-widget elementor-widget-image-box\" data-id=\"48fa220\" data-element_type=\"widget\" data-widget_type=\"image-box.default\">\n\t\t\t\t<div class=\"elementor-widget-container\">\n\t\t\t<div class=\"elementor-image-box-wrapper\"><figure class=\"elementor-image-box-img\"><img fetchpriority=\"high\" decoding=\"async\" width=\"2560\" height=\"1978\" src=\"https:\/\/pureclinic.se\/wp-content\/uploads\/2025\/09\/IMG_1120-scaled.jpeg\" class=\"attachment-full size-full wp-image-3034\" alt=\"\" srcset=\"https:\/\/pureclinic.se\/wp-content\/uploads\/2025\/09\/IMG_1120-scaled.jpeg 2560w, https:\/\/pureclinic.se\/wp-content\/uploads\/2025\/09\/IMG_1120-300x232.jpeg 300w, https:\/\/pureclinic.se\/wp-content\/uploads\/2025\/09\/IMG_1120-1024x791.jpeg 1024w, https:\/\/pureclinic.se\/wp-content\/uploads\/2025\/09\/IMG_1120-768x593.jpeg 768w, https:\/\/pureclinic.se\/wp-content\/uploads\/2025\/09\/IMG_1120-1536x1187.jpeg 1536w, https:\/\/pureclinic.se\/wp-content\/uploads\/2025\/09\/IMG_1120-2048x1582.jpeg 2048w, https:\/\/pureclinic.se\/wp-content\/uploads\/2025\/09\/IMG_1120-16x12.jpeg 16w\" sizes=\"(max-width: 2560px) 100vw, 2560px\" \/><\/figure><div class=\"elementor-image-box-content\"><h3 class=\"elementor-image-box-title\">\u0412\u0430\u0436\u043b\u0438\u0432\u0430 \u0456\u043d\u0444\u043e\u0440\u043c\u0430\u0446\u0456\u044f \u043f\u0435\u0440\u0435\u0434 \u0431\u0440\u043e\u043d\u044e\u0432\u0430\u043d\u043d\u044f\u043c<\/h3><p class=\"elementor-image-box-description\"> \u2022 \u041a\u043e\u043d\u0441\u0443\u043b\u044c\u0442\u0430\u0446\u0456\u044e 30 \u0445\u0432\u0438\u043b\u0438\u043d \u043c\u043e\u0436\u043d\u0430 \u0437\u0430\u0431\u0440\u043e\u043d\u044e\u0432\u0430\u0442\u0438 \u0437\u0430 24 \u0433\u043e\u0434\u0438\u043d\u0438 \u0434\u043e \u0432\u0456\u0437\u0438\u0442\u0443.<br>\n \u2022 \u0422\u0440\u0438 \u0456\u043d\u0448\u0456 \u043a\u043e\u043d\u0441\u0443\u043b\u044c\u0442\u0430\u0446\u0456\u0457 \u043f\u043e\u0442\u0440\u0456\u0431\u043d\u043e \u0431\u0440\u043e\u043d\u044e\u0432\u0430\u0442\u0438 \u0449\u043e\u043d\u0430\u0439\u043c\u0435\u043d\u0448\u0435 \u0437\u0430 \u0442\u0438\u0436\u0434\u0435\u043d\u044c, \u0449\u043e\u0431 \u0432\u0438 \u0432\u0441\u0442\u0438\u0433\u043b\u0438 \u0437\u0430\u043f\u043e\u0432\u043d\u0438\u0442\u0438 \u0430\u043d\u043a\u0435\u0442\u0443, \u0430 \u043c\u0438 \u2013 \u043f\u0456\u0434\u0433\u043e\u0442\u0443\u0432\u0430\u0442\u0438 \u043c\u0430\u0442\u0435\u0440\u0456\u0430\u043b\u0438.<\/p><\/div><\/div>\t\t<\/div>\n\t\t\t\t<\/div>\n\t\t\t\t\t<\/div>\n\t\t\t\t<\/div>\n\t\t<div class=\"elementor-element elementor-element-7f443ca e-grid e-con-boxed e-con e-child\" data-id=\"7f443ca\" data-element_type=\"container\">\n\t\t\t\t\t<div class=\"e-con-inner\">\n\t\t\t\t<div class=\"elementor-element elementor-element-ef3a72b elementor-widget elementor-widget-image-box\" data-id=\"ef3a72b\" data-element_type=\"widget\" data-widget_type=\"image-box.default\">\n\t\t\t\t<div class=\"elementor-widget-container\">\n\t\t\t<div class=\"elementor-image-box-wrapper\"><div class=\"elementor-image-box-content\"><h3 class=\"elementor-image-box-title\"> 1. \u041a\u043e\u043d\u0441\u0443\u043b\u044c\u0442\u0430\u0446\u0456\u044f 30 \u0445\u0432 \u2013 300 \u043a\u0440\u043e\u043d<\/h3><p class=\"elementor-image-box-description\">\u041a\u043e\u0440\u043e\u0442\u043a\u0430 \u043a\u043e\u043d\u0441\u0443\u043b\u044c\u0442\u0430\u0446\u0456\u044f, \u0434\u0435 \u043c\u0438 \u0440\u0430\u0437\u043e\u043c \u0430\u043d\u0430\u043b\u0456\u0437\u0443\u0454\u043c\u043e \u0441\u0442\u0430\u043d \u0432\u0430\u0448\u043e\u0457 \u0448\u043a\u0456\u0440\u0438, \u0432\u0438\u0437\u043d\u0430\u0447\u0430\u0454\u043c\u043e \u043f\u043e\u0442\u0440\u0435\u0431\u0438 \u0442\u0430 \u043f\u0456\u0434\u0431\u0438\u0440\u0430\u0454\u043c\u043e \u043f\u043b\u0430\u043d \u043b\u0456\u043a\u0443\u0432\u0430\u043d\u043d\u044f \u0456 \u043f\u0440\u043e\u0446\u0435\u0434\u0443\u0440\u0438 \u0441\u0430\u043c\u0435 \u0434\u043b\u044f \u0432\u0430\u0441.<\/p><\/div><\/div>\t\t<\/div>\n\t\t\t\t<\/div>\n\t\t\t\t<div class=\"elementor-element elementor-element-e4d050e elementor-widget elementor-widget-image-box\" data-id=\"e4d050e\" data-element_type=\"widget\" data-widget_type=\"image-box.default\">\n\t\t\t\t<div class=\"elementor-widget-container\">\n\t\t\t<div class=\"elementor-image-box-wrapper\"><div class=\"elementor-image-box-content\"><h3 class=\"elementor-image-box-title\">2. \u0425\u043e\u043b\u0456\u0441\u0442\u0438\u0447\u043d\u0430 \u043a\u043e\u043d\u0441\u0443\u043b\u044c\u0442\u0430\u0446\u0456\u044f \u0437\u0456 \u0448\u043a\u0456\u0440\u0438 \u0442\u0430 \u0437\u0434\u043e\u0440\u043e\u0432\u2019\u044f \u2013 1 000 \u043a\u0440\u043e\u043d (\u043f\u0440\u0438\u0431\u043b\u0438\u0437\u043d\u043e 1\u20131,5 \u0433\u043e\u0434)<\/h3><p class=\"elementor-image-box-description\">\u041f\u0435\u0440\u0441\u043e\u043d\u0430\u043b\u044c\u043d\u0430 \u043a\u043e\u043d\u0441\u0443\u043b\u044c\u0442\u0430\u0446\u0456\u044f \u0437 \u0430\u043d\u0430\u043b\u0456\u0437\u043e\u043c \u0445\u0430\u0440\u0447\u0443\u0432\u0430\u043d\u043d\u044f, \u0432\u0456\u0442\u0430\u043c\u0456\u043d\u0456\u0432, \u0441\u043f\u043e\u0441\u043e\u0431\u0443 \u0436\u0438\u0442\u0442\u044f \u0442\u0430 \u0434\u043e\u0433\u043b\u044f\u0434\u0443 \u0437\u0430 \u0448\u043a\u0456\u0440\u043e\u044e. \u0412\u0438 \u043e\u0442\u0440\u0438\u043c\u0443\u0454\u0442\u0435 \u0447\u0456\u0442\u043a\u0438\u0439 \u043f\u043b\u0430\u043d \u0456 \u043f\u043e\u0440\u0430\u0434\u0438 \u0434\u043b\u044f \u0448\u043a\u0456\u0440\u0438 \u0442\u0430 \u0437\u0434\u043e\u0440\u043e\u0432\u2019\u044f.<\/p><\/div><\/div>\t\t<\/div>\n\t\t\t\t<\/div>\n\t\t\t\t<div class=\"elementor-element elementor-element-f242c29 elementor-widget elementor-widget-image-box\" data-id=\"f242c29\" data-element_type=\"widget\" data-widget_type=\"image-box.default\">\n\t\t\t\t<div class=\"elementor-widget-container\">\n\t\t\t<div class=\"elementor-image-box-wrapper\"><div class=\"elementor-image-box-content\"><h3 class=\"elementor-image-box-title\">3. \u0425\u043e\u043b\u0456\u0441\u0442\u0438\u0447\u043d\u0430 \u043a\u043e\u043d\u0441\u0443\u043b\u044c\u0442\u0430\u0446\u0456\u044f \u0437\u0456 \u0448\u043a\u0456\u0440\u0438 \u0442\u0430 \u0437\u0434\u043e\u0440\u043e\u0432\u2019\u044f + \u043f\u043e\u0432\u0442\u043e\u0440\u043d\u0430 \u0437\u0443\u0441\u0442\u0440\u0456\u0447 \u2013 1 500 \u043a\u0440\u043e\u043d (\u043f\u0440\u0438\u0431\u043b\u0438\u0437\u043d\u043e 1\u20131,5 \u0433\u043e\u0434 + \u043f\u043e\u0432\u0442\u043e\u0440\u043d\u0430 \u043a\u043e\u043d\u0441\u0443\u043b\u044c\u0442\u0430\u0446\u0456\u044f)<\/h3><p class=\"elementor-image-box-description\">\u0422\u0435 \u0436 \u0441\u0430\u043c\u0435, \u0449\u043e \u0439 \u043f\u043e\u043f\u0435\u0440\u0435\u0434\u043d\u044f \u043a\u043e\u043d\u0441\u0443\u043b\u044c\u0442\u0430\u0446\u0456\u044f, \u0430\u043b\u0435 \u0437 \u0434\u043e\u0434\u0430\u0442\u043a\u043e\u0432\u043e\u044e \u043f\u0456\u0434\u0442\u0440\u0438\u043c\u043a\u043e\u044e \u0442\u0430 \u0441\u0443\u043f\u0440\u043e\u0432\u043e\u0434\u043e\u043c \u043f\u0456\u0441\u043b\u044f \u043d\u0435\u0457.<\/p><\/div><\/div>\t\t<\/div>\n\t\t\t\t<\/div>\n\t\t\t\t<div class=\"elementor-element elementor-element-356dac3 elementor-widget elementor-widget-image-box\" data-id=\"356dac3\" data-element_type=\"widget\" data-widget_type=\"image-box.default\">\n\t\t\t\t<div class=\"elementor-widget-container\">\n\t\t\t<div class=\"elementor-image-box-wrapper\"><div class=\"elementor-image-box-content\"><h3 class=\"elementor-image-box-title\">4. \u0406\u043d\u0434\u0438\u0432\u0456\u0434\u0443\u0430\u043b\u044c\u043d\u0438\u0439 \u043f\u043b\u0430\u043d \u0445\u0430\u0440\u0447\u0443\u0432\u0430\u043d\u043d\u044f \u043d\u0430 10 \u0434\u043d\u0456\u0432 \u2013 1 000 \u043a\u0440\u043e\u043d (\u0443 \u043f\u0438\u0441\u044c\u043c\u043e\u0432\u0456\u0439 \u0444\u043e\u0440\u043c\u0456, \u0431\u0435\u0437 \u043a\u043e\u043d\u0441\u0443\u043b\u044c\u0442\u0430\u0446\u0456\u0457)<\/h3><p class=\"elementor-image-box-description\">\u041f\u043b\u0430\u043d \u0445\u0430\u0440\u0447\u0443\u0432\u0430\u043d\u043d\u044f \u043d\u0430 10 \u0434\u043d\u0456\u0432 \u0456\u0437 \u0441\u043d\u0456\u0434\u0430\u043d\u043a\u043e\u043c, \u043e\u0431\u0456\u0434\u043e\u043c, \u0432\u0435\u0447\u0435\u0440\u0435\u044e \u0442\u0430 \u0434\u0432\u043e\u043c\u0430 \u043f\u0435\u0440\u0435\u043a\u0443\u0441\u0430\u043c\u0438 \u043d\u0430 \u0434\u0435\u043d\u044c. \u0414\u043e\u043f\u043e\u043c\u0430\u0433\u0430\u0454 \u043e\u0434\u0440\u0430\u0437\u0443 \u043d\u0430\u0432\u0435\u0441\u0442\u0438 \u043b\u0430\u0434 \u0443 \u0449\u043e\u0434\u0435\u043d\u043d\u043e\u043c\u0443 \u0440\u0430\u0446\u0456\u043e\u043d\u0456.<\/p><\/div><\/div>\t\t<\/div>\n\t\t\t\t<\/div>\n\t\t\t\t<div class=\"elementor-element elementor-element-10ff5c9 elementor-align-justify elementor-widget elementor-widget-button\" data-id=\"10ff5c9\" data-element_type=\"widget\" data-widget_type=\"button.default\">\n\t\t\t\t<div class=\"elementor-widget-container\">\n\t\t\t\t\t<div class=\"elementor-button-wrapper\">\n\t\t\t<a class=\"elementor-button elementor-button-link elementor-size-sm\" href=\"https:\/\/pureclinic.valei.com\/services\/categories\/2362-konsultationer\" target=\"_blank\">\n\t\t\t\t\t\t<span class=\"elementor-button-content-wrapper\">\n\t\t\t\t\t\t\t\t\t<span class=\"elementor-button-text\">\u0417\u0430\u0431\u0440\u043e\u043d\u044e\u0432\u0430\u0442\u0438<\/span>\n\t\t\t\t\t<\/span>\n\t\t\t\t\t<\/a>\n\t\t<\/div>\n\t\t\t\t<\/div>\n\t\t\t\t<\/div>\n\t\t\t\t<div class=\"elementor-element elementor-element-12f25f1 elementor-align-justify elementor-widget elementor-widget-button\" data-id=\"12f25f1\" data-element_type=\"widget\" data-widget_type=\"button.default\">\n\t\t\t\t<div class=\"elementor-widget-container\">\n\t\t\t\t\t<div class=\"elementor-button-wrapper\">\n\t\t\t<a class=\"elementor-button elementor-button-link elementor-size-sm\" href=\"https:\/\/pureclinic.se\/ua\/holistisk-hud-och-halsokonsultation\/\">\n\t\t\t\t\t\t<span class=\"elementor-button-content-wrapper\">\n\t\t\t\t\t\t\t\t\t<span class=\"elementor-button-text\">\u041e\u043f\u0438\u0441 \u0442\u0430 \u0437\u0430\u043f\u0438\u0441 \u043d\u0430 \u043f\u0440\u0438\u0439\u043e\u043c<\/span>\n\t\t\t\t\t<\/span>\n\t\t\t\t\t<\/a>\n\t\t<\/div>\n\t\t\t\t<\/div>\n\t\t\t\t<\/div>\n\t\t\t\t<div class=\"elementor-element elementor-element-0573f55 elementor-align-justify elementor-widget elementor-widget-button\" data-id=\"0573f55\" data-element_type=\"widget\" data-widget_type=\"button.default\">\n\t\t\t\t<div class=\"elementor-widget-container\">\n\t\t\t\t\t<div class=\"elementor-button-wrapper\">\n\t\t\t<a class=\"elementor-button elementor-button-link elementor-size-sm\" href=\"https:\/\/pureclinic.se\/ua\/holistisk-hud-och-halsokonsultation\/\">\n\t\t\t\t\t\t<span class=\"elementor-button-content-wrapper\">\n\t\t\t\t\t\t\t\t\t<span class=\"elementor-button-text\">\u041e\u043f\u0438\u0441 \u0442\u0430 \u0437\u0430\u043f\u0438\u0441 \u043d\u0430 \u043f\u0440\u0438\u0439\u043e\u043c<\/span>\n\t\t\t\t\t<\/span>\n\t\t\t\t\t<\/a>\n\t\t<\/div>\n\t\t\t\t<\/div>\n\t\t\t\t<\/div>\n\t\t\t\t<div class=\"elementor-element elementor-element-8889c9d elementor-align-justify elementor-widget elementor-widget-button\" data-id=\"8889c9d\" data-element_type=\"widget\" data-widget_type=\"button.default\">\n\t\t\t\t<div class=\"elementor-widget-container\">\n\t\t\t\t\t<div class=\"elementor-button-wrapper\">\n\t\t\t<a class=\"elementor-button elementor-button-link elementor-size-sm\" href=\"https:\/\/pureclinic.se\/ua\/holistisk-hud-och-halsokonsultation\/\">\n\t\t\t\t\t\t<span class=\"elementor-button-content-wrapper\">\n\t\t\t\t\t\t\t\t\t<span class=\"elementor-button-text\">\u041e\u043f\u0438\u0441 \u0442\u0430 \u0437\u0430\u043f\u0438\u0441 \u043d\u0430 \u043f\u0440\u0438\u0439\u043e\u043c<\/span>\n\t\t\t\t\t<\/span>\n\t\t\t\t\t<\/a>\n\t\t<\/div>\n\t\t\t\t<\/div>\n\t\t\t\t<\/div>\n\t\t\t\t\t<\/div>\n\t\t\t\t<\/div>\n\t\t\t\t<\/div>","protected":false},"excerpt":{"rendered":"<p>\u041a\u043e\u043d\u0441\u0443\u043b\u044c\u0442\u0430\u0446\u0456\u044f \u0412\u0430\u0436\u043b\u0438\u0432\u0430 \u0456\u043d\u0444\u043e\u0440\u043c\u0430\u0446\u0456\u044f \u043f\u0435\u0440\u0435\u0434 \u0431\u0440\u043e\u043d\u044e\u0432\u0430\u043d\u043d\u044f\u043c - 30-\u0445\u0432\u0438\u043b\u0438\u043d\u043d\u0443 \u043a\u043e\u043d\u0441\u0443\u043b\u044c\u0442\u0430\u0446\u0456\u044e \u043c\u043e\u0436\u043d\u0430 \u0437\u0430\u0431\u0440\u043e\u043d\u044e\u0432\u0430\u0442\u0438 \u0437\u0430 24 \u0433\u043e\u0434\u0438\u043d\u0438 \u0434\u043e \u043f\u043e\u0447\u0430\u0442\u043a\u0443. - \u041d\u0430\u0448\u0456 \u0442\u0440\u0438 \u0431\u0456\u043b\u044c\u0448 \u043e\u0431'\u0454\u043c\u043d\u0456 \u043a\u043e\u043d\u0441\u0443\u043b\u044c\u0442\u0430\u0446\u0456\u0457 \u043f\u043e\u0442\u0440\u0456\u0431\u043d\u043e \u0437\u0430\u043c\u043e\u0432\u043b\u044f\u0442\u0438 \u0449\u043e\u043d\u0430\u0439\u043c\u0435\u043d\u0448\u0435 \u0437\u0430 \u0442\u0438\u0436\u0434\u0435\u043d\u044c, \u0449\u043e\u0431 \u0443 \u0432\u0430\u0441 \u0431\u0443\u0432 \u0447\u0430\u0441 \u0437\u0430\u043f\u043e\u0432\u043d\u0438\u0442\u0438 \u0430\u043d\u043a\u0435\u0442\u0443, \u0430 \u043c\u0438 \u043c\u043e\u0433\u043b\u0438 \u043f\u0456\u0434\u0433\u043e\u0442\u0443\u0432\u0430\u0442\u0438 \u043c\u0430\u0442\u0435\u0440\u0456\u0430\u043b. 1. \u041a\u043e\u043d\u0441\u0443\u043b\u044c\u0442\u0430\u0446\u0456\u044f 30 \u0445\u0432 - 300 \u0448\u0432\u0435\u0434\u0441\u044c\u043a\u0438\u0445 \u043a\u0440\u043e\u043d \u041a\u043e\u0440\u043e\u0442\u043a\u0430 \u043a\u043e\u043d\u0441\u0443\u043b\u044c\u0442\u0430\u0446\u0456\u044f, \u043f\u0456\u0434 \u0447\u0430\u0441 \u044f\u043a\u043e\u0457 \u043c\u0438 \u0440\u0430\u0437\u043e\u043c [...]...<\/p>","protected":false},"author":4,"featured_media":0,"parent":0,"menu_order":0,"comment_status":"closed","ping_status":"closed","template":"elementor_header_footer","meta":{"footnotes":""},"class_list":["post-3136","page","type-page","status-publish","hentry"],"yoast_head":"<!-- This site is optimized with the Yoast SEO plugin v21.7 - https:\/\/yoast.com\/wordpress\/plugins\/seo\/ -->\n<title>Konsultation - Pure Clinic - Sk\u00f6nhetsklinik i Stockholm Saltsj\u00f6baden<\/title>\n<meta name=\"robots\" content=\"index, follow, max-snippet:-1, max-image-preview:large, max-video-preview:-1\" \/>\n<link rel=\"canonical\" href=\"https:\/\/pureclinic.se\/ua\/konsultation\/\" \/>\n<meta property=\"og:locale\" content=\"uk_UA\" \/>\n<meta property=\"og:type\" content=\"article\" \/>\n<meta property=\"og:title\" content=\"Konsultation - Pure Clinic - Sk\u00f6nhetsklinik i Stockholm Saltsj\u00f6baden\" \/>\n<meta property=\"og:description\" content=\"Konsultation Viktig information inf\u00f6r bokning \u2022 Konsultation 30 min kan bokas fram till 24 timmar innan. \u2022 V\u00e5ra tre mer omfattande konsultationer beh\u00f6ver bokas minst en vecka i f\u00f6rv\u00e4g, s\u00e5 att du hinner fylla i ditt fr\u00e5geformul\u00e4r och vi kan f\u00f6rbereda materialet. 1. Konsultation 30 min \u2013 300 kr En kort konsultation d\u00e4r vi tillsammans [&hellip;]\" \/>\n<meta property=\"og:url\" content=\"https:\/\/pureclinic.se\/ua\/konsultation\/\" \/>\n<meta property=\"og:site_name\" content=\"Pure Clinic - Sk\u00f6nhetsklinik i Stockholm Saltsj\u00f6baden\" \/>\n<meta property=\"article:modified_time\" content=\"2025-09-11T13:19:55+00:00\" \/>\n<meta property=\"og:image\" content=\"https:\/\/pureclinic.se\/wp-content\/uploads\/2025\/09\/IMG_1120-scaled.jpeg\" \/>\n<meta name=\"twitter:card\" content=\"summary_large_image\" \/>\n<meta name=\"twitter:label1\" content=\"\u041f\u0440\u0438\u0431\u043b. \u0447\u0430\u0441 \u0447\u0438\u0442\u0430\u043d\u043d\u044f\" \/>\n\t<meta name=\"twitter:data1\" content=\"2 \u0445\u0432\u0438\u043b\u0438\u043d\u0438\" \/>\n<script type=\"application\/ld+json\" class=\"yoast-schema-graph\">{\"@context\":\"https:\/\/schema.org\",\"@graph\":[{\"@type\":\"WebPage\",\"@id\":\"https:\/\/pureclinic.se\/konsultation\/\",\"url\":\"https:\/\/pureclinic.se\/konsultation\/\",\"name\":\"Konsultation - Pure Clinic - Sk\u00f6nhetsklinik i Stockholm Saltsj\u00f6baden\",\"isPartOf\":{\"@id\":\"https:\/\/pureclinic.se\/en\/#website\"},\"datePublished\":\"2025-09-10T08:51:41+00:00\",\"dateModified\":\"2025-09-11T13:19:55+00:00\",\"breadcrumb\":{\"@id\":\"https:\/\/pureclinic.se\/konsultation\/#breadcrumb\"},\"inLanguage\":\"uk\",\"potentialAction\":[{\"@type\":\"ReadAction\",\"target\":[\"https:\/\/pureclinic.se\/konsultation\/\"]}]},{\"@type\":\"BreadcrumbList\",\"@id\":\"https:\/\/pureclinic.se\/konsultation\/#breadcrumb\",\"itemListElement\":[{\"@type\":\"ListItem\",\"position\":1,\"name\":\"Hem\",\"item\":\"https:\/\/pureclinic.se\/\"},{\"@type\":\"ListItem\",\"position\":2,\"name\":\"Konsultation\"}]},{\"@type\":\"WebSite\",\"@id\":\"https:\/\/pureclinic.se\/en\/#website\",\"url\":\"https:\/\/pureclinic.se\/en\/\",\"name\":\"Pure Clinic - Sk\u00f6nhetsklinik i Stockholm Saltsj\u00f6baden\",\"description\":\"Pure Clinic, H\u00e4r \u00e4r vi specialiserade p\u00e5 sk\u00f6nhetsbehandlingar av b\u00e5de ansikte och kropp. Vi har valt att satsa p\u00e5 exklusiva och effektiva maskiner, med h\u00f6g s\u00e4kerhet och ett gott rykte i branschen. Pure Clinic st\u00e5r f\u00f6r att vi enbart anv\u00e4nder oss av rena, ekologiska eller ofarliga produkter och tekniker.\",\"publisher\":{\"@id\":\"https:\/\/pureclinic.se\/en\/#organization\"},\"potentialAction\":[{\"@type\":\"SearchAction\",\"target\":{\"@type\":\"EntryPoint\",\"urlTemplate\":\"https:\/\/pureclinic.se\/en\/?s={search_term_string}\"},\"query-input\":\"required name=search_term_string\"}],\"inLanguage\":\"uk\"},{\"@type\":\"Organization\",\"@id\":\"https:\/\/pureclinic.se\/en\/#organization\",\"name\":\"Pure Clinic AB\",\"url\":\"https:\/\/pureclinic.se\/en\/\",\"logo\":{\"@type\":\"ImageObject\",\"inLanguage\":\"uk\",\"@id\":\"https:\/\/pureclinic.se\/en\/#\/schema\/logo\/image\/\",\"url\":\"https:\/\/pureclinic.se\/wp-content\/uploads\/2017\/07\/Pure-Clinic-Turkos-liten.png\",\"contentUrl\":\"https:\/\/pureclinic.se\/wp-content\/uploads\/2017\/07\/Pure-Clinic-Turkos-liten.png\",\"width\":878,\"height\":478,\"caption\":\"Pure Clinic AB\"},\"image\":{\"@id\":\"https:\/\/pureclinic.se\/en\/#\/schema\/logo\/image\/\"}}]}<\/script>\n<!-- \/ Yoast SEO plugin. -->","yoast_head_json":{"title":"Konsultation - Pure Clinic - Sk\u00f6nhetsklinik i Stockholm Saltsj\u00f6baden","robots":{"index":"index","follow":"follow","max-snippet":"max-snippet:-1","max-image-preview":"max-image-preview:large","max-video-preview":"max-video-preview:-1"},"canonical":"https:\/\/pureclinic.se\/ua\/konsultation\/","og_locale":"uk_UA","og_type":"article","og_title":"Konsultation - Pure Clinic - Sk\u00f6nhetsklinik i Stockholm Saltsj\u00f6baden","og_description":"Konsultation Viktig information inf\u00f6r bokning \u2022 Konsultation 30 min kan bokas fram till 24 timmar innan. \u2022 V\u00e5ra tre mer omfattande konsultationer beh\u00f6ver bokas minst en vecka i f\u00f6rv\u00e4g, s\u00e5 att du hinner fylla i ditt fr\u00e5geformul\u00e4r och vi kan f\u00f6rbereda materialet. 1. Konsultation 30 min \u2013 300 kr En kort konsultation d\u00e4r vi tillsammans [&hellip;]","og_url":"https:\/\/pureclinic.se\/ua\/konsultation\/","og_site_name":"Pure Clinic - Sk\u00f6nhetsklinik i Stockholm Saltsj\u00f6baden","article_modified_time":"2025-09-11T13:19:55+00:00","og_image":[{"url":"https:\/\/pureclinic.se\/wp-content\/uploads\/2025\/09\/IMG_1120-scaled.jpeg"}],"twitter_card":"summary_large_image","twitter_misc":{"\u041f\u0440\u0438\u0431\u043b. \u0447\u0430\u0441 \u0447\u0438\u0442\u0430\u043d\u043d\u044f":"2 \u0445\u0432\u0438\u043b\u0438\u043d\u0438"},"schema":{"@context":"https:\/\/schema.org","@graph":[{"@type":"WebPage","@id":"https:\/\/pureclinic.se\/konsultation\/","url":"https:\/\/pureclinic.se\/konsultation\/","name":"Konsultation - Pure Clinic - Sk\u00f6nhetsklinik i Stockholm Saltsj\u00f6baden","isPartOf":{"@id":"https:\/\/pureclinic.se\/en\/#website"},"datePublished":"2025-09-10T08:51:41+00:00","dateModified":"2025-09-11T13:19:55+00:00","breadcrumb":{"@id":"https:\/\/pureclinic.se\/konsultation\/#breadcrumb"},"inLanguage":"uk","potentialAction":[{"@type":"ReadAction","target":["https:\/\/pureclinic.se\/konsultation\/"]}]},{"@type":"BreadcrumbList","@id":"https:\/\/pureclinic.se\/konsultation\/#breadcrumb","itemListElement":[{"@type":"ListItem","position":1,"name":"Hem","item":"https:\/\/pureclinic.se\/"},{"@type":"ListItem","position":2,"name":"Konsultation"}]},{"@type":"WebSite","@id":"https:\/\/pureclinic.se\/en\/#website","url":"https:\/\/pureclinic.se\/en\/","name":"Pure Clinic - Sk\u00f6nhetsklinik i Stockholm Saltsj\u00f6baden","description":"Pure Clinic, H\u00e4r \u00e4r vi specialiserade p\u00e5 sk\u00f6nhetsbehandlingar av b\u00e5de ansikte och kropp. Vi har valt att satsa p\u00e5 exklusiva och effektiva maskiner, med h\u00f6g s\u00e4kerhet och ett gott rykte i branschen. Pure Clinic st\u00e5r f\u00f6r att vi enbart anv\u00e4nder oss av rena, ekologiska eller ofarliga produkter och tekniker.","publisher":{"@id":"https:\/\/pureclinic.se\/en\/#organization"},"potentialAction":[{"@type":"SearchAction","target":{"@type":"EntryPoint","urlTemplate":"https:\/\/pureclinic.se\/en\/?s={search_term_string}"},"query-input":"required name=search_term_string"}],"inLanguage":"uk"},{"@type":"Organization","@id":"https:\/\/pureclinic.se\/en\/#organization","name":"Pure Clinic AB","url":"https:\/\/pureclinic.se\/en\/","logo":{"@type":"ImageObject","inLanguage":"uk","@id":"https:\/\/pureclinic.se\/en\/#\/schema\/logo\/image\/","url":"https:\/\/pureclinic.se\/wp-content\/uploads\/2017\/07\/Pure-Clinic-Turkos-liten.png","contentUrl":"https:\/\/pureclinic.se\/wp-content\/uploads\/2017\/07\/Pure-Clinic-Turkos-liten.png","width":878,"height":478,"caption":"Pure Clinic AB"},"image":{"@id":"https:\/\/pureclinic.se\/en\/#\/schema\/logo\/image\/"}}]}},"_links":{"self":[{"href":"https:\/\/pureclinic.se\/ua\/wp-json\/wp\/v2\/pages\/3136"}],"collection":[{"href":"https:\/\/pureclinic.se\/ua\/wp-json\/wp\/v2\/pages"}],"about":[{"href":"https:\/\/pureclinic.se\/ua\/wp-json\/wp\/v2\/types\/page"}],"author":[{"embeddable":true,"href":"https:\/\/pureclinic.se\/ua\/wp-json\/wp\/v2\/users\/4"}],"replies":[{"embeddable":true,"href":"https:\/\/pureclinic.se\/ua\/wp-json\/wp\/v2\/comments?post=3136"}],"version-history":[{"count":22,"href":"https:\/\/pureclinic.se\/ua\/wp-json\/wp\/v2\/pages\/3136\/revisions"}],"predecessor-version":[{"id":3158,"href":"https:\/\/pureclinic.se\/ua\/wp-json\/wp\/v2\/pages\/3136\/revisions\/3158"}],"wp:attachment":[{"href":"https:\/\/pureclinic.se\/ua\/wp-json\/wp\/v2\/media?parent=3136"}],"curies":[{"name":"wp","href":"https:\/\/api.w.org\/{rel}","templated":true}]}}