{"id":762,"date":"2017-09-22T14:03:53","date_gmt":"2017-09-22T14:03:53","guid":{"rendered":"https:\/\/pureclinic.se\/?page_id=762"},"modified":"2017-11-15T18:40:04","modified_gmt":"2017-11-15T18:40:04","slug":"boka-tid","status":"publish","type":"page","link":"https:\/\/pureclinic.se\/ru\/boka-tid\/","title":{"rendered":"\u0417\u0430\u0431\u0440\u043e\u043d\u0438\u0440\u043e\u0432\u0430\u0442\u044c"},"content":{"rendered":"<p>[vc_row][vc_column][vcex_spacing size=&#8221;10px&#8221;][\/vc_column][\/vc_row][vc_row][vc_column][vc_column_text responsive_text=&#8221;true&#8221; text_align=&#8221;center&#8221; font_family=&#8221;Prata&#8221; color=&#8221;#81d7d1&#8243; font_size=&#8221;30&#8243; line_height=&#8221;35px&#8221;]Boka tid online[\/vc_column_text][vcex_spacing][vcex_divider align=&#8221;center&#8221; width=&#8221;20%&#8221; height=&#8221;1px&#8221;][\/vc_column][\/vc_row][vc_row full_height=&#8221;yes&#8221;][vc_column][vc_column_text]<iframe src=\"https:\/\/pureclinic.valei.com\" width=\"100%\" height=\"1000px\"><\/iframe>[\/vc_column_text][\/vc_column][\/vc_row][vc_row][vc_column][vcex_spacing][\/vc_column][\/vc_row]<\/p>","protected":false},"excerpt":{"rendered":"<p>[vc_row][vc_column][vcex_spacing size=&#8221;10px&#8221;][\/vc_column][\/vc_row][vc_row][vc_column][vc_column_text responsive_text=&#8221;true&#8221; text_align=&#8221;center&#8221; font_family=&#8221;Prata&#8221; color=&#8221;#81d7d1&#8243; font_size=&#8221;30&#8243; line_height=&#8221;35px&#8221;]Boka tid online[\/vc_column_text][vcex_spacing][vcex_divider align=&#8221;center&#8221; width=&#8221;20%&#8221; height=&#8221;1px&#8221;][\/vc_column][\/vc_row][vc_row full_height=&#8221;yes&#8221;][vc_column][vc_column_text][\/vc_column_text][\/vc_column][\/vc_row][vc_row][vc_column][vcex_spacing][\/vc_column][\/vc_row]<\/p>","protected":false},"author":1,"featured_media":0,"parent":0,"menu_order":0,"comment_status":"closed","ping_status":"closed","template":"","meta":{"footnotes":""},"class_list":["post-762","page","type-page","status-publish","hentry"],"yoast_head":"<!-- This site is optimized with the Yoast SEO plugin v21.7 - https:\/\/yoast.com\/wordpress\/plugins\/seo\/ -->\n<title>Boka tid online hos oss p\u00e5 Pure Clinic i Saltsj\u00f6baden Stockholm<\/title>\n<meta name=\"description\" content=\"Boka tid f\u00f6r permanent h\u00e5rborttagning, hudf\u00f6ryngring, tatueringsborttagning, mesoterapi, laserbehandling eller h\u00e4rliga ansiktspeelingar av olika slag\" \/>\n<meta name=\"robots\" content=\"index, follow, max-snippet:-1, max-image-preview:large, max-video-preview:-1\" \/>\n<link rel=\"canonical\" href=\"https:\/\/pureclinic.se\/ru\/boka-tid\/\" \/>\n<meta property=\"og:locale\" content=\"ru_RU\" \/>\n<meta property=\"og:type\" content=\"article\" \/>\n<meta property=\"og:title\" content=\"Boka tid online hos oss p\u00e5 Pure Clinic i Saltsj\u00f6baden Stockholm\" \/>\n<meta property=\"og:description\" content=\"Boka tid f\u00f6r permanent h\u00e5rborttagning, hudf\u00f6ryngring, tatueringsborttagning, mesoterapi, laserbehandling eller h\u00e4rliga ansiktspeelingar av olika slag\" \/>\n<meta property=\"og:url\" content=\"https:\/\/pureclinic.se\/ru\/boka-tid\/\" \/>\n<meta property=\"og:site_name\" content=\"Pure Clinic - Sk\u00f6nhetsklinik i Stockholm Saltsj\u00f6baden\" \/>\n<meta property=\"article:modified_time\" content=\"2017-11-15T18:40:04+00:00\" \/>\n<meta name=\"twitter:card\" content=\"summary_large_image\" \/>\n<script type=\"application\/ld+json\" class=\"yoast-schema-graph\">{\"@context\":\"https:\/\/schema.org\",\"@graph\":[{\"@type\":\"WebPage\",\"@id\":\"https:\/\/pureclinic.se\/ru\/boka-tid\/\",\"url\":\"https:\/\/pureclinic.se\/ru\/boka-tid\/\",\"name\":\"Boka tid online hos oss p\u00e5 Pure Clinic i Saltsj\u00f6baden Stockholm\",\"isPartOf\":{\"@id\":\"https:\/\/pureclinic.se\/en\/#website\"},\"datePublished\":\"2017-09-22T14:03:53+00:00\",\"dateModified\":\"2017-11-15T18:40:04+00:00\",\"description\":\"Boka tid f\u00f6r permanent h\u00e5rborttagning, hudf\u00f6ryngring, tatueringsborttagning, mesoterapi, laserbehandling eller h\u00e4rliga ansiktspeelingar av olika slag\",\"breadcrumb\":{\"@id\":\"https:\/\/pureclinic.se\/ru\/boka-tid\/#breadcrumb\"},\"inLanguage\":\"ru-RU\",\"potentialAction\":[{\"@type\":\"ReadAction\",\"target\":[\"https:\/\/pureclinic.se\/ru\/boka-tid\/\"]}]},{\"@type\":\"BreadcrumbList\",\"@id\":\"https:\/\/pureclinic.se\/ru\/boka-tid\/#breadcrumb\",\"itemListElement\":[{\"@type\":\"ListItem\",\"position\":1,\"name\":\"Hem\",\"item\":\"https:\/\/pureclinic.se\/\"},{\"@type\":\"ListItem\",\"position\":2,\"name\":\"Boka tid\"}]},{\"@type\":\"WebSite\",\"@id\":\"https:\/\/pureclinic.se\/en\/#website\",\"url\":\"https:\/\/pureclinic.se\/en\/\",\"name\":\"Pure Clinic - Sk\u00f6nhetsklinik i Stockholm Saltsj\u00f6baden\",\"description\":\"Pure Clinic, H\u00e4r \u00e4r vi specialiserade p\u00e5 sk\u00f6nhetsbehandlingar av b\u00e5de ansikte och kropp. Vi har valt att satsa p\u00e5 exklusiva och effektiva maskiner, med h\u00f6g s\u00e4kerhet och ett gott rykte i branschen. Pure Clinic st\u00e5r f\u00f6r att vi enbart anv\u00e4nder oss av rena, ekologiska eller ofarliga produkter och tekniker.\",\"publisher\":{\"@id\":\"https:\/\/pureclinic.se\/en\/#organization\"},\"potentialAction\":[{\"@type\":\"SearchAction\",\"target\":{\"@type\":\"EntryPoint\",\"urlTemplate\":\"https:\/\/pureclinic.se\/en\/?s={search_term_string}\"},\"query-input\":\"required name=search_term_string\"}],\"inLanguage\":\"ru-RU\"},{\"@type\":\"Organization\",\"@id\":\"https:\/\/pureclinic.se\/en\/#organization\",\"name\":\"Pure Clinic AB\",\"url\":\"https:\/\/pureclinic.se\/en\/\",\"logo\":{\"@type\":\"ImageObject\",\"inLanguage\":\"ru-RU\",\"@id\":\"https:\/\/pureclinic.se\/en\/#\/schema\/logo\/image\/\",\"url\":\"https:\/\/pureclinic.se\/wp-content\/uploads\/2017\/07\/Pure-Clinic-Turkos-liten.png\",\"contentUrl\":\"https:\/\/pureclinic.se\/wp-content\/uploads\/2017\/07\/Pure-Clinic-Turkos-liten.png\",\"width\":878,\"height\":478,\"caption\":\"Pure Clinic AB\"},\"image\":{\"@id\":\"https:\/\/pureclinic.se\/en\/#\/schema\/logo\/image\/\"}}]}<\/script>\n<!-- \/ Yoast SEO plugin. -->","yoast_head_json":{"title":"Boka tid online hos oss p\u00e5 Pure Clinic i Saltsj\u00f6baden Stockholm","description":"Boka tid f\u00f6r permanent h\u00e5rborttagning, hudf\u00f6ryngring, tatueringsborttagning, mesoterapi, laserbehandling eller h\u00e4rliga ansiktspeelingar av olika slag","robots":{"index":"index","follow":"follow","max-snippet":"max-snippet:-1","max-image-preview":"max-image-preview:large","max-video-preview":"max-video-preview:-1"},"canonical":"https:\/\/pureclinic.se\/ru\/boka-tid\/","og_locale":"ru_RU","og_type":"article","og_title":"Boka tid online hos oss p\u00e5 Pure Clinic i Saltsj\u00f6baden Stockholm","og_description":"Boka tid f\u00f6r permanent h\u00e5rborttagning, hudf\u00f6ryngring, tatueringsborttagning, mesoterapi, laserbehandling eller h\u00e4rliga ansiktspeelingar av olika slag","og_url":"https:\/\/pureclinic.se\/ru\/boka-tid\/","og_site_name":"Pure Clinic - Sk\u00f6nhetsklinik i Stockholm Saltsj\u00f6baden","article_modified_time":"2017-11-15T18:40:04+00:00","twitter_card":"summary_large_image","schema":{"@context":"https:\/\/schema.org","@graph":[{"@type":"WebPage","@id":"https:\/\/pureclinic.se\/ru\/boka-tid\/","url":"https:\/\/pureclinic.se\/ru\/boka-tid\/","name":"Boka tid online hos oss p\u00e5 Pure Clinic i Saltsj\u00f6baden Stockholm","isPartOf":{"@id":"https:\/\/pureclinic.se\/en\/#website"},"datePublished":"2017-09-22T14:03:53+00:00","dateModified":"2017-11-15T18:40:04+00:00","description":"Boka tid f\u00f6r permanent h\u00e5rborttagning, hudf\u00f6ryngring, tatueringsborttagning, mesoterapi, laserbehandling eller h\u00e4rliga ansiktspeelingar av olika slag","breadcrumb":{"@id":"https:\/\/pureclinic.se\/ru\/boka-tid\/#breadcrumb"},"inLanguage":"ru-RU","potentialAction":[{"@type":"ReadAction","target":["https:\/\/pureclinic.se\/ru\/boka-tid\/"]}]},{"@type":"BreadcrumbList","@id":"https:\/\/pureclinic.se\/ru\/boka-tid\/#breadcrumb","itemListElement":[{"@type":"ListItem","position":1,"name":"Hem","item":"https:\/\/pureclinic.se\/"},{"@type":"ListItem","position":2,"name":"Boka tid"}]},{"@type":"WebSite","@id":"https:\/\/pureclinic.se\/en\/#website","url":"https:\/\/pureclinic.se\/en\/","name":"Pure Clinic - Sk\u00f6nhetsklinik i Stockholm Saltsj\u00f6baden","description":"Pure Clinic, H\u00e4r \u00e4r vi specialiserade p\u00e5 sk\u00f6nhetsbehandlingar av b\u00e5de ansikte och kropp. Vi har valt att satsa p\u00e5 exklusiva och effektiva maskiner, med h\u00f6g s\u00e4kerhet och ett gott rykte i branschen. Pure Clinic st\u00e5r f\u00f6r att vi enbart anv\u00e4nder oss av rena, ekologiska eller ofarliga produkter och tekniker.","publisher":{"@id":"https:\/\/pureclinic.se\/en\/#organization"},"potentialAction":[{"@type":"SearchAction","target":{"@type":"EntryPoint","urlTemplate":"https:\/\/pureclinic.se\/en\/?s={search_term_string}"},"query-input":"required name=search_term_string"}],"inLanguage":"ru-RU"},{"@type":"Organization","@id":"https:\/\/pureclinic.se\/en\/#organization","name":"Pure Clinic AB","url":"https:\/\/pureclinic.se\/en\/","logo":{"@type":"ImageObject","inLanguage":"ru-RU","@id":"https:\/\/pureclinic.se\/en\/#\/schema\/logo\/image\/","url":"https:\/\/pureclinic.se\/wp-content\/uploads\/2017\/07\/Pure-Clinic-Turkos-liten.png","contentUrl":"https:\/\/pureclinic.se\/wp-content\/uploads\/2017\/07\/Pure-Clinic-Turkos-liten.png","width":878,"height":478,"caption":"Pure Clinic AB"},"image":{"@id":"https:\/\/pureclinic.se\/en\/#\/schema\/logo\/image\/"}}]}},"_links":{"self":[{"href":"https:\/\/pureclinic.se\/ru\/wp-json\/wp\/v2\/pages\/762"}],"collection":[{"href":"https:\/\/pureclinic.se\/ru\/wp-json\/wp\/v2\/pages"}],"about":[{"href":"https:\/\/pureclinic.se\/ru\/wp-json\/wp\/v2\/types\/page"}],"author":[{"embeddable":true,"href":"https:\/\/pureclinic.se\/ru\/wp-json\/wp\/v2\/users\/1"}],"replies":[{"embeddable":true,"href":"https:\/\/pureclinic.se\/ru\/wp-json\/wp\/v2\/comments?post=762"}],"version-history":[{"count":0,"href":"https:\/\/pureclinic.se\/ru\/wp-json\/wp\/v2\/pages\/762\/revisions"}],"wp:attachment":[{"href":"https:\/\/pureclinic.se\/ru\/wp-json\/wp\/v2\/media?parent=762"}],"curies":[{"name":"wp","href":"https:\/\/api.w.org\/{rel}","templated":true}]}}