{"id":528,"date":"2017-09-19T09:04:04","date_gmt":"2017-09-19T09:04:04","guid":{"rendered":"https:\/\/pureclinic.se\/?page_id=528"},"modified":"2026-02-04T20:49:20","modified_gmt":"2026-02-04T20:49:20","slug":"kroppskulptering","status":"publish","type":"page","link":"https:\/\/pureclinic.se\/ru\/kroppskulptering\/","title":{"rendered":"\u0421\u043a\u0443\u043b\u044c\u043f\u0442\u0443\u0440\u0438\u0440\u043e\u0432\u0430\u043d\u0438\u0435 \u0442\u0435\u043b\u0430"},"content":{"rendered":"<div data-elementor-type=\"wp-page\" data-elementor-id=\"528\" class=\"elementor elementor-528\" data-elementor-post-type=\"page\">\n\t\t\t\t<div class=\"elementor-element elementor-element-69f715f8 e-flex e-con-boxed e-con e-parent\" data-id=\"69f715f8\" data-element_type=\"container\">\n\t\t\t\t\t<div class=\"e-con-inner\">\n\t\t\t\t<div class=\"elementor-element elementor-element-17df27ff elementor-widget elementor-widget-heading\" data-id=\"17df27ff\" data-element_type=\"widget\" data-widget_type=\"heading.default\">\n\t\t\t\t<div class=\"elementor-widget-container\">\n\t\t\t<h2 class=\"elementor-heading-title elementor-size-default\">\u0421\u043a\u0443\u043b\u044c\u043f\u0442\u0443\u0440\u0438\u0440\u043e\u0432\u0430\u043d\u0438\u0435 \u0442\u0435\u043b\u0430<\/h2>\t\t<\/div>\n\t\t\t\t<\/div>\n\t\t\t\t<div class=\"elementor-element elementor-element-48671253 elementor-widget-divider--view-line elementor-widget elementor-widget-divider\" data-id=\"48671253\" data-element_type=\"widget\" data-widget_type=\"divider.default\">\n\t\t\t\t<div class=\"elementor-widget-container\">\n\t\t\t\t\t<div class=\"elementor-divider\">\n\t\t\t<span class=\"elementor-divider-separator\">\n\t\t\t\t\t\t<\/span>\n\t\t<\/div>\n\t\t\t\t<\/div>\n\t\t\t\t<\/div>\n\t\t\t\t\t<\/div>\n\t\t\t\t<\/div>\n\t\t<div class=\"elementor-element elementor-element-3b8304be e-flex e-con-boxed e-con e-parent\" data-id=\"3b8304be\" data-element_type=\"container\">\n\t\t\t\t\t<div class=\"e-con-inner\">\n\t\t\t\t<div class=\"elementor-element elementor-element-1879dbea elementor-widget elementor-widget-text-editor\" data-id=\"1879dbea\" data-element_type=\"widget\" data-widget_type=\"text-editor.default\">\n\t\t\t\t<div class=\"elementor-widget-container\">\n\t\t\t\t\t\t\t<p>\u041d\u043e\u0432\u044b\u0439 \u043c\u0435\u0442\u043e\u0434 \u0441 \u0438\u0441\u043f\u043e\u043b\u044c\u0437\u043e\u0432\u0430\u043d\u0438\u0435\u043c \u0438\u043d\u0444\u0440\u0430\u043a\u0440\u0430\u0441\u043d\u043e\u0433\u043e \u0442\u0435\u043f\u043b\u0430 \u0438 \u0443\u043b\u044c\u0442\u0440\u0430\u0437\u0432\u0443\u043a\u043e\u0432\u043e\u0439 \u043a\u0430\u0432\u0438\u0442\u0430\u0446\u0438\u0438 \u0434\u043b\u044f \u043a\u043e\u0440\u0440\u0435\u043a\u0446\u0438\u0438 \u0444\u0438\u0433\u0443\u0440\u044b \u0438 \u0438\u0437\u0431\u0430\u0432\u043b\u0435\u043d\u0438\u044f \u043e\u0442 \u0436\u0438\u0440\u043e\u0432\u044b\u0445 \u043e\u0442\u043b\u043e\u0436\u0435\u043d\u0438\u0439. \u0422\u0430\u043a\u043e\u0435 \u0441\u043e\u0447\u0435\u0442\u0430\u043d\u0438\u0435 \u043e\u043f\u0442\u0438\u043c\u0438\u0437\u0438\u0440\u0443\u0435\u0442 \u0440\u0435\u0437\u0443\u043b\u044c\u0442\u0430\u0442\u044b \u0443\u043c\u0435\u043d\u044c\u0448\u0435\u043d\u0438\u044f \u0434\u043e\u043b\u0438 \u0436\u0438\u0440\u0430 \u0432 \u0440\u0430\u0437\u043d\u044b\u0445 \u0443\u0447\u0430\u0441\u0442\u043a\u0430\u0445. \u041c\u0435\u0442\u043e\u0434\u0438\u043a\u0430 \u0438\u0441\u043f\u043e\u043b\u044c\u0437\u0443\u0435\u0442\u0441\u044f \u0434\u043b\u044f \u043c\u043e\u0434\u0435\u043b\u0438\u0440\u043e\u0432\u0430\u043d\u0438\u044f \u0438 \u0441\u043a\u0443\u043b\u044c\u043f\u0442\u0443\u0440\u0438\u0440\u043e\u0432\u0430\u043d\u0438\u044f \u0442\u0435\u043b\u0430 \u0438 \u044f\u0432\u043b\u044f\u0435\u0442\u0441\u044f \u043d\u0435\u0445\u0438\u0440\u0443\u0440\u0433\u0438\u0447\u0435\u0441\u043a\u043e\u0439 \u0430\u043b\u044c\u0442\u0435\u0440\u043d\u0430\u0442\u0438\u0432\u043e\u0439 \u043b\u0438\u043f\u043e\u0441\u0430\u043a\u0446\u0438\u0438. \u041e\u0431\u0440\u0430\u0442\u0438\u0442\u0435 \u0432\u043d\u0438\u043c\u0430\u043d\u0438\u0435, \u0447\u0442\u043e \u044d\u0442\u043e\u0442 \u043c\u0435\u0442\u043e\u0434 \u043d\u0435 \u0437\u0430\u043c\u0435\u043d\u044f\u0435\u0442 \u0444\u0438\u0437\u0438\u0447\u0435\u0441\u043a\u0438\u0435 \u0443\u043f\u0440\u0430\u0436\u043d\u0435\u043d\u0438\u044f \u0438 \u043f\u0440\u0430\u0432\u0438\u043b\u044c\u043d\u043e\u0435 \u043f\u0438\u0442\u0430\u043d\u0438\u0435. \u041b\u0443\u0447\u0448\u0435 \u0432\u0441\u0435\u0433\u043e \u043f\u043e\u0434\u0445\u043e\u0434\u0438\u0442 \u0434\u043b\u044f \u0437\u043e\u043d\u044b \u0431\u0435\u0434\u0435\u0440, \u0436\u0438\u0432\u043e\u0442\u0430, \u044f\u0433\u043e\u0434\u0438\u0446 \u0438 \u043f\u043b\u0435\u0447.<\/p><p>\u041c\u044b \u0443\u043c\u0435\u043d\u044c\u0448\u0430\u0435\u043c \u0436\u0438\u0440\u043e\u0432\u044b\u0435 \u043e\u0442\u043b\u043e\u0436\u0435\u043d\u0438\u044f \u0441 \u043f\u043e\u043c\u043e\u0449\u044c\u044e \u0430\u043f\u043f\u0430\u0440\u0430\u0442\u0430 M3, \u043a\u043e\u0442\u043e\u0440\u044b\u0439 \u044f\u0432\u043b\u044f\u0435\u0442\u0441\u044f \u0443\u043d\u0438\u0432\u0435\u0440\u0441\u0430\u043b\u044c\u043d\u044b\u043c \u043e\u0431\u043e\u0440\u0443\u0434\u043e\u0432\u0430\u043d\u0438\u0435\u043c \u0434\u043b\u044f \u043f\u0440\u043e\u0446\u0435\u0434\u0443\u0440 \u043a\u0430\u043a \u0434\u043b\u044f \u0442\u0435\u043b\u0430, \u0442\u0430\u043a \u0438 \u0434\u043b\u044f \u043b\u0438\u0446\u0430. \u041c\u044b \u043f\u0440\u0435\u0434\u043b\u0430\u0433\u0430\u0435\u043c 8 \u0440\u0430\u0437\u043b\u0438\u0447\u043d\u044b\u0445 \u043d\u0430\u0441\u0430\u0434\u043e\u043a\/\u0444\u0443\u043d\u043a\u0446\u0438\u0439, \u0442\u0430\u043a\u0438\u0445 \u043a\u0430\u043a \u0440\u0430\u0434\u0438\u043e\u0447\u0430\u0441\u0442\u043e\u0442\u0430, \u0443\u043b\u044c\u0442\u0440\u0430\u0437\u0432\u0443\u043a, \u043a\u0430\u0432\u0438\u0442\u0430\u0446\u0438\u044f, \u043c\u0435\u0437\u043e\u0442\u0435\u0440\u0430\u043f\u0438\u044f \u0438 \u0442.\u0434.<\/p>\t\t\t\t\t\t<\/div>\n\t\t\t\t<\/div>\n\t\t\t\t\t<\/div>\n\t\t\t\t<\/div>\n\t\t<div class=\"elementor-element elementor-element-3ea791fb e-flex e-con-boxed e-con e-parent\" data-id=\"3ea791fb\" data-element_type=\"container\" data-settings=\"{&quot;background_background&quot;:&quot;classic&quot;,&quot;background_motion_fx_motion_fx_scrolling&quot;:&quot;yes&quot;,&quot;background_motion_fx_translateY_effect&quot;:&quot;yes&quot;,&quot;background_motion_fx_translateY_speed&quot;:{&quot;unit&quot;:&quot;px&quot;,&quot;size&quot;:10,&quot;sizes&quot;:[]},&quot;background_motion_fx_translateY_affectedRange&quot;:{&quot;unit&quot;:&quot;%&quot;,&quot;size&quot;:&quot;&quot;,&quot;sizes&quot;:{&quot;start&quot;:0,&quot;end&quot;:100}},&quot;background_motion_fx_devices&quot;:[&quot;desktop&quot;,&quot;tablet&quot;,&quot;mobile_extra&quot;,&quot;mobile&quot;]}\">\n\t\t\t\t\t<div class=\"e-con-inner\">\n\t\t\t\t\t<\/div>\n\t\t\t\t<\/div>\n\t\t<div class=\"elementor-element elementor-element-3b0b769d e-flex e-con-boxed e-con e-parent\" data-id=\"3b0b769d\" data-element_type=\"container\">\n\t\t\t\t\t<div class=\"e-con-inner\">\n\t\t\t\t<div class=\"elementor-element elementor-element-736f4d29 elementor-widget elementor-widget-heading\" data-id=\"736f4d29\" data-element_type=\"widget\" data-widget_type=\"heading.default\">\n\t\t\t\t<div class=\"elementor-widget-container\">\n\t\t\t<h2 class=\"elementor-heading-title elementor-size-default\">\u041d\u0430\u0448\u0438 \u0446\u0435\u043d\u044b\n\n<\/h2>\t\t<\/div>\n\t\t\t\t<\/div>\n\t\t\t\t<div class=\"elementor-element elementor-element-2caa8bab elementor-widget-divider--view-line elementor-widget elementor-widget-divider\" data-id=\"2caa8bab\" data-element_type=\"widget\" data-widget_type=\"divider.default\">\n\t\t\t\t<div class=\"elementor-widget-container\">\n\t\t\t\t\t<div class=\"elementor-divider\">\n\t\t\t<span class=\"elementor-divider-separator\">\n\t\t\t\t\t\t<\/span>\n\t\t<\/div>\n\t\t\t\t<\/div>\n\t\t\t\t<\/div>\n\t\t\t\t<div class=\"elementor-element elementor-element-67b26eb9 elementor-widget elementor-widget-heading\" data-id=\"67b26eb9\" data-element_type=\"widget\" data-widget_type=\"heading.default\">\n\t\t\t\t<div class=\"elementor-widget-container\">\n\t\t\t<h2 class=\"elementor-heading-title elementor-size-default\">\u0421\u043a\u0443\u043b\u044c\u043f\u0442\u0443\u0440\u0438\u0440\u043e\u0432\u0430\u043d\u0438\u0435 \u0442\u0435\u043b\u0430<\/h2>\t\t<\/div>\n\t\t\t\t<\/div>\n\t\t\t\t<div class=\"elementor-element elementor-element-6b881c26 elementor-widget elementor-widget-price-list\" data-id=\"6b881c26\" data-element_type=\"widget\" data-widget_type=\"price-list.default\">\n\t\t\t\t<div class=\"elementor-widget-container\">\n\t\t\t\n\t\t<ul class=\"elementor-price-list\">\n\n\t\t\t\t\t\t\t\t\t<li><a class=\"elementor-price-list-item\" href=\"#\">\t\t\t\t\n\t\t\t\t<div class=\"elementor-price-list-text\">\n\t\t\t\t\t\t\t\t\t<div class=\"elementor-price-list-header\">\n\t\t\t\t\t\t\t\t\t\t\t<span class=\"elementor-price-list-title\">\n\t\t\t\t\t\t\t\u0421\u043a\u0443\u043b\u044c\u043f\u0442\u0443\u0440\u0438\u0440\u043e\u0432\u0430\u043d\u0438\u0435 \u0442\u0435\u043b\u0430 \u0438\u043d\u0444\u0440\u0430\u043a\u0440\u0430\u0441\u043d\u044b\u043c \u0442\u0435\u043f\u043b\u043e\u043c, \u043a\u0430\u0432\u0438\u0442\u0430\u0446\u0438\u044f 80 \u043c\u0438\u043d\t\t\t\t\t\t<\/span>\n\t\t\t\t\t\t\t\t\t\t\t\t\t\t\t\t\t\t\t\t\t\t\t\t<span class=\"elementor-price-list-price\">1900:-<\/span>\n\t\t\t\t\t\t\t\t\t\t<\/div>\n\t\t\t\t\t\t\t\t\t\t\t\t<\/div>\n\t\t\t\t<\/a><\/li>\t\t\t\t\t\t\t\t\t\t\t\t<li><a class=\"elementor-price-list-item\" href=\"#\">\t\t\t\t\n\t\t\t\t<div class=\"elementor-price-list-text\">\n\t\t\t\t\t\t\t\t\t<div class=\"elementor-price-list-header\">\n\t\t\t\t\t\t\t\t\t\t\t<span class=\"elementor-price-list-title\">\n\t\t\t\t\t\t\t\u0421\u043a\u0443\u043b\u044c\u043f\u0442\u0443\u0440\u0438\u0440\u043e\u0432\u0430\u043d\u0438\u0435 \u0442\u0435\u043b\u0430 \u0438\u043d\u0444\u0440\u0430\u043a\u0440\u0430\u0441\u043d\u044b\u043c \u0442\u0435\u043f\u043b\u043e\u043c, \u043a\u0430\u0432\u0438\u0442\u0430\u0446\u0438\u044f 80 \u043c\u0438\u043d, \u043a\u0443\u0440\u0441 \u0438\u0437 3-\u0445 \u043f\u0440\u043e\u0446\u0435\u0434\u0443\u0440\t\t\t\t\t\t<\/span>\n\t\t\t\t\t\t\t\t\t\t\t\t\t\t\t\t\t\t\t\t\t\t\t\t<span class=\"elementor-price-list-price\"><span class=\"before\">5 700:- <\/span> 4 845:-  <\/span>\n\t\t\t\t\t\t\t\t\t\t<\/div>\n\t\t\t\t\t\t\t\t\t\t\t\t<\/div>\n\t\t\t\t<\/a><\/li>\t\t\t\t\t\t\t\t\t\t\t\t<li><a class=\"elementor-price-list-item\" href=\"#\">\t\t\t\t\n\t\t\t\t<div class=\"elementor-price-list-text\">\n\t\t\t\t\t\t\t\t\t<div class=\"elementor-price-list-header\">\n\t\t\t\t\t\t\t\t\t\t\t<span class=\"elementor-price-list-title\">\n\t\t\t\t\t\t\t\u0421\u043a\u0443\u043b\u044c\u043f\u0442\u0443\u0440\u0438\u0440\u043e\u0432\u0430\u043d\u0438\u0435 \u0442\u0435\u043b\u0430 \u0438\u043d\u0444\u0440\u0430\u043a\u0440\u0430\u0441\u043d\u044b\u043c \u0442\u0435\u043f\u043b\u043e\u043c, \u043a\u0430\u0432\u0438\u0442\u0430\u0446\u0438\u044f 80 \u043c\u0438\u043d, \u043a\u0443\u0440\u0441 \u0438\u0437 5-\u0438 \u043f\u0440\u043e\u0446\u0435\u0434\u0443\u0440\t\t\t\t\t\t<\/span>\n\t\t\t\t\t\t\t\t\t\t\t\t\t\t\t\t\t\t\t\t\t\t\t\t<span class=\"elementor-price-list-price\"><span class=\"before\">9 500:- <\/span> 7 600:-  <\/span>\n\t\t\t\t\t\t\t\t\t\t<\/div>\n\t\t\t\t\t\t\t\t\t\t\t\t<\/div>\n\t\t\t\t<\/a><\/li>\t\t\t\t\t\n\t\t<\/ul>\n\n\t\t\t\t<\/div>\n\t\t\t\t<\/div>\n\t\t\t\t<div class=\"elementor-element elementor-element-14ef65d3 elementor-widget elementor-widget-heading\" data-id=\"14ef65d3\" data-element_type=\"widget\" data-widget_type=\"heading.default\">\n\t\t\t\t<div class=\"elementor-widget-container\">\n\t\t\t<h2 class=\"elementor-heading-title elementor-size-default\">\u0423\u0445\u043e\u0434 \u0437\u0430 \u0442\u0435\u043b\u043e\u043c \u0441\u043e 100% \u043d\u0430\u0442\u0443\u0440\u0430\u043b\u044c\u043d\u044b\u043c\u0438 \u043c\u0430\u0441\u043b\u0430\u043c\u0438. \u041f\u0440\u043e\u0446\u0435\u0434\u0443\u0440\u0430 \u0432\u043a\u043b\u044e\u0447\u0430\u0435\u0442: \u0438\u043d\u0444\u0440\u0430\u043a\u0440\u0430\u0441\u043d\u043e\u0435 \u0442\u0435\u043f\u043b\u043e, \u0443\u043b\u044c\u0442\u0440\u0430\u0437\u0432\u0443\u043a\u043e\u0432\u0443\u044e \u043a\u0430\u0432\u0438\u0442\u0430\u0446\u0438\u044e, \u0440\u0430\u0437\u043e\u0433\u0440\u0435\u0432\u0430\u044e\u0449\u0435\u0435 \u043c\u0430\u0441\u043b\u043e \u0434\u043b\u044f \u0441\u0442\u0438\u043c\u0443\u043b\u044f\u0446\u0438\u0438 \u043b\u0438\u043c\u0444\u043e\u043e\u0431\u0440\u0430\u0449\u0435\u043d\u0438\u044f (\u043c\u0430\u0441\u0441\u0430\u0436\u043d\u043e\u0435 \u043c\u0430\u0441\u043b\u043e \u0441 \u043a\u0430\u0440\u0434\u0430\u043c\u043e\u043d\u043e\u043c), \u0434\u0435\u0440\u043c\u043e\u043c\u0430\u0441\u0441\u0430\u0436.<\/h2>\t\t<\/div>\n\t\t\t\t<\/div>\n\t\t\t\t<div class=\"elementor-element elementor-element-2228fe4c elementor-align-right elementor-widget elementor-widget-button\" data-id=\"2228fe4c\" data-element_type=\"widget\" data-widget_type=\"button.default\">\n\t\t\t\t<div class=\"elementor-widget-container\">\n\t\t\t\t\t<div class=\"elementor-button-wrapper\">\n\t\t\t<a class=\"elementor-button elementor-button-link elementor-size-sm\" href=\"https:\/\/pureclinic.valei.com\/services\/categories\/2391-kroppsbehandlingar?_gl=1*1ag6m41*_gcl_au*NzQ1ODMwMjcuMTcyNTEwNDgwOA..*_ga*MjUyNTI3ODY1LjE3MjUxMDQ4MDg.*_ga_0D6F0K0J9C*MTcyNjI4OTI0OS4xMy4xLjE3MjYyODk4NzQuMC4wLjA.\">\n\t\t\t\t\t\t<span class=\"elementor-button-content-wrapper\">\n\t\t\t\t\t\t\t\t\t<span class=\"elementor-button-text\">\u0417\u0430\u0431\u0440\u043e\u043d\u0438\u0440\u043e\u0432\u0430\u0442\u044c<\/span>\n\t\t\t\t\t<\/span>\n\t\t\t\t\t<\/a>\n\t\t<\/div>\n\t\t\t\t<\/div>\n\t\t\t\t<\/div>\n\t\t\t\t\t<\/div>\n\t\t\t\t<\/div>\n\t\t\t\t<\/div>","protected":false},"excerpt":{"rendered":"<p>\u0421\u043a\u0443\u043b\u044c\u043f\u0442\u0443\u0440\u0438\u0440\u043e\u0432\u0430\u043d\u0438\u0435 \u0442\u0435\u043b\u0430 \u041d\u043e\u0432\u044b\u0439 \u043c\u0435\u0442\u043e\u0434 \u0441 \u0438\u0441\u043f\u043e\u043b\u044c\u0437\u043e\u0432\u0430\u043d\u0438\u0435\u043c \u0438\u043d\u0444\u0440\u0430\u043a\u0440\u0430\u0441\u043d\u043e\u0433\u043e \u0441\u0432\u0435\u0442\u0430 \u0438 \u0443\u043b\u044c\u0442\u0440\u0430\u0437\u0432\u0443\u043a\u043e\u0432\u043e\u0439 \u043a\u0430\u0432\u0438\u0442\u0430\u0446\u0438\u0438 \u0434\u043b\u044f \u0441\u043a\u0443\u043b\u044c\u043f\u0442\u0443\u0440\u0438\u0440\u043e\u0432\u0430\u043d\u0438\u044f \u0442\u0435\u043b\u0430 \u0438 \u0438\u0437\u0431\u0430\u0432\u043b\u0435\u043d\u0438\u044f \u043e\u0442 \u0443\u043f\u0440\u044f\u043c\u044b\u0445 \u0436\u0438\u0440\u043e\u0432\u044b\u0445 \u043e\u0442\u043b\u043e\u0436\u0435\u043d\u0438\u0439. \u0422\u0430\u043a\u043e\u0435 \u0441\u043e\u0447\u0435\u0442\u0430\u043d\u0438\u0435 \u043e\u043f\u0442\u0438\u043c\u0438\u0437\u0438\u0440\u0443\u0435\u0442 \u0440\u0435\u0437\u0443\u043b\u044c\u0442\u0430\u0442\u044b \u0443\u043c\u0435\u043d\u044c\u0448\u0435\u043d\u0438\u044f \u0436\u0438\u0440\u043e\u0432\u044b\u0445 \u043e\u0442\u043b\u043e\u0436\u0435\u043d\u0438\u0439 \u0432 \u0440\u0430\u0437\u043d\u044b\u0445 \u0437\u043e\u043d\u0430\u0445. \u042d\u0442\u0430 \u0442\u0435\u0445\u043d\u0438\u043a\u0430 \u0438\u0441\u043f\u043e\u043b\u044c\u0437\u0443\u0435\u0442\u0441\u044f \u0434\u043b\u044f \u043f\u0440\u0438\u0434\u0430\u043d\u0438\u044f \u0442\u0435\u043b\u0443 \u0444\u043e\u0440\u043c\u044b \u0438 \u0441\u043a\u0443\u043b\u044c\u043f\u0442\u0443\u0440\u044b. \u042d\u0442\u043e \u043d\u0435\u0445\u0438\u0440\u0443\u0440\u0433\u0438\u0447\u0435\u0441\u043a\u0430\u044f \u043b\u0438\u043f\u043e\u0441\u0430\u043a\u0446\u0438\u044f, \u043d\u043e \u043e\u043d\u0430 \u043c\u043e\u0436\u0435\u0442 \u0431\u044b\u0442\u044c \u0445\u043e\u0440\u043e\u0448\u0435\u0439 \u0430\u043b\u044c\u0442\u0435\u0440\u043d\u0430\u0442\u0438\u0432\u043e\u0439. \u041f\u0440\u043e\u0446\u0435\u0434\u0443\u0440\u0430 \u0443\u043c\u0435\u043d\u044c\u0448\u0430\u0435\u0442 \u043d\u0430\u043a\u043e\u043f\u043b\u0435\u043d\u043d\u044b\u0439 \u0436\u0438\u0440 \u0432 \u043e\u043f\u0440\u0435\u0434\u0435\u043b\u0435\u043d\u043d\u044b\u0445 \u0437\u043e\u043d\u0430\u0445 [...].<\/p>","protected":false},"author":1,"featured_media":0,"parent":0,"menu_order":0,"comment_status":"closed","ping_status":"closed","template":"elementor_header_footer","meta":{"footnotes":""},"class_list":["post-528","page","type-page","status-publish","hentry"],"yoast_head":"<!-- This site is optimized with the Yoast SEO plugin v21.7 - https:\/\/yoast.com\/wordpress\/plugins\/seo\/ -->\n<title>Kroppskulptering hos Pure Clinic med Ultraljudskavitation<\/title>\n<meta name=\"description\" content=\"Kroppskulptering som \u00e4r sv\u00e5ra att bli av med behandlar vi med fettreducering med ultraljudskavitation. Vi kan utf\u00f6ra fettreducering p\u00e5 kropp och ansikte\" \/>\n<meta name=\"robots\" content=\"index, follow, max-snippet:-1, max-image-preview:large, max-video-preview:-1\" \/>\n<link rel=\"canonical\" href=\"https:\/\/pureclinic.se\/ru\/kroppskulptering\/\" \/>\n<meta property=\"og:locale\" content=\"ru_RU\" \/>\n<meta property=\"og:type\" content=\"article\" \/>\n<meta property=\"og:title\" content=\"Kroppskulptering hos Pure Clinic med Ultraljudskavitation\" \/>\n<meta property=\"og:description\" content=\"Kroppskulptering som \u00e4r sv\u00e5ra att bli av med behandlar vi med fettreducering med ultraljudskavitation. Vi kan utf\u00f6ra fettreducering p\u00e5 kropp och ansikte\" \/>\n<meta property=\"og:url\" content=\"https:\/\/pureclinic.se\/ru\/kroppskulptering\/\" \/>\n<meta property=\"og:site_name\" content=\"Pure Clinic - Sk\u00f6nhetsklinik i Stockholm Saltsj\u00f6baden\" \/>\n<meta property=\"article:modified_time\" content=\"2026-02-04T20:49:20+00:00\" \/>\n<meta name=\"twitter:card\" content=\"summary_large_image\" \/>\n<meta name=\"twitter:label1\" content=\"\u041f\u0440\u0438\u043c\u0435\u0440\u043d\u043e\u0435 \u0432\u0440\u0435\u043c\u044f \u0434\u043b\u044f \u0447\u0442\u0435\u043d\u0438\u044f\" \/>\n\t<meta name=\"twitter:data1\" content=\"1 \u043c\u0438\u043d\u0443\u0442\u0430\" \/>\n<script type=\"application\/ld+json\" class=\"yoast-schema-graph\">{\"@context\":\"https:\/\/schema.org\",\"@graph\":[{\"@type\":\"WebPage\",\"@id\":\"https:\/\/pureclinic.se\/kroppskulptering\/\",\"url\":\"https:\/\/pureclinic.se\/kroppskulptering\/\",\"name\":\"Kroppskulptering hos Pure Clinic med Ultraljudskavitation\",\"isPartOf\":{\"@id\":\"https:\/\/pureclinic.se\/en\/#website\"},\"datePublished\":\"2017-09-19T09:04:04+00:00\",\"dateModified\":\"2026-02-04T20:49:20+00:00\",\"description\":\"Kroppskulptering som \u00e4r sv\u00e5ra att bli av med behandlar vi med fettreducering med ultraljudskavitation. Vi kan utf\u00f6ra fettreducering p\u00e5 kropp och ansikte\",\"breadcrumb\":{\"@id\":\"https:\/\/pureclinic.se\/kroppskulptering\/#breadcrumb\"},\"inLanguage\":\"ru-RU\",\"potentialAction\":[{\"@type\":\"ReadAction\",\"target\":[\"https:\/\/pureclinic.se\/kroppskulptering\/\"]}]},{\"@type\":\"BreadcrumbList\",\"@id\":\"https:\/\/pureclinic.se\/kroppskulptering\/#breadcrumb\",\"itemListElement\":[{\"@type\":\"ListItem\",\"position\":1,\"name\":\"Hem\",\"item\":\"https:\/\/pureclinic.se\/\"},{\"@type\":\"ListItem\",\"position\":2,\"name\":\"Kroppsskulptering\"}]},{\"@type\":\"WebSite\",\"@id\":\"https:\/\/pureclinic.se\/en\/#website\",\"url\":\"https:\/\/pureclinic.se\/en\/\",\"name\":\"Pure Clinic - Sk\u00f6nhetsklinik i Stockholm Saltsj\u00f6baden\",\"description\":\"Pure Clinic, H\u00e4r \u00e4r vi specialiserade p\u00e5 sk\u00f6nhetsbehandlingar av b\u00e5de ansikte och kropp. Vi har valt att satsa p\u00e5 exklusiva och effektiva maskiner, med h\u00f6g s\u00e4kerhet och ett gott rykte i branschen. Pure Clinic st\u00e5r f\u00f6r att vi enbart anv\u00e4nder oss av rena, ekologiska eller ofarliga produkter och tekniker.\",\"publisher\":{\"@id\":\"https:\/\/pureclinic.se\/en\/#organization\"},\"potentialAction\":[{\"@type\":\"SearchAction\",\"target\":{\"@type\":\"EntryPoint\",\"urlTemplate\":\"https:\/\/pureclinic.se\/en\/?s={search_term_string}\"},\"query-input\":\"required name=search_term_string\"}],\"inLanguage\":\"ru-RU\"},{\"@type\":\"Organization\",\"@id\":\"https:\/\/pureclinic.se\/en\/#organization\",\"name\":\"Pure Clinic AB\",\"url\":\"https:\/\/pureclinic.se\/en\/\",\"logo\":{\"@type\":\"ImageObject\",\"inLanguage\":\"ru-RU\",\"@id\":\"https:\/\/pureclinic.se\/en\/#\/schema\/logo\/image\/\",\"url\":\"https:\/\/pureclinic.se\/wp-content\/uploads\/2017\/07\/Pure-Clinic-Turkos-liten.png\",\"contentUrl\":\"https:\/\/pureclinic.se\/wp-content\/uploads\/2017\/07\/Pure-Clinic-Turkos-liten.png\",\"width\":878,\"height\":478,\"caption\":\"Pure Clinic AB\"},\"image\":{\"@id\":\"https:\/\/pureclinic.se\/en\/#\/schema\/logo\/image\/\"}}]}<\/script>\n<!-- \/ Yoast SEO plugin. -->","yoast_head_json":{"title":"Kroppskulptering hos Pure Clinic med Ultraljudskavitation","description":"Kroppskulptering som \u00e4r sv\u00e5ra att bli av med behandlar vi med fettreducering med ultraljudskavitation. Vi kan utf\u00f6ra fettreducering p\u00e5 kropp och ansikte","robots":{"index":"index","follow":"follow","max-snippet":"max-snippet:-1","max-image-preview":"max-image-preview:large","max-video-preview":"max-video-preview:-1"},"canonical":"https:\/\/pureclinic.se\/ru\/kroppskulptering\/","og_locale":"ru_RU","og_type":"article","og_title":"Kroppskulptering hos Pure Clinic med Ultraljudskavitation","og_description":"Kroppskulptering som \u00e4r sv\u00e5ra att bli av med behandlar vi med fettreducering med ultraljudskavitation. Vi kan utf\u00f6ra fettreducering p\u00e5 kropp och ansikte","og_url":"https:\/\/pureclinic.se\/ru\/kroppskulptering\/","og_site_name":"Pure Clinic - Sk\u00f6nhetsklinik i Stockholm Saltsj\u00f6baden","article_modified_time":"2026-02-04T20:49:20+00:00","twitter_card":"summary_large_image","twitter_misc":{"\u041f\u0440\u0438\u043c\u0435\u0440\u043d\u043e\u0435 \u0432\u0440\u0435\u043c\u044f \u0434\u043b\u044f \u0447\u0442\u0435\u043d\u0438\u044f":"1 \u043c\u0438\u043d\u0443\u0442\u0430"},"schema":{"@context":"https:\/\/schema.org","@graph":[{"@type":"WebPage","@id":"https:\/\/pureclinic.se\/kroppskulptering\/","url":"https:\/\/pureclinic.se\/kroppskulptering\/","name":"Kroppskulptering hos Pure Clinic med Ultraljudskavitation","isPartOf":{"@id":"https:\/\/pureclinic.se\/en\/#website"},"datePublished":"2017-09-19T09:04:04+00:00","dateModified":"2026-02-04T20:49:20+00:00","description":"Kroppskulptering som \u00e4r sv\u00e5ra att bli av med behandlar vi med fettreducering med ultraljudskavitation. Vi kan utf\u00f6ra fettreducering p\u00e5 kropp och ansikte","breadcrumb":{"@id":"https:\/\/pureclinic.se\/kroppskulptering\/#breadcrumb"},"inLanguage":"ru-RU","potentialAction":[{"@type":"ReadAction","target":["https:\/\/pureclinic.se\/kroppskulptering\/"]}]},{"@type":"BreadcrumbList","@id":"https:\/\/pureclinic.se\/kroppskulptering\/#breadcrumb","itemListElement":[{"@type":"ListItem","position":1,"name":"Hem","item":"https:\/\/pureclinic.se\/"},{"@type":"ListItem","position":2,"name":"Kroppsskulptering"}]},{"@type":"WebSite","@id":"https:\/\/pureclinic.se\/en\/#website","url":"https:\/\/pureclinic.se\/en\/","name":"Pure Clinic - Sk\u00f6nhetsklinik i Stockholm Saltsj\u00f6baden","description":"Pure Clinic, H\u00e4r \u00e4r vi specialiserade p\u00e5 sk\u00f6nhetsbehandlingar av b\u00e5de ansikte och kropp. Vi har valt att satsa p\u00e5 exklusiva och effektiva maskiner, med h\u00f6g s\u00e4kerhet och ett gott rykte i branschen. Pure Clinic st\u00e5r f\u00f6r att vi enbart anv\u00e4nder oss av rena, ekologiska eller ofarliga produkter och tekniker.","publisher":{"@id":"https:\/\/pureclinic.se\/en\/#organization"},"potentialAction":[{"@type":"SearchAction","target":{"@type":"EntryPoint","urlTemplate":"https:\/\/pureclinic.se\/en\/?s={search_term_string}"},"query-input":"required name=search_term_string"}],"inLanguage":"ru-RU"},{"@type":"Organization","@id":"https:\/\/pureclinic.se\/en\/#organization","name":"Pure Clinic AB","url":"https:\/\/pureclinic.se\/en\/","logo":{"@type":"ImageObject","inLanguage":"ru-RU","@id":"https:\/\/pureclinic.se\/en\/#\/schema\/logo\/image\/","url":"https:\/\/pureclinic.se\/wp-content\/uploads\/2017\/07\/Pure-Clinic-Turkos-liten.png","contentUrl":"https:\/\/pureclinic.se\/wp-content\/uploads\/2017\/07\/Pure-Clinic-Turkos-liten.png","width":878,"height":478,"caption":"Pure Clinic AB"},"image":{"@id":"https:\/\/pureclinic.se\/en\/#\/schema\/logo\/image\/"}}]}},"_links":{"self":[{"href":"https:\/\/pureclinic.se\/ru\/wp-json\/wp\/v2\/pages\/528"}],"collection":[{"href":"https:\/\/pureclinic.se\/ru\/wp-json\/wp\/v2\/pages"}],"about":[{"href":"https:\/\/pureclinic.se\/ru\/wp-json\/wp\/v2\/types\/page"}],"author":[{"embeddable":true,"href":"https:\/\/pureclinic.se\/ru\/wp-json\/wp\/v2\/users\/1"}],"replies":[{"embeddable":true,"href":"https:\/\/pureclinic.se\/ru\/wp-json\/wp\/v2\/comments?post=528"}],"version-history":[{"count":9,"href":"https:\/\/pureclinic.se\/ru\/wp-json\/wp\/v2\/pages\/528\/revisions"}],"predecessor-version":[{"id":3440,"href":"https:\/\/pureclinic.se\/ru\/wp-json\/wp\/v2\/pages\/528\/revisions\/3440"}],"wp:attachment":[{"href":"https:\/\/pureclinic.se\/ru\/wp-json\/wp\/v2\/media?parent=528"}],"curies":[{"name":"wp","href":"https:\/\/api.w.org\/{rel}","templated":true}]}}