{"id":526,"date":"2017-09-19T08:53:08","date_gmt":"2017-09-19T08:53:08","guid":{"rendered":"https:\/\/pureclinic.se\/?page_id=526"},"modified":"2026-02-04T20:42:09","modified_gmt":"2026-02-04T20:42:09","slug":"ultraljudsbehandling","status":"publish","type":"page","link":"https:\/\/pureclinic.se\/ru\/ultraljudsbehandling\/","title":{"rendered":"\u0423\u043b\u044c\u0442\u0440\u0430\u0437\u0432\u0443\u043a\u043e\u0432\u043e\u0435 \u043b\u0435\u0447\u0435\u043d\u0438\u0435"},"content":{"rendered":"<div data-elementor-type=\"wp-page\" data-elementor-id=\"526\" class=\"elementor elementor-526\" data-elementor-post-type=\"page\">\n\t\t\t\t<div class=\"elementor-element elementor-element-26c43a9e e-flex e-con-boxed e-con e-parent\" data-id=\"26c43a9e\" data-element_type=\"container\">\n\t\t\t\t\t<div class=\"e-con-inner\">\n\t\t\t\t<div class=\"elementor-element elementor-element-79277c54 elementor-widget elementor-widget-heading\" data-id=\"79277c54\" data-element_type=\"widget\" data-widget_type=\"heading.default\">\n\t\t\t\t<div class=\"elementor-widget-container\">\n\t\t\t<h2 class=\"elementor-heading-title elementor-size-default\">\u0423\u043b\u044c\u0442\u0440\u0430\u0437\u0432\u0443\u043a\u043e\u0432\u043e\u0435 \u043b\u0435\u0447\u0435\u043d\u0438\u0435<\/h2>\t\t<\/div>\n\t\t\t\t<\/div>\n\t\t\t\t<div class=\"elementor-element elementor-element-266a9e91 elementor-widget-divider--view-line elementor-widget elementor-widget-divider\" data-id=\"266a9e91\" data-element_type=\"widget\" data-widget_type=\"divider.default\">\n\t\t\t\t<div class=\"elementor-widget-container\">\n\t\t\t\t\t<div class=\"elementor-divider\">\n\t\t\t<span class=\"elementor-divider-separator\">\n\t\t\t\t\t\t<\/span>\n\t\t<\/div>\n\t\t\t\t<\/div>\n\t\t\t\t<\/div>\n\t\t\t\t\t<\/div>\n\t\t\t\t<\/div>\n\t\t<div class=\"elementor-element elementor-element-4d94fc66 e-flex e-con-boxed e-con e-parent\" data-id=\"4d94fc66\" data-element_type=\"container\">\n\t\t\t\t\t<div class=\"e-con-inner\">\n\t\t\t\t<div class=\"elementor-element elementor-element-20050b60 elementor-widget elementor-widget-text-editor\" data-id=\"20050b60\" data-element_type=\"widget\" data-widget_type=\"text-editor.default\">\n\t\t\t\t<div class=\"elementor-widget-container\">\n\t\t\t\t\t\t\t<p>\u0421 \u043f\u043e\u043c\u043e\u0449\u044c\u044e \u0443\u043b\u044c\u0442\u0440\u0430\u0437\u0432\u0443\u043a\u0430 \u0432\u043e\u0437\u0434\u0435\u0439\u0441\u0442\u0432\u0438\u0435 \u0441\u0440\u0435\u0434\u0441\u0442\u0432\u0430 \u0441\u0442\u0430\u043d\u043e\u0432\u0438\u0442\u0441\u044f \u0431\u043e\u043b\u0435\u0435 \u0433\u043b\u0443\u0431\u043e\u043a\u0438\u043c, \u043e\u043d \u043c\u0430\u0441\u0441\u0438\u0440\u0443\u0435\u0442 \u0438 \u0440\u0430\u0437\u043e\u0433\u0440\u0435\u0432\u0430\u0435\u0442 \u0442\u043a\u0430\u043d\u0438 \u0432 10 000 \u0440\u0430\u0437 \u0438\u043d\u0442\u0435\u043d\u0441\u0438\u0432\u043d\u0435\u0435, \u0447\u0435\u043c \u043a\u043b\u0430\u0441\u0441\u0438\u0447\u0435\u0441\u043a\u0438\u0439 \u043c\u0430\u0441\u0441\u0430\u0436. \u0412\u044b\u0441\u043e\u043a\u043e\u043a\u0430\u0447\u0435\u0441\u0442\u0432\u0435\u043d\u043d\u044b\u0439 \u043c\u0430\u0441\u0441\u0430\u0436 \u0443\u043b\u0443\u0447\u0448\u0430\u0435\u0442 \u0442\u043e\u043d\u0443\u0441 \u0438 \u043f\u043e\u0432\u044b\u0448\u0430\u0435\u0442 \u044d\u043b\u0430\u0441\u0442\u0438\u0447\u043d\u043e\u0441\u0442\u044c \u043a\u043e\u0436\u0438. \u0423\u043b\u044c\u0442\u0440\u0430\u0437\u0432\u0443\u043a \u0441\u043f\u043e\u0441\u043e\u0431\u0441\u0442\u0432\u0443\u0435\u0442 \u0440\u0430\u0441\u043f\u0440\u043e\u0441\u0442\u0440\u0430\u043d\u0435\u043d\u0438\u044e \u0442\u0435\u043f\u043b\u0430, \u0441\u0442\u0438\u043c\u0443\u043b\u0438\u0440\u0443\u044f \u0430\u043a\u0442\u0438\u0432\u043d\u043e\u0441\u0442\u044c \u043a\u043b\u0435\u0442\u043e\u043a \u043a\u043e\u0436\u0438 \u0438 \u0443\u0441\u0438\u043b\u0438\u0432\u0430\u044f \u043b\u0438\u043c\u0444\u043e\u0442\u043e\u043a. \u041c\u043e\u0436\u0435\u0442 \u0438\u0441\u043f\u043e\u043b\u044c\u0437\u043e\u0432\u0430\u0442\u044c\u0441\u044f \u043d\u0430 \u043b\u0438\u0446\u0435 \u0438 \u0442\u0435\u043b\u0435 \u043a\u0430\u043a \u0444\u0438\u043d\u0430\u043b\u044c\u043d\u044b\u0439 \u044d\u0442\u0430\u043f \u043b\u0435\u0447\u0435\u043d\u0438\u044f. \u0423\u043b\u044c\u0442\u0440\u0430\u0437\u0432\u0443\u043a \u043f\u043e\u0434\u0445\u043e\u0434\u0438\u0442 \u0434\u043b\u044f \u0432\u0441\u0435\u0445 \u0442\u0438\u043f\u043e\u0432 \u0438 \u0442\u043e\u043d\u043e\u0432 \u043a\u043e\u0436\u0438.<\/p><p>\u041c\u044b \u043f\u0440\u043e\u0432\u043e\u0434\u0438\u043c \u0443\u043b\u044c\u0442\u0440\u0430\u0437\u0432\u0443\u043a\u043e\u0432\u0443\u044e \u0442\u0435\u0440\u0430\u043f\u0438\u044e \u0441 \u043f\u043e\u043c\u043e\u0449\u044c\u044e \u0430\u043f\u043f\u0430\u0440\u0430\u0442\u0430 M3, \u043a\u043e\u0442\u043e\u0440\u044b\u0439 \u044f\u0432\u043b\u044f\u0435\u0442\u0441\u044f \u0443\u043d\u0438\u0432\u0435\u0440\u0441\u0430\u043b\u044c\u043d\u044b\u043c \u043e\u0431\u043e\u0440\u0443\u0434\u043e\u0432\u0430\u043d\u0438\u0435\u043c \u0434\u043b\u044f \u0443\u0445\u043e\u0434\u0430 \u043a\u0430\u043a \u0437\u0430 \u0442\u0435\u043b\u043e\u043c, \u0442\u0430\u043a \u0438 \u0437\u0430 \u043b\u0438\u0446\u043e\u043c. \u041c\u044b \u043f\u0440\u0435\u0434\u043b\u0430\u0433\u0430\u0435\u043c \u0432\u043e\u0441\u0435\u043c\u044c \u0440\u0430\u0437\u043b\u0438\u0447\u043d\u044b\u0445 \u043e\u043f\u0446\u0438\u0439, \u043d\u0430\u0441\u0430\u0434\u043e\u043a\/\u0444\u0443\u043d\u043a\u0446\u0438\u0439, \u0442\u0430\u043a\u0438\u0445 \u043a\u0430\u043a \u0440\u0430\u0434\u0438\u043e\u0447\u0430\u0441\u0442\u043e\u0442\u0430, \u0443\u043b\u044c\u0442\u0440\u0430\u0437\u0432\u0443\u043a, \u043a\u0430\u0432\u0438\u0442\u0430\u0446\u0438\u044f, \u043c\u0435\u0437\u043e\u0442\u0435\u0440\u0430\u043f\u0438\u044f \u0438 \u0442.\u0434.<\/p>\t\t\t\t\t\t<\/div>\n\t\t\t\t<\/div>\n\t\t\t\t\t<\/div>\n\t\t\t\t<\/div>\n\t\t<div class=\"elementor-element elementor-element-366c0fd2 e-flex e-con-boxed e-con e-parent\" data-id=\"366c0fd2\" data-element_type=\"container\" data-settings=\"{&quot;background_background&quot;:&quot;classic&quot;,&quot;background_motion_fx_motion_fx_scrolling&quot;:&quot;yes&quot;,&quot;background_motion_fx_translateY_effect&quot;:&quot;yes&quot;,&quot;background_motion_fx_translateY_speed&quot;:{&quot;unit&quot;:&quot;px&quot;,&quot;size&quot;:10,&quot;sizes&quot;:[]},&quot;background_motion_fx_translateY_affectedRange&quot;:{&quot;unit&quot;:&quot;%&quot;,&quot;size&quot;:&quot;&quot;,&quot;sizes&quot;:{&quot;start&quot;:0,&quot;end&quot;:100}},&quot;background_motion_fx_devices&quot;:[&quot;desktop&quot;,&quot;tablet&quot;,&quot;mobile_extra&quot;,&quot;mobile&quot;]}\">\n\t\t\t\t\t<div class=\"e-con-inner\">\n\t\t\t\t\t<\/div>\n\t\t\t\t<\/div>\n\t\t<div class=\"elementor-element elementor-element-2da53719 e-flex e-con-boxed e-con e-parent\" data-id=\"2da53719\" data-element_type=\"container\">\n\t\t\t\t\t<div class=\"e-con-inner\">\n\t\t\t\t<div class=\"elementor-element elementor-element-4adca195 elementor-widget elementor-widget-heading\" data-id=\"4adca195\" data-element_type=\"widget\" data-widget_type=\"heading.default\">\n\t\t\t\t<div class=\"elementor-widget-container\">\n\t\t\t<h2 class=\"elementor-heading-title elementor-size-default\">\u041d\u0430\u0448\u0438 \u0446\u0435\u043d\u044b\n\n<\/h2>\t\t<\/div>\n\t\t\t\t<\/div>\n\t\t\t\t<div class=\"elementor-element elementor-element-20651354 elementor-widget-divider--view-line elementor-widget elementor-widget-divider\" data-id=\"20651354\" data-element_type=\"widget\" data-widget_type=\"divider.default\">\n\t\t\t\t<div class=\"elementor-widget-container\">\n\t\t\t\t\t<div class=\"elementor-divider\">\n\t\t\t<span class=\"elementor-divider-separator\">\n\t\t\t\t\t\t<\/span>\n\t\t<\/div>\n\t\t\t\t<\/div>\n\t\t\t\t<\/div>\n\t\t\t\t<div class=\"elementor-element elementor-element-407f78df elementor-hidden-desktop elementor-hidden-tablet elementor-hidden-mobile_extra elementor-hidden-mobile elementor-widget elementor-widget-heading\" data-id=\"407f78df\" data-element_type=\"widget\" data-widget_type=\"heading.default\">\n\t\t\t\t<div class=\"elementor-widget-container\">\n\t\t\t<h2 class=\"elementor-heading-title elementor-size-default\">\u0412\u043e \u0432\u0440\u0435\u043c\u044f \u043a\u043e\u043d\u0441\u0443\u043b\u044c\u0442\u0430\u0446\u0438\u0438 \u043c\u044b \u0440\u0435\u0448\u0438\u043c, \u043a\u0430\u043a\u0430\u044f \u0442\u0435\u0445\u043d\u0438\u043a\u0430 \u043b\u0443\u0447\u0448\u0435 \u0432\u0441\u0435\u0433\u043e \u043f\u043e\u0434\u043e\u0439\u0434\u0435\u0442 \u0432\u0430\u043c - ClearLift, Dye-VL \u0438\u043b\u0438 Cryopen.\n\n<\/h2>\t\t<\/div>\n\t\t\t\t<\/div>\n\t\t\t\t<div class=\"elementor-element elementor-element-7d08658f elementor-widget elementor-widget-price-list\" data-id=\"7d08658f\" data-element_type=\"widget\" data-widget_type=\"price-list.default\">\n\t\t\t\t<div class=\"elementor-widget-container\">\n\t\t\t\n\t\t<ul class=\"elementor-price-list\">\n\n\t\t\t\t\t\t\t\t\t<li><a class=\"elementor-price-list-item\" href=\"#\">\t\t\t\t\n\t\t\t\t<div class=\"elementor-price-list-text\">\n\t\t\t\t\t\t\t\t\t<div class=\"elementor-price-list-header\">\n\t\t\t\t\t\t\t\t\t\t\t<span class=\"elementor-price-list-title\">\n\t\t\t\t\t\t\t\u0423\u043b\u044c\u0442\u0440\u0430\u0437\u0432\u0443\u043a\u043e\u0432\u043e\u0435 \u043b\u0435\u0447\u0435\u043d\u0438\u0435\t\t\t\t\t\t<\/span>\n\t\t\t\t\t\t\t\t\t\t\t\t\t\t\t\t\t\t\t\t\t\t\t\t<span class=\"elementor-price-list-price\">700:-<\/span>\n\t\t\t\t\t\t\t\t\t\t<\/div>\n\t\t\t\t\t\t\t\t\t\t\t\t<\/div>\n\t\t\t\t<\/a><\/li>\t\t\t\t\t\n\t\t<\/ul>\n\n\t\t\t\t<\/div>\n\t\t\t\t<\/div>\n\t\t\t\t<div class=\"elementor-element elementor-element-48948608 elementor-align-right elementor-widget elementor-widget-button\" data-id=\"48948608\" data-element_type=\"widget\" data-widget_type=\"button.default\">\n\t\t\t\t<div class=\"elementor-widget-container\">\n\t\t\t\t\t<div class=\"elementor-button-wrapper\">\n\t\t\t<a class=\"elementor-button elementor-button-link elementor-size-sm\" href=\"https:\/\/pureclinic.valei.com\/services\/categories\/2362-konsultation?_gl=1*vy5cj9*_gcl_au*NzQ1ODMwMjcuMTcyNTEwNDgwOA..*_ga*MjUyNTI3ODY1LjE3MjUxMDQ4MDg.*_ga_0D6F0K0J9C*MTcyNjI2MzI1NS4xMi4xLjE3MjYyNzE2NTUuMC4wLjA.\">\n\t\t\t\t\t\t<span class=\"elementor-button-content-wrapper\">\n\t\t\t\t\t\t\t\t\t<span class=\"elementor-button-text\">\u0417\u0430\u0431\u0440\u043e\u043d\u0438\u0440\u043e\u0432\u0430\u0442\u044c<\/span>\n\t\t\t\t\t<\/span>\n\t\t\t\t\t<\/a>\n\t\t<\/div>\n\t\t\t\t<\/div>\n\t\t\t\t<\/div>\n\t\t\t\t\t<\/div>\n\t\t\t\t<\/div>\n\t\t\t\t<\/div>","protected":false},"excerpt":{"rendered":"<p>\u0423\u043b\u044c\u0442\u0440\u0430\u0437\u0432\u0443\u043a\u043e\u0432\u0430\u044f \u0442\u0435\u0440\u0430\u043f\u0438\u044f \u0423\u043b\u044c\u0442\u0440\u0430\u0437\u0432\u0443\u043a \u0438\u0441\u043f\u043e\u043b\u044c\u0437\u0443\u0435\u0442\u0441\u044f \u0434\u043b\u044f \u0443\u0441\u0438\u043b\u0435\u043d\u0438\u044f \u043f\u0440\u043e\u043d\u0438\u043a\u043d\u043e\u0432\u0435\u043d\u0438\u044f \u043f\u0440\u0435\u043f\u0430\u0440\u0430\u0442\u0430 \u0438 \u043c\u0430\u0441\u0441\u0438\u0440\u0443\u0435\u0442 \u0438 \u0440\u0430\u0437\u043e\u0433\u0440\u0435\u0432\u0430\u0435\u0442 \u0442\u043a\u0430\u043d\u0438 \u0432 10 000 \u0440\u0430\u0437 \u0441\u0438\u043b\u044c\u043d\u0435\u0435, \u0447\u0435\u043c \u043e\u0431\u044b\u0447\u043d\u044b\u0439 \u043a\u043b\u0430\u0441\u0441\u0438\u0447\u0435\u0441\u043a\u0438\u0439 \u043c\u0430\u0441\u0441\u0430\u0436. \u0412\u044b\u0441\u043e\u043a\u043e\u0447\u0430\u0441\u0442\u043e\u0442\u043d\u044b\u0439 \u043c\u0430\u0441\u0441\u0430\u0436 \u0443\u043b\u0443\u0447\u0448\u0430\u0435\u0442 \u0442\u043e\u043d\u0443\u0441 \u043a\u043e\u0436\u0438 \u0438 \u043f\u043e\u0432\u044b\u0448\u0430\u0435\u0442 \u0435\u0435 \u044d\u043b\u0430\u0441\u0442\u0438\u0447\u043d\u043e\u0441\u0442\u044c. \u0423\u043b\u044c\u0442\u0440\u0430\u0437\u0432\u0443\u043a \u0441\u043f\u043e\u0441\u043e\u0431\u0441\u0442\u0432\u0443\u0435\u0442 \u043b\u043e\u043a\u0430\u043b\u044c\u043d\u043e\u043c\u0443 \u0443\u0432\u0435\u043b\u0438\u0447\u0435\u043d\u0438\u044e \u0442\u0435\u043f\u043b\u0430, \u0441\u0442\u0438\u043c\u0443\u043b\u0438\u0440\u0443\u0435\u0442 \u0430\u043a\u0442\u0438\u0432\u043d\u043e\u0441\u0442\u044c \u043a\u043b\u0435\u0442\u043e\u043a \u043a\u043e\u0436\u0438, \u0443\u0441\u0438\u043b\u0438\u0432\u0430\u0435\u0442 \u043b\u0438\u043c\u0444\u043e\u0442\u043e\u043a. \u0422\u0430\u043a\u0438\u043c \u043e\u0431\u0440\u0430\u0437\u043e\u043c, \u043a\u043e\u0436\u0430 \u0443\u043a\u0440\u0435\u043f\u043b\u044f\u0435\u0442\u0441\u044f. \u041e\u0442\u043b\u0438\u0447\u043d\u043e \u043f\u043e\u0434\u0445\u043e\u0434\u0438\u0442 \u0434\u043b\u044f \u0438\u0441\u043f\u043e\u043b\u044c\u0437\u043e\u0432\u0430\u043d\u0438\u044f [...]...<\/p>","protected":false},"author":1,"featured_media":0,"parent":0,"menu_order":0,"comment_status":"closed","ping_status":"closed","template":"elementor_header_footer","meta":{"footnotes":""},"class_list":["post-526","page","type-page","status-publish","hentry"],"yoast_head":"<!-- This site is optimized with the Yoast SEO plugin v21.7 - https:\/\/yoast.com\/wordpress\/plugins\/seo\/ -->\n<title>Ultraljudsbehandling hos Pure Clinic som slussar ner v\u00e5rdande hudv\u00e5rd<\/title>\n<meta name=\"description\" content=\"Ultraljudsbehandling f\u00f6rb\u00e4ttrar hudens ton och elasticitet men massage och v\u00e4rme. Hudceller stimuleras och lymffl\u00f6det \u00f6kar vilket f\u00f6rb\u00e4ttrar huden.\" \/>\n<meta name=\"robots\" content=\"index, follow, max-snippet:-1, max-image-preview:large, max-video-preview:-1\" \/>\n<link rel=\"canonical\" href=\"https:\/\/pureclinic.se\/ru\/ultraljudsbehandling\/\" \/>\n<meta property=\"og:locale\" content=\"ru_RU\" \/>\n<meta property=\"og:type\" content=\"article\" \/>\n<meta property=\"og:title\" content=\"Ultraljudsbehandling hos Pure Clinic som slussar ner v\u00e5rdande hudv\u00e5rd\" \/>\n<meta property=\"og:description\" content=\"Ultraljudsbehandling f\u00f6rb\u00e4ttrar hudens ton och elasticitet men massage och v\u00e4rme. Hudceller stimuleras och lymffl\u00f6det \u00f6kar vilket f\u00f6rb\u00e4ttrar huden.\" \/>\n<meta property=\"og:url\" content=\"https:\/\/pureclinic.se\/ru\/ultraljudsbehandling\/\" \/>\n<meta property=\"og:site_name\" content=\"Pure Clinic - Sk\u00f6nhetsklinik i Stockholm Saltsj\u00f6baden\" \/>\n<meta property=\"article:modified_time\" content=\"2026-02-04T20:42:09+00:00\" \/>\n<meta name=\"twitter:card\" content=\"summary_large_image\" \/>\n<meta name=\"twitter:label1\" content=\"\u041f\u0440\u0438\u043c\u0435\u0440\u043d\u043e\u0435 \u0432\u0440\u0435\u043c\u044f \u0434\u043b\u044f \u0447\u0442\u0435\u043d\u0438\u044f\" \/>\n\t<meta name=\"twitter:data1\" content=\"1 \u043c\u0438\u043d\u0443\u0442\u0430\" \/>\n<script type=\"application\/ld+json\" class=\"yoast-schema-graph\">{\"@context\":\"https:\/\/schema.org\",\"@graph\":[{\"@type\":\"WebPage\",\"@id\":\"https:\/\/pureclinic.se\/ultraljudsbehandling\/\",\"url\":\"https:\/\/pureclinic.se\/ultraljudsbehandling\/\",\"name\":\"Ultraljudsbehandling hos Pure Clinic som slussar ner v\u00e5rdande hudv\u00e5rd\",\"isPartOf\":{\"@id\":\"https:\/\/pureclinic.se\/en\/#website\"},\"datePublished\":\"2017-09-19T08:53:08+00:00\",\"dateModified\":\"2026-02-04T20:42:09+00:00\",\"description\":\"Ultraljudsbehandling f\u00f6rb\u00e4ttrar hudens ton och elasticitet men massage och v\u00e4rme. Hudceller stimuleras och lymffl\u00f6det \u00f6kar vilket f\u00f6rb\u00e4ttrar huden.\",\"breadcrumb\":{\"@id\":\"https:\/\/pureclinic.se\/ultraljudsbehandling\/#breadcrumb\"},\"inLanguage\":\"ru-RU\",\"potentialAction\":[{\"@type\":\"ReadAction\",\"target\":[\"https:\/\/pureclinic.se\/ultraljudsbehandling\/\"]}]},{\"@type\":\"BreadcrumbList\",\"@id\":\"https:\/\/pureclinic.se\/ultraljudsbehandling\/#breadcrumb\",\"itemListElement\":[{\"@type\":\"ListItem\",\"position\":1,\"name\":\"Hem\",\"item\":\"https:\/\/pureclinic.se\/\"},{\"@type\":\"ListItem\",\"position\":2,\"name\":\"Ultraljudsbehandling\"}]},{\"@type\":\"WebSite\",\"@id\":\"https:\/\/pureclinic.se\/en\/#website\",\"url\":\"https:\/\/pureclinic.se\/en\/\",\"name\":\"Pure Clinic - Sk\u00f6nhetsklinik i Stockholm Saltsj\u00f6baden\",\"description\":\"Pure Clinic, H\u00e4r \u00e4r vi specialiserade p\u00e5 sk\u00f6nhetsbehandlingar av b\u00e5de ansikte och kropp. Vi har valt att satsa p\u00e5 exklusiva och effektiva maskiner, med h\u00f6g s\u00e4kerhet och ett gott rykte i branschen. Pure Clinic st\u00e5r f\u00f6r att vi enbart anv\u00e4nder oss av rena, ekologiska eller ofarliga produkter och tekniker.\",\"publisher\":{\"@id\":\"https:\/\/pureclinic.se\/en\/#organization\"},\"potentialAction\":[{\"@type\":\"SearchAction\",\"target\":{\"@type\":\"EntryPoint\",\"urlTemplate\":\"https:\/\/pureclinic.se\/en\/?s={search_term_string}\"},\"query-input\":\"required name=search_term_string\"}],\"inLanguage\":\"ru-RU\"},{\"@type\":\"Organization\",\"@id\":\"https:\/\/pureclinic.se\/en\/#organization\",\"name\":\"Pure Clinic AB\",\"url\":\"https:\/\/pureclinic.se\/en\/\",\"logo\":{\"@type\":\"ImageObject\",\"inLanguage\":\"ru-RU\",\"@id\":\"https:\/\/pureclinic.se\/en\/#\/schema\/logo\/image\/\",\"url\":\"https:\/\/pureclinic.se\/wp-content\/uploads\/2017\/07\/Pure-Clinic-Turkos-liten.png\",\"contentUrl\":\"https:\/\/pureclinic.se\/wp-content\/uploads\/2017\/07\/Pure-Clinic-Turkos-liten.png\",\"width\":878,\"height\":478,\"caption\":\"Pure Clinic AB\"},\"image\":{\"@id\":\"https:\/\/pureclinic.se\/en\/#\/schema\/logo\/image\/\"}}]}<\/script>\n<!-- \/ Yoast SEO plugin. -->","yoast_head_json":{"title":"Ultraljudsbehandling hos Pure Clinic som slussar ner v\u00e5rdande hudv\u00e5rd","description":"Ultraljudsbehandling f\u00f6rb\u00e4ttrar hudens ton och elasticitet men massage och v\u00e4rme. Hudceller stimuleras och lymffl\u00f6det \u00f6kar vilket f\u00f6rb\u00e4ttrar huden.","robots":{"index":"index","follow":"follow","max-snippet":"max-snippet:-1","max-image-preview":"max-image-preview:large","max-video-preview":"max-video-preview:-1"},"canonical":"https:\/\/pureclinic.se\/ru\/ultraljudsbehandling\/","og_locale":"ru_RU","og_type":"article","og_title":"Ultraljudsbehandling hos Pure Clinic som slussar ner v\u00e5rdande hudv\u00e5rd","og_description":"Ultraljudsbehandling f\u00f6rb\u00e4ttrar hudens ton och elasticitet men massage och v\u00e4rme. Hudceller stimuleras och lymffl\u00f6det \u00f6kar vilket f\u00f6rb\u00e4ttrar huden.","og_url":"https:\/\/pureclinic.se\/ru\/ultraljudsbehandling\/","og_site_name":"Pure Clinic - Sk\u00f6nhetsklinik i Stockholm Saltsj\u00f6baden","article_modified_time":"2026-02-04T20:42:09+00:00","twitter_card":"summary_large_image","twitter_misc":{"\u041f\u0440\u0438\u043c\u0435\u0440\u043d\u043e\u0435 \u0432\u0440\u0435\u043c\u044f \u0434\u043b\u044f \u0447\u0442\u0435\u043d\u0438\u044f":"1 \u043c\u0438\u043d\u0443\u0442\u0430"},"schema":{"@context":"https:\/\/schema.org","@graph":[{"@type":"WebPage","@id":"https:\/\/pureclinic.se\/ultraljudsbehandling\/","url":"https:\/\/pureclinic.se\/ultraljudsbehandling\/","name":"Ultraljudsbehandling hos Pure Clinic som slussar ner v\u00e5rdande hudv\u00e5rd","isPartOf":{"@id":"https:\/\/pureclinic.se\/en\/#website"},"datePublished":"2017-09-19T08:53:08+00:00","dateModified":"2026-02-04T20:42:09+00:00","description":"Ultraljudsbehandling f\u00f6rb\u00e4ttrar hudens ton och elasticitet men massage och v\u00e4rme. Hudceller stimuleras och lymffl\u00f6det \u00f6kar vilket f\u00f6rb\u00e4ttrar huden.","breadcrumb":{"@id":"https:\/\/pureclinic.se\/ultraljudsbehandling\/#breadcrumb"},"inLanguage":"ru-RU","potentialAction":[{"@type":"ReadAction","target":["https:\/\/pureclinic.se\/ultraljudsbehandling\/"]}]},{"@type":"BreadcrumbList","@id":"https:\/\/pureclinic.se\/ultraljudsbehandling\/#breadcrumb","itemListElement":[{"@type":"ListItem","position":1,"name":"Hem","item":"https:\/\/pureclinic.se\/"},{"@type":"ListItem","position":2,"name":"Ultraljudsbehandling"}]},{"@type":"WebSite","@id":"https:\/\/pureclinic.se\/en\/#website","url":"https:\/\/pureclinic.se\/en\/","name":"Pure Clinic - Sk\u00f6nhetsklinik i Stockholm Saltsj\u00f6baden","description":"Pure Clinic, H\u00e4r \u00e4r vi specialiserade p\u00e5 sk\u00f6nhetsbehandlingar av b\u00e5de ansikte och kropp. Vi har valt att satsa p\u00e5 exklusiva och effektiva maskiner, med h\u00f6g s\u00e4kerhet och ett gott rykte i branschen. Pure Clinic st\u00e5r f\u00f6r att vi enbart anv\u00e4nder oss av rena, ekologiska eller ofarliga produkter och tekniker.","publisher":{"@id":"https:\/\/pureclinic.se\/en\/#organization"},"potentialAction":[{"@type":"SearchAction","target":{"@type":"EntryPoint","urlTemplate":"https:\/\/pureclinic.se\/en\/?s={search_term_string}"},"query-input":"required name=search_term_string"}],"inLanguage":"ru-RU"},{"@type":"Organization","@id":"https:\/\/pureclinic.se\/en\/#organization","name":"Pure Clinic AB","url":"https:\/\/pureclinic.se\/en\/","logo":{"@type":"ImageObject","inLanguage":"ru-RU","@id":"https:\/\/pureclinic.se\/en\/#\/schema\/logo\/image\/","url":"https:\/\/pureclinic.se\/wp-content\/uploads\/2017\/07\/Pure-Clinic-Turkos-liten.png","contentUrl":"https:\/\/pureclinic.se\/wp-content\/uploads\/2017\/07\/Pure-Clinic-Turkos-liten.png","width":878,"height":478,"caption":"Pure Clinic AB"},"image":{"@id":"https:\/\/pureclinic.se\/en\/#\/schema\/logo\/image\/"}}]}},"_links":{"self":[{"href":"https:\/\/pureclinic.se\/ru\/wp-json\/wp\/v2\/pages\/526"}],"collection":[{"href":"https:\/\/pureclinic.se\/ru\/wp-json\/wp\/v2\/pages"}],"about":[{"href":"https:\/\/pureclinic.se\/ru\/wp-json\/wp\/v2\/types\/page"}],"author":[{"embeddable":true,"href":"https:\/\/pureclinic.se\/ru\/wp-json\/wp\/v2\/users\/1"}],"replies":[{"embeddable":true,"href":"https:\/\/pureclinic.se\/ru\/wp-json\/wp\/v2\/comments?post=526"}],"version-history":[{"count":3,"href":"https:\/\/pureclinic.se\/ru\/wp-json\/wp\/v2\/pages\/526\/revisions"}],"predecessor-version":[{"id":3401,"href":"https:\/\/pureclinic.se\/ru\/wp-json\/wp\/v2\/pages\/526\/revisions\/3401"}],"wp:attachment":[{"href":"https:\/\/pureclinic.se\/ru\/wp-json\/wp\/v2\/media?parent=526"}],"curies":[{"name":"wp","href":"https:\/\/api.w.org\/{rel}","templated":true}]}}