{"id":1419,"date":"2019-10-18T09:26:19","date_gmt":"2019-10-18T09:26:19","guid":{"rendered":"https:\/\/pureclinic.se\/?page_id=1419"},"modified":"2019-11-04T15:41:13","modified_gmt":"2019-11-04T15:41:13","slug":"advanced-skin-treatment","status":"publish","type":"page","link":"https:\/\/pureclinic.se\/ru\/advanced-skin-treatment\/","title":{"rendered":"\u041f\u0435\u0440\u0435\u0434\u043e\u0432\u043e\u0435 \u043b\u0435\u0447\u0435\u043d\u0438\u0435 \u043a\u043e\u0436\u0438"},"content":{"rendered":"<p>[vc_row][vc_column][vcex_spacing size=&#8221;10px&#8221; visibility=&#8221;hidden-desktop&#8221;][\/vc_column][\/vc_row][vc_row][vc_column][vc_column_text responsive_text=&#8221;true&#8221; text_align=&#8221;center&#8221; font_family=&#8221;Prata&#8221; color=&#8221;#81d7d1&#8243; font_size=&#8221;30&#8243; line_height=&#8221;35px&#8221;]Advanced Skin Treatment[\/vc_column_text][vcex_spacing][vcex_divider align=&#8221;center&#8221; width=&#8221;20%&#8221; height=&#8221;1px&#8221;][\/vc_column][\/vc_row][vc_row][vc_column][vc_column_text responsive_text=&#8221;true&#8221; font_size=&#8221;18&#8243; line_height=&#8221;25px&#8221;]Ett holistiskt behandlingskoncept d\u00e4r vi jobbar med huden \u00e4ven fr\u00e5n insidan. F\u00f6rutom en fantastiskt h\u00e4rlig och djupg\u00e5ende ansiktsbehandling fyller vi i ett h\u00e4lsoformul\u00e4r samt g\u00f6r ansikts-och tungdiagnostik. Detta ger svar p\u00e5 om det finns obalanser som kan p\u00e5verka h\u00e4lsan och huden. Utifr\u00e5n detta tas det fram ett personligt program som st\u00f6ttar kroppen och huden och skapar f\u00f6ruts\u00e4ttning f\u00f6r optimalt resultat. Programmet inneh\u00e5ller r\u00e5d om hudv\u00e5rd, livsstilstips, kost, kosttillskott, r\u00f6relse och mental balans. Uppf\u00f6ljning och support ing\u00e5r.[\/vc_column_text][vcex_spacing][vc_column_text responsive_text=&#8221;true&#8221; font_size=&#8221;16&#8243; line_height=&#8221;22px&#8221;]Under ett Advanced Skin Treatment program fokuserar vi b\u00e5de p\u00e5 din h\u00e4lsa och din hud. Vi tittar p\u00e5 vad som kan vara orsaken till ditt hudtillst\u00e5nd. H\u00e4r ser vi till helheten och du f\u00e5r hj\u00e4lp p\u00e5 ett grundligare och effektivare plan. I behandlingarna ing\u00e5r det analys av din hud och din h\u00e4lsa samt en ansiktsbehandling anpassad efter din hud och vad du beh\u00f6ver hj\u00e4lp med. Tankes\u00e4ttet grundar sig i ett holistiskt syns\u00e4tt och f\u00e5r bara utf\u00f6ras av hudterapeuter som \u00e4r vidareutbildade till Advanced Skin Therapist. F\u00f6r att f\u00e5 b\u00e4ttre resultat erbjuds 3 olika paketl\u00f6sningar.[\/vc_column_text][\/vc_column][\/vc_row][vc_row][vc_column width=&#8221;1\/3&#8243;][vc_column_text responsive_text=&#8221;true&#8221; text_align=&#8221;center&#8221; font_family=&#8221;Prata&#8221; color=&#8221;#81d7d1&#8243; font_size=&#8221;16&#8243; line_height=&#8221;24px&#8221;]Advanced Skin Treatment[\/vc_column_text][vc_column_text responsive_text=&#8221;true&#8221; text_align=&#8221;center&#8221; font_family=&#8221;Prata&#8221; color=&#8221;#81d7d1&#8243; font_size=&#8221;22&#8243; line_height=&#8221;30px&#8221;]<strong>\u0411\u0420\u041e\u041d\u0417\u0410<\/strong>[\/vc_column_text][vcex_spacing][vc_column_text text_align=&#8221;center&#8221;]3 tillf\u00e4llen d\u00e4r vi g\u00e5r igenom din hud och din h\u00e4lsa. Vi tittar p\u00e5 grundproblemet och vad orsaken kan vara till ditt hudtillst\u00e5nd som du beh\u00f6ver ha hj\u00e4lp med. Paketet passar dig som redan har f\u00f6rst\u00e5else och \u00e4r insatt i din kost och h\u00e4lsa men beh\u00f6ver dra i de sista tr\u00e5darna f\u00f6r att finslipa. Paketet best\u00e5r av 3 behandlingar varav den f\u00f6rsta \u00e4r p\u00e5 1.5 timme och resterande p\u00e5 60 minuter.[\/vc_column_text][vcex_spacing][vcex_divider width=&#8221;20%&#8221;][vcex_spacing][vc_column_text responsive_text=&#8221;true&#8221; text_align=&#8221;center&#8221; font_family=&#8221;Prata&#8221; color=&#8221;#81d7d1&#8243; font_size=&#8221;16&#8243; line_height=&#8221;24px&#8221;]Pris f\u00f6r 3 tillf\u00e4llen: 4 500 kr[\/vc_column_text][vcex_spacing][vcex_divider width=&#8221;20%&#8221;][\/vc_column][vc_column width=&#8221;1\/3&#8243;][vc_column_text responsive_text=&#8221;true&#8221; text_align=&#8221;center&#8221; font_family=&#8221;Prata&#8221; color=&#8221;#81d7d1&#8243; font_size=&#8221;16&#8243; line_height=&#8221;24px&#8221;]Advanced Skin Treatment[\/vc_column_text][vc_column_text responsive_text=&#8221;true&#8221; text_align=&#8221;center&#8221; font_family=&#8221;Prata&#8221; color=&#8221;#81d7d1&#8243; font_size=&#8221;22&#8243; line_height=&#8221;30px&#8221;]<strong>SILVER<\/strong>[\/vc_column_text][vcex_spacing][vc_column_text text_align=&#8221;center&#8221;]7 tillf\u00e4llen d\u00e4r vi g\u00e5r igenom din hud och din h\u00e4lsa. Vi tittar p\u00e5 grundproblemet och vad orsaken kan vara till ditt hudtillst\u00e5nd som du beh\u00f6ver ha hj\u00e4lp med. Paketet passar dig som beh\u00f6ver mer hj\u00e4lp med din kost, hud och h\u00e4lsa och f\u00f6r dig som beh\u00f6ver extra st\u00f6d. Paketet best\u00e5r av 7 behandlingar varav den f\u00f6rsta \u00e4r p\u00e5 1.5 timme och resterande p\u00e5 60 minuter.[\/vc_column_text][vcex_spacing][vcex_divider width=&#8221;20%&#8221;][vcex_spacing][vc_column_text responsive_text=&#8221;true&#8221; text_align=&#8221;center&#8221; font_family=&#8221;Prata&#8221; color=&#8221;#81d7d1&#8243; font_size=&#8221;16&#8243; line_height=&#8221;24px&#8221;]Pris f\u00f6r 7 tillf\u00e4llen: 9 000 kr<br \/>\n(du sparar 1 500 kr)[\/vc_column_text][vcex_spacing][vcex_divider width=&#8221;20%&#8221;][\/vc_column][vc_column width=&#8221;1\/3&#8243;][vc_column_text responsive_text=&#8221;true&#8221; text_align=&#8221;center&#8221; font_family=&#8221;Prata&#8221; color=&#8221;#81d7d1&#8243; font_size=&#8221;16&#8243; line_height=&#8221;24px&#8221;]Advanced Skin Treatment[\/vc_column_text][vc_column_text responsive_text=&#8221;true&#8221; text_align=&#8221;center&#8221; font_family=&#8221;Prata&#8221; color=&#8221;#81d7d1&#8243; font_size=&#8221;22&#8243; line_height=&#8221;30px&#8221;]<strong>\u0417\u041e\u041b\u041e\u0422\u041e<\/strong>[\/vc_column_text][vcex_spacing][vc_column_text text_align=&#8221;center&#8221;]<\/p>\n<p class=\"p2\"><span class=\"s1\">12 \u0441\u0435\u0430\u043d\u0441\u043e\u0432, \u043d\u0430 \u043a\u043e\u0442\u043e\u0440\u044b\u0445 \u043c\u044b \u0438\u0437\u0443\u0447\u0430\u0435\u043c \u0441\u043e\u0441\u0442\u043e\u044f\u043d\u0438\u0435 \u0432\u0430\u0448\u0435\u0439 \u043a\u043e\u0436\u0438 \u0438 \u0432\u0430\u0448\u0435\u0433\u043e \u0437\u0434\u043e\u0440\u043e\u0432\u044c\u044f. \u041c\u044b \u0440\u0430\u0441\u0441\u043c\u0430\u0442\u0440\u0438\u0432\u0430\u0435\u043c \u043a\u043e\u0440\u0435\u043d\u044c \u043f\u0440\u043e\u0431\u043b\u0435\u043c\u044b \u0438 \u043f\u0440\u0438\u0447\u0438\u043d\u0443 \u0441\u043e\u0441\u0442\u043e\u044f\u043d\u0438\u044f \u0432\u0430\u0448\u0435\u0439 \u043a\u043e\u0436\u0438, \u0441 \u043a\u043e\u0442\u043e\u0440\u043e\u0439 \u0432\u0430\u043c \u043d\u0443\u0436\u043d\u0430 \u043f\u043e\u043c\u043e\u0449\u044c. \u041f\u0430\u043a\u0435\u0442 \u043f\u043e\u0434\u0445\u043e\u0434\u0438\u0442 \u0434\u043b\u044f \u0442\u0435\u0445, \u0443 \u043a\u043e\u0433\u043e \u0441\u043e\u0441\u0442\u043e\u044f\u043d\u0438\u0435 \u043a\u043e\u0436\u0438 \u0443\u0445\u0443\u0434\u0448\u0438\u043b\u043e\u0441\u044c \u0432 \u0442\u0435\u0447\u0435\u043d\u0438\u0435 \u0434\u043b\u0438\u0442\u0435\u043b\u044c\u043d\u043e\u0433\u043e \u0432\u0440\u0435\u043c\u0435\u043d\u0438 \u0438 \u043a\u043e\u043c\u0443 \u0442\u0440\u0435\u0431\u0443\u0435\u0442\u0441\u044f \u0431\u043e\u043b\u044c\u0448\u0435 \u0432\u0440\u0435\u043c\u0435\u043d\u0438, \u043f\u043e\u043c\u043e\u0449\u044c \u0441 \u0434\u0438\u0435\u0442\u043e\u0439 \u0438 \u0434\u043e\u043f\u043e\u043b\u043d\u0438\u0442\u0435\u043b\u044c\u043d\u0430\u044f \u043f\u043e\u0434\u0434\u0435\u0440\u0436\u043a\u0430. \u041f\u0430\u043a\u0435\u0442 \u0441\u043e\u0441\u0442\u043e\u0438\u0442 \u0438\u0437 12 \u043f\u0440\u043e\u0446\u0435\u0434\u0443\u0440, \u043f\u0435\u0440\u0432\u0430\u044f \u0438\u0437 \u043a\u043e\u0442\u043e\u0440\u044b\u0445 \u0434\u043b\u0438\u0442\u0441\u044f 1,5 \u0447\u0430\u0441\u0430, \u0430 \u043e\u0441\u0442\u0430\u043b\u044c\u043d\u044b\u0435 - 60 \u043c\u0438\u043d\u0443\u0442.<br \/>\n<\/span><\/p>\n<p>[\/vc_column_text][vcex_spacing][vcex_divider width=&#8221;20%&#8221;][vcex_spacing][vc_column_text responsive_text=&#8221;true&#8221; text_align=&#8221;center&#8221; font_family=&#8221;Prata&#8221; color=&#8221;#81d7d1&#8243; font_size=&#8221;16&#8243; line_height=&#8221;24px&#8221;]<span class=\"s1\">\u0426\u0435\u043d\u0430 \u0437\u0430 12 \u0437\u0430\u043d\u044f\u0442\u0438\u0439: 14 250 \u0448\u0432\u0435\u0434\u0441\u043a\u0438\u0445 \u043a\u0440\u043e\u043d<br \/>\n(\u0412\u044b \u044d\u043a\u043e\u043d\u043e\u043c\u0438\u0442\u0435 3 750 \u043a\u0440)<br \/>\n<\/span>[\/vc_column_text][vcex_spacing][vcex_divider width=&#8221;20%&#8221;][\/vc_column][\/vc_row][vc_row full_width=&#8221;stretch_row_content_no_spaces&#8221; parallax=&#8221;content-moving&#8221; parallax_image=&#8221;349&#8243; parallax_speed_bg=&#8221;2&#8243; wpex_bg_overlay=&#8221;color&#8221; wpex_bg_overlay_color=&#8221;#ffffff&#8221; wpex_bg_overlay_opacity=&#8221;0.4&#8243; min_height=&#8221;300px&#8221;][vc_column][\/vc_column][\/vc_row][vc_row column_spacing=&#8221;0px&#8221;][vc_column][vcex_spacing][\/vc_column][\/vc_row]<\/p>","protected":false},"excerpt":{"rendered":"<p>[vc_row][vc_column][vcex_spacing size=&#8221;10px&#8221; visibility=&#8221;hidden-desktop&#8221;][\/vc_column][\/vc_row][vc_row][vc_column][vc_column_text responsive_text=&#8221;true&#8221; text_align=&#8221;center&#8221; font_family=&#8221;Prata&#8221; color=&#8221;#81d7d1&#8243; font_size=&#8221;30&#8243; line_height=&#8221;35px&#8221;]Advanced Skin Treatment[\/vc_column_text][vcex_spacing][vcex_divider align=&#8221;center&#8221; width=&#8221;20%&#8221; height=&#8221;1px&#8221;][\/vc_column][\/vc_row][vc_row][vc_column][vc_column_text responsive_text=&#8221;true&#8221; font_size=&#8221;18&#8243; line_height=&#8221;25px&#8221;]Ett holistiskt behandlingskoncept d\u00e4r vi jobbar med huden \u00e4ven fr\u00e5n insidan. F\u00f6rutom en fantastiskt h\u00e4rlig och djupg\u00e5ende ansiktsbehandling fyller vi i ett h\u00e4lsoformul\u00e4r samt g\u00f6r ansikts-och tungdiagnostik. Detta ger svar p\u00e5 om det finns obalanser som kan p\u00e5verka h\u00e4lsan [&hellip;]<\/p>","protected":false},"author":1,"featured_media":0,"parent":0,"menu_order":0,"comment_status":"closed","ping_status":"closed","template":"","meta":{"footnotes":""},"class_list":["post-1419","page","type-page","status-publish","hentry"],"yoast_head":"<!-- This site is optimized with the Yoast SEO plugin v21.7 - https:\/\/yoast.com\/wordpress\/plugins\/seo\/ -->\n<title>Advanced Skin Treatment - Pure Clinic - Sk\u00f6nhetsklinik i Stockholm Saltsj\u00f6baden<\/title>\n<meta name=\"robots\" content=\"index, follow, max-snippet:-1, max-image-preview:large, max-video-preview:-1\" \/>\n<link rel=\"canonical\" href=\"https:\/\/pureclinic.se\/ru\/advanced-skin-treatment\/\" \/>\n<meta property=\"og:locale\" content=\"ru_RU\" \/>\n<meta property=\"og:type\" content=\"article\" \/>\n<meta property=\"og:title\" content=\"Advanced Skin Treatment - Pure Clinic - Sk\u00f6nhetsklinik i Stockholm Saltsj\u00f6baden\" \/>\n<meta property=\"og:description\" content=\"[vc_row][vc_column][vcex_spacing size=&#8221;10px&#8221; visibility=&#8221;hidden-desktop&#8221;][\/vc_column][\/vc_row][vc_row][vc_column][vc_column_text responsive_text=&#8221;true&#8221; text_align=&#8221;center&#8221; font_family=&#8221;Prata&#8221; color=&#8221;#81d7d1&#8243; font_size=&#8221;30&#8243; line_height=&#8221;35px&#8221;]Advanced Skin Treatment[\/vc_column_text][vcex_spacing][vcex_divider align=&#8221;center&#8221; width=&#8221;20%&#8221; height=&#8221;1px&#8221;][\/vc_column][\/vc_row][vc_row][vc_column][vc_column_text responsive_text=&#8221;true&#8221; font_size=&#8221;18&#8243; line_height=&#8221;25px&#8221;]Ett holistiskt behandlingskoncept d\u00e4r vi jobbar med huden \u00e4ven fr\u00e5n insidan. F\u00f6rutom en fantastiskt h\u00e4rlig och djupg\u00e5ende ansiktsbehandling fyller vi i ett h\u00e4lsoformul\u00e4r samt g\u00f6r ansikts-och tungdiagnostik. Detta ger svar p\u00e5 om det finns obalanser som kan p\u00e5verka h\u00e4lsan [&hellip;]\" \/>\n<meta property=\"og:url\" content=\"https:\/\/pureclinic.se\/ru\/advanced-skin-treatment\/\" \/>\n<meta property=\"og:site_name\" content=\"Pure Clinic - Sk\u00f6nhetsklinik i Stockholm Saltsj\u00f6baden\" \/>\n<meta property=\"article:modified_time\" content=\"2019-11-04T15:41:13+00:00\" \/>\n<meta name=\"twitter:card\" content=\"summary_large_image\" \/>\n<meta name=\"twitter:label1\" content=\"\u041f\u0440\u0438\u043c\u0435\u0440\u043d\u043e\u0435 \u0432\u0440\u0435\u043c\u044f \u0434\u043b\u044f \u0447\u0442\u0435\u043d\u0438\u044f\" \/>\n\t<meta name=\"twitter:data1\" content=\"5 \u043c\u0438\u043d\u0443\u0442\" \/>\n<script type=\"application\/ld+json\" class=\"yoast-schema-graph\">{\"@context\":\"https:\/\/schema.org\",\"@graph\":[{\"@type\":\"WebPage\",\"@id\":\"https:\/\/pureclinic.se\/advanced-skin-treatment\/\",\"url\":\"https:\/\/pureclinic.se\/advanced-skin-treatment\/\",\"name\":\"Advanced Skin Treatment - Pure Clinic - Sk\u00f6nhetsklinik i Stockholm Saltsj\u00f6baden\",\"isPartOf\":{\"@id\":\"https:\/\/pureclinic.se\/en\/#website\"},\"datePublished\":\"2019-10-18T09:26:19+00:00\",\"dateModified\":\"2019-11-04T15:41:13+00:00\",\"breadcrumb\":{\"@id\":\"https:\/\/pureclinic.se\/advanced-skin-treatment\/#breadcrumb\"},\"inLanguage\":\"ru-RU\",\"potentialAction\":[{\"@type\":\"ReadAction\",\"target\":[\"https:\/\/pureclinic.se\/advanced-skin-treatment\/\"]}]},{\"@type\":\"BreadcrumbList\",\"@id\":\"https:\/\/pureclinic.se\/advanced-skin-treatment\/#breadcrumb\",\"itemListElement\":[{\"@type\":\"ListItem\",\"position\":1,\"name\":\"Hem\",\"item\":\"https:\/\/pureclinic.se\/\"},{\"@type\":\"ListItem\",\"position\":2,\"name\":\"Advanced Skin Treatment\"}]},{\"@type\":\"WebSite\",\"@id\":\"https:\/\/pureclinic.se\/en\/#website\",\"url\":\"https:\/\/pureclinic.se\/en\/\",\"name\":\"Pure Clinic - Sk\u00f6nhetsklinik i Stockholm Saltsj\u00f6baden\",\"description\":\"Pure Clinic, H\u00e4r \u00e4r vi specialiserade p\u00e5 sk\u00f6nhetsbehandlingar av b\u00e5de ansikte och kropp. Vi har valt att satsa p\u00e5 exklusiva och effektiva maskiner, med h\u00f6g s\u00e4kerhet och ett gott rykte i branschen. Pure Clinic st\u00e5r f\u00f6r att vi enbart anv\u00e4nder oss av rena, ekologiska eller ofarliga produkter och tekniker.\",\"publisher\":{\"@id\":\"https:\/\/pureclinic.se\/en\/#organization\"},\"potentialAction\":[{\"@type\":\"SearchAction\",\"target\":{\"@type\":\"EntryPoint\",\"urlTemplate\":\"https:\/\/pureclinic.se\/en\/?s={search_term_string}\"},\"query-input\":\"required name=search_term_string\"}],\"inLanguage\":\"ru-RU\"},{\"@type\":\"Organization\",\"@id\":\"https:\/\/pureclinic.se\/en\/#organization\",\"name\":\"Pure Clinic AB\",\"url\":\"https:\/\/pureclinic.se\/en\/\",\"logo\":{\"@type\":\"ImageObject\",\"inLanguage\":\"ru-RU\",\"@id\":\"https:\/\/pureclinic.se\/en\/#\/schema\/logo\/image\/\",\"url\":\"https:\/\/pureclinic.se\/wp-content\/uploads\/2017\/07\/Pure-Clinic-Turkos-liten.png\",\"contentUrl\":\"https:\/\/pureclinic.se\/wp-content\/uploads\/2017\/07\/Pure-Clinic-Turkos-liten.png\",\"width\":878,\"height\":478,\"caption\":\"Pure Clinic AB\"},\"image\":{\"@id\":\"https:\/\/pureclinic.se\/en\/#\/schema\/logo\/image\/\"}}]}<\/script>\n<!-- \/ Yoast SEO plugin. -->","yoast_head_json":{"title":"Advanced Skin Treatment - Pure Clinic - Sk\u00f6nhetsklinik i Stockholm Saltsj\u00f6baden","robots":{"index":"index","follow":"follow","max-snippet":"max-snippet:-1","max-image-preview":"max-image-preview:large","max-video-preview":"max-video-preview:-1"},"canonical":"https:\/\/pureclinic.se\/ru\/advanced-skin-treatment\/","og_locale":"ru_RU","og_type":"article","og_title":"Advanced Skin Treatment - Pure Clinic - Sk\u00f6nhetsklinik i Stockholm Saltsj\u00f6baden","og_description":"[vc_row][vc_column][vcex_spacing size=&#8221;10px&#8221; visibility=&#8221;hidden-desktop&#8221;][\/vc_column][\/vc_row][vc_row][vc_column][vc_column_text responsive_text=&#8221;true&#8221; text_align=&#8221;center&#8221; font_family=&#8221;Prata&#8221; color=&#8221;#81d7d1&#8243; font_size=&#8221;30&#8243; line_height=&#8221;35px&#8221;]Advanced Skin Treatment[\/vc_column_text][vcex_spacing][vcex_divider align=&#8221;center&#8221; width=&#8221;20%&#8221; height=&#8221;1px&#8221;][\/vc_column][\/vc_row][vc_row][vc_column][vc_column_text responsive_text=&#8221;true&#8221; font_size=&#8221;18&#8243; line_height=&#8221;25px&#8221;]Ett holistiskt behandlingskoncept d\u00e4r vi jobbar med huden \u00e4ven fr\u00e5n insidan. F\u00f6rutom en fantastiskt h\u00e4rlig och djupg\u00e5ende ansiktsbehandling fyller vi i ett h\u00e4lsoformul\u00e4r samt g\u00f6r ansikts-och tungdiagnostik. Detta ger svar p\u00e5 om det finns obalanser som kan p\u00e5verka h\u00e4lsan [&hellip;]","og_url":"https:\/\/pureclinic.se\/ru\/advanced-skin-treatment\/","og_site_name":"Pure Clinic - Sk\u00f6nhetsklinik i Stockholm Saltsj\u00f6baden","article_modified_time":"2019-11-04T15:41:13+00:00","twitter_card":"summary_large_image","twitter_misc":{"\u041f\u0440\u0438\u043c\u0435\u0440\u043d\u043e\u0435 \u0432\u0440\u0435\u043c\u044f \u0434\u043b\u044f \u0447\u0442\u0435\u043d\u0438\u044f":"5 \u043c\u0438\u043d\u0443\u0442"},"schema":{"@context":"https:\/\/schema.org","@graph":[{"@type":"WebPage","@id":"https:\/\/pureclinic.se\/advanced-skin-treatment\/","url":"https:\/\/pureclinic.se\/advanced-skin-treatment\/","name":"Advanced Skin Treatment - Pure Clinic - Sk\u00f6nhetsklinik i Stockholm Saltsj\u00f6baden","isPartOf":{"@id":"https:\/\/pureclinic.se\/en\/#website"},"datePublished":"2019-10-18T09:26:19+00:00","dateModified":"2019-11-04T15:41:13+00:00","breadcrumb":{"@id":"https:\/\/pureclinic.se\/advanced-skin-treatment\/#breadcrumb"},"inLanguage":"ru-RU","potentialAction":[{"@type":"ReadAction","target":["https:\/\/pureclinic.se\/advanced-skin-treatment\/"]}]},{"@type":"BreadcrumbList","@id":"https:\/\/pureclinic.se\/advanced-skin-treatment\/#breadcrumb","itemListElement":[{"@type":"ListItem","position":1,"name":"Hem","item":"https:\/\/pureclinic.se\/"},{"@type":"ListItem","position":2,"name":"Advanced Skin Treatment"}]},{"@type":"WebSite","@id":"https:\/\/pureclinic.se\/en\/#website","url":"https:\/\/pureclinic.se\/en\/","name":"Pure Clinic - Sk\u00f6nhetsklinik i Stockholm Saltsj\u00f6baden","description":"Pure Clinic, H\u00e4r \u00e4r vi specialiserade p\u00e5 sk\u00f6nhetsbehandlingar av b\u00e5de ansikte och kropp. Vi har valt att satsa p\u00e5 exklusiva och effektiva maskiner, med h\u00f6g s\u00e4kerhet och ett gott rykte i branschen. Pure Clinic st\u00e5r f\u00f6r att vi enbart anv\u00e4nder oss av rena, ekologiska eller ofarliga produkter och tekniker.","publisher":{"@id":"https:\/\/pureclinic.se\/en\/#organization"},"potentialAction":[{"@type":"SearchAction","target":{"@type":"EntryPoint","urlTemplate":"https:\/\/pureclinic.se\/en\/?s={search_term_string}"},"query-input":"required name=search_term_string"}],"inLanguage":"ru-RU"},{"@type":"Organization","@id":"https:\/\/pureclinic.se\/en\/#organization","name":"Pure Clinic AB","url":"https:\/\/pureclinic.se\/en\/","logo":{"@type":"ImageObject","inLanguage":"ru-RU","@id":"https:\/\/pureclinic.se\/en\/#\/schema\/logo\/image\/","url":"https:\/\/pureclinic.se\/wp-content\/uploads\/2017\/07\/Pure-Clinic-Turkos-liten.png","contentUrl":"https:\/\/pureclinic.se\/wp-content\/uploads\/2017\/07\/Pure-Clinic-Turkos-liten.png","width":878,"height":478,"caption":"Pure Clinic AB"},"image":{"@id":"https:\/\/pureclinic.se\/en\/#\/schema\/logo\/image\/"}}]}},"_links":{"self":[{"href":"https:\/\/pureclinic.se\/ru\/wp-json\/wp\/v2\/pages\/1419"}],"collection":[{"href":"https:\/\/pureclinic.se\/ru\/wp-json\/wp\/v2\/pages"}],"about":[{"href":"https:\/\/pureclinic.se\/ru\/wp-json\/wp\/v2\/types\/page"}],"author":[{"embeddable":true,"href":"https:\/\/pureclinic.se\/ru\/wp-json\/wp\/v2\/users\/1"}],"replies":[{"embeddable":true,"href":"https:\/\/pureclinic.se\/ru\/wp-json\/wp\/v2\/comments?post=1419"}],"version-history":[{"count":0,"href":"https:\/\/pureclinic.se\/ru\/wp-json\/wp\/v2\/pages\/1419\/revisions"}],"wp:attachment":[{"href":"https:\/\/pureclinic.se\/ru\/wp-json\/wp\/v2\/media?parent=1419"}],"curies":[{"name":"wp","href":"https:\/\/api.w.org\/{rel}","templated":true}]}}