{"id":128,"date":"2017-08-24T09:48:57","date_gmt":"2017-08-24T09:48:57","guid":{"rendered":"https:\/\/pureclinic.se\/?page_id=128"},"modified":"2024-10-30T14:45:28","modified_gmt":"2024-10-30T14:45:28","slug":"hudvard","status":"publish","type":"page","link":"https:\/\/pureclinic.se\/ru\/hudvard\/","title":{"rendered":"\u0423\u0445\u043e\u0434 \u0437\u0430 \u043a\u043e\u0436\u0435\u0439"},"content":{"rendered":"<div data-elementor-type=\"wp-page\" data-elementor-id=\"128\" class=\"elementor elementor-128\" data-elementor-post-type=\"page\">\n\t\t\t\t<div class=\"elementor-element elementor-element-9f012e2 e-flex e-con-boxed e-con e-parent\" data-id=\"9f012e2\" data-element_type=\"container\">\n\t\t\t\t\t<div class=\"e-con-inner\">\n\t\t\t\t<div class=\"elementor-element elementor-element-9ebbadb elementor-widget elementor-widget-heading\" data-id=\"9ebbadb\" data-element_type=\"widget\" data-widget_type=\"heading.default\">\n\t\t\t\t<div class=\"elementor-widget-container\">\n\t\t\t<h2 class=\"elementor-heading-title elementor-size-default\">\u0415\u0441\u0442\u0435\u0441\u0442\u0432\u0435\u043d\u043d\u044b\u0439 \u0443\u0445\u043e\u0434 \u0437\u0430 \u043a\u043e\u0436\u0435\u0439 \u0432 \u043a\u043b\u0438\u043d\u0438\u043a\u0435 Pure Clinic\n\n<\/h2>\t\t<\/div>\n\t\t\t\t<\/div>\n\t\t\t\t<div class=\"elementor-element elementor-element-2b7d5dd elementor-widget-divider--view-line elementor-widget elementor-widget-divider\" data-id=\"2b7d5dd\" data-element_type=\"widget\" data-widget_type=\"divider.default\">\n\t\t\t\t<div class=\"elementor-widget-container\">\n\t\t\t\t\t<div class=\"elementor-divider\">\n\t\t\t<span class=\"elementor-divider-separator\">\n\t\t\t\t\t\t<\/span>\n\t\t<\/div>\n\t\t\t\t<\/div>\n\t\t\t\t<\/div>\n\t\t\t\t\t<\/div>\n\t\t\t\t<\/div>\n\t\t<div class=\"elementor-element elementor-element-24a5ab5 e-grid e-con-boxed e-con e-parent\" data-id=\"24a5ab5\" data-element_type=\"container\">\n\t\t\t\t\t<div class=\"e-con-inner\">\n\t\t<div class=\"elementor-element elementor-element-42e1fc5 e-con-full e-flex e-con e-child\" data-id=\"42e1fc5\" data-element_type=\"container\">\n\t\t\t\t<div class=\"elementor-element elementor-element-39af597 elementor-widget elementor-widget-image\" data-id=\"39af597\" data-element_type=\"widget\" data-widget_type=\"image.default\">\n\t\t\t\t<div class=\"elementor-widget-container\">\n\t\t\t\t\t\t\t\t\t\t\t\t\t<img fetchpriority=\"high\" decoding=\"async\" width=\"476\" height=\"317\" src=\"https:\/\/pureclinic.se\/wp-content\/uploads\/2024\/07\/Beachkind-20.jpg\" class=\"attachment-full size-full wp-image-2150\" alt=\"\" srcset=\"https:\/\/pureclinic.se\/wp-content\/uploads\/2024\/07\/Beachkind-20.jpg 476w, https:\/\/pureclinic.se\/wp-content\/uploads\/2024\/07\/Beachkind-20-300x200.jpg 300w\" sizes=\"(max-width: 476px) 100vw, 476px\" \/>\t\t\t\t\t\t\t\t\t\t\t\t\t<\/div>\n\t\t\t\t<\/div>\n\t\t\t\t<div class=\"elementor-element elementor-element-07bde15 elementor-widget elementor-widget-heading\" data-id=\"07bde15\" data-element_type=\"widget\" data-widget_type=\"heading.default\">\n\t\t\t\t<div class=\"elementor-widget-container\">\n\t\t\t<h2 class=\"elementor-heading-title elementor-size-default\">\u0421\u0440\u0435\u0434\u0441\u0442\u0432\u0430 \u043f\u043e \u0443\u0445\u043e\u0434\u0443 \u0437\u0430 \u043a\u043e\u0436\u0435\u0439 Beachkind\n\n<\/h2>\t\t<\/div>\n\t\t\t\t<\/div>\n\t\t\t\t<div class=\"elementor-element elementor-element-9782574 elementor-widget elementor-widget-text-editor\" data-id=\"9782574\" data-element_type=\"widget\" data-widget_type=\"text-editor.default\">\n\t\t\t\t<div class=\"elementor-widget-container\">\n\t\t\t\t\t\t\t<p>\u0412 Pure Clinic \u043c\u044b \u043f\u0440\u0435\u0434\u043b\u0430\u0433\u0430\u0435\u043c \u0441\u0440\u0435\u0434\u0441\u0442\u0432\u0430 \u043f\u043e \u0443\u0445\u043e\u0434\u0443 \u0437\u0430 \u043a\u043e\u0436\u0435\u0439 Beachkind, \u043a\u043e\u0442\u043e\u0440\u044b\u0435 \u044f\u0432\u043b\u044f\u044e\u0442\u0441\u044f \u0431\u0435\u0437\u043e\u043f\u0430\u0441\u043d\u044b\u043c\u0438 \u0434\u043b\u044f \u043b\u044e\u0434\u0435\u0439, \u0436\u0438\u0432\u043e\u0442\u043d\u044b\u0445 \u0438 \u0432\u043e\u0434\u043d\u043e\u0439 \u0441\u0440\u0435\u0434\u044b \u2014 \u043a\u0430\u043a \u0434\u043b\u044f \u043c\u043e\u0440\u0435\u0439, \u0442\u0430\u043a \u0438 \u043e\u043a\u0435\u0430\u043d\u043e\u0432.\u0421\u043e\u043b\u043d\u0446\u0435\u0437\u0430\u0449\u0438\u0442\u043d\u044b\u0435 \u0441\u0440\u0435\u0434\u0441\u0442\u0432\u0430 Beachkind \u0441\u043e\u0434\u0435\u0440\u0436\u0430\u0442 100% \u043d\u0430\u0442\u0443\u0440\u0430\u043b\u044c\u043d\u044b\u0435 \u0438\u043d\u0433\u0440\u0435\u0434\u0438\u0435\u043d\u0442\u044b: \u043c\u0430\u0441\u043b\u0430, \u0432\u043e\u0441\u043a, \u043c\u0438\u043d\u0435\u0440\u0430\u043b\u044b \u0438 \u0432\u0438\u0442\u0430\u043c\u0438\u043d\u044b, \u043a\u043e\u0442\u043e\u0440\u044b\u0435 \u044f\u0432\u043b\u044f\u044e\u0442\u0441\u044f \u043f\u0440\u043e\u0442\u0435\u0441\u0442\u0438\u0440\u043e\u0432\u0430\u043d\u043d\u044b\u043c\u0438 \u0438 \u0431\u0435\u0440\u0435\u0436\u043d\u044b\u043c\u0438 \u0432 \u0443\u0445\u043e\u0434\u0435 \u0437\u0430 \u0432\u0430\u0448\u0435\u0439 \u043a\u043e\u0436\u0435\u0439.<\/p><p>\u0412 \u043d\u0430\u0448\u0438\u0445 \u0441\u043e\u043b\u043d\u0446\u0435\u0437\u0430\u0449\u0438\u0442\u043d\u044b\u0445 \u0441\u0440\u0435\u0434\u0441\u0442\u0432\u0430\u0445 \u0441\u043e\u0434\u0435\u0440\u0436\u0438\u0442\u0441\u044f \u0444\u0438\u0437\u0438\u0447\u0435\u0441\u043a\u0438\u0439 \u0444\u0438\u043b\u044c\u0442\u0440 \u0441 \u043d\u0430\u043d\u043e-\u043d\u0430\u0442\u0443\u0440\u0430\u043b\u044c\u043d\u044b\u043c\u0438 \u043c\u0438\u043d\u0435\u0440\u0430\u043b\u044c\u043d\u044b\u043c\u0438 \u0447\u0430\u0441\u0442\u0438\u0446\u0430\u043c\u0438 \u0438\u0437 \u043e\u043a\u0441\u0438\u0434\u0430 \u0446\u0438\u043d\u043a\u0430, \u043a\u043e\u0442\u043e\u0440\u044b\u0439 \u044d\u0444\u0444\u0435\u043a\u0442\u0438\u0432\u043d\u043e \u043e\u0442\u0440\u0430\u0436\u0430\u0435\u0442 \u043a\u0430\u043a UVA, \u0442\u0430\u043a \u0438 UVB \u043b\u0443\u0447\u0438, \u043d\u0435 \u043f\u043e\u0437\u0432\u043e\u043b\u044f\u044f \u0438\u043c \u043f\u0440\u043e\u043d\u0438\u043a\u0430\u0442\u044c \u0432\u0433\u043b\u0443\u0431\u044c \u043a\u043e\u0436\u0438. \u041a\u0440\u043e\u043c\u0435 \u0442\u043e\u0433\u043e, \u043f\u0440\u043e\u0434\u0443\u043a\u0442\u044b Beachkind \u043d\u0435 \u0441\u043e\u0434\u0435\u0440\u0436\u0430\u0442 \u0432\u0440\u0435\u0434\u043d\u044b\u0445 \u0438\u043d\u0433\u0440\u0435\u0434\u0438\u0435\u043d\u0442\u043e\u0432, \u0442\u0430\u043a\u0438\u0445 \u043a\u0430\u043a \u043e\u043a\u0441\u0438\u0431\u0435\u043d\u0437\u043e\u043d, \u043e\u043a\u0442\u0438\u043d\u043e\u043a\u0441\u0430\u0442, \u043c\u0438\u043a\u0440\u043e\u043f\u043b\u0430\u0441\u0442\u0438\u043a \u0438 \u043d\u0430\u043d\u043e\u0447\u0430\u0441\u0442\u0438\u0446\u044b, \u0447\u0442\u043e \u0434\u0435\u043b\u0430\u0435\u0442 \u0438\u0445 \u0430\u0431\u0441\u043e\u043b\u044e\u0442\u043d\u043e \u0431\u0435\u0437\u043e\u043f\u0430\u0441\u043d\u044b\u043c\u0438 \u0434\u043b\u044f \u043c\u043e\u0440\u0441\u043a\u0438\u0445 \u043e\u0431\u0438\u0442\u0430\u0442\u0435\u043b\u0435\u0439.<\/p><p>\u0412\u044b\u0431\u0438\u0440\u0430\u044f Beachkind, \u0432\u044b \u0437\u0430\u0449\u0438\u0449\u0430\u0435\u0442\u0435 \u0438 \u0441\u0435\u0431\u044f, \u0438 \u043d\u0430\u0448\u0443 \u043f\u043b\u0430\u043d\u0435\u0442\u0443.<\/p>\t\t\t\t\t\t<\/div>\n\t\t\t\t<\/div>\n\t\t\t\t<\/div>\n\t\t<div class=\"elementor-element elementor-element-98c072b e-con-full e-flex e-con e-child\" data-id=\"98c072b\" data-element_type=\"container\">\n\t\t\t\t<div class=\"elementor-element elementor-element-b9e62dc elementor-widget elementor-widget-image\" data-id=\"b9e62dc\" data-element_type=\"widget\" data-widget_type=\"image.default\">\n\t\t\t\t<div class=\"elementor-widget-container\">\n\t\t\t\t\t\t\t\t\t\t\t\t\t<img decoding=\"async\" width=\"1079\" height=\"817\" src=\"https:\/\/pureclinic.se\/wp-content\/uploads\/2021\/10\/IMG_3261-II.jpg\" class=\"attachment-full size-full wp-image-1478\" alt=\"\" srcset=\"https:\/\/pureclinic.se\/wp-content\/uploads\/2021\/10\/IMG_3261-II.jpg 1079w, https:\/\/pureclinic.se\/wp-content\/uploads\/2021\/10\/IMG_3261-II-300x227.jpg 300w, https:\/\/pureclinic.se\/wp-content\/uploads\/2021\/10\/IMG_3261-II-1024x775.jpg 1024w, https:\/\/pureclinic.se\/wp-content\/uploads\/2021\/10\/IMG_3261-II-768x582.jpg 768w\" sizes=\"(max-width: 1079px) 100vw, 1079px\" \/>\t\t\t\t\t\t\t\t\t\t\t\t\t<\/div>\n\t\t\t\t<\/div>\n\t\t\t\t<div class=\"elementor-element elementor-element-57cf1ce elementor-widget elementor-widget-heading\" data-id=\"57cf1ce\" data-element_type=\"widget\" data-widget_type=\"heading.default\">\n\t\t\t\t<div class=\"elementor-widget-container\">\n\t\t\t<h2 class=\"elementor-heading-title elementor-size-default\">Organics by Sara<\/h2>\t\t<\/div>\n\t\t\t\t<\/div>\n\t\t\t\t<div class=\"elementor-element elementor-element-b90130a elementor-widget elementor-widget-text-editor\" data-id=\"b90130a\" data-element_type=\"widget\" data-widget_type=\"text-editor.default\">\n\t\t\t\t<div class=\"elementor-widget-container\">\n\t\t\t\t\t\t\t<p>Organics by Sara \u043f\u0440\u0435\u0434\u043b\u0430\u0433\u0430\u0435\u0442 \u0432\u0430\u043c \u044d\u043a\u043e\u043b\u043e\u0433\u0438\u0447\u0435\u0441\u043a\u0438 \u0447\u0438\u0441\u0442\u044b\u0435 \u0448\u0432\u0435\u0434\u0441\u043a\u0438\u0435 \u0441\u0440\u0435\u0434\u0441\u0442\u0432\u0430 \u0434\u043b\u044f \u0443\u0445\u043e\u0434\u0430 \u0437\u0430 \u043a\u043e\u0436\u0435\u0439 \u0441\u043e 100% \u043e\u0440\u0433\u0430\u043d\u0438\u0447\u0435\u0441\u043a\u0438\u043c \u0441\u043e\u0434\u0435\u0440\u0436\u0430\u043d\u0438\u0435\u043c. \u042d\u043a\u0441\u043a\u043b\u044e\u0437\u0438\u0432\u043d\u0430\u044f, \u0440\u0443\u0447\u043d\u043e\u0439 \u0440\u0430\u0431\u043e\u0442\u044b \u0441\u0435\u0440\u0438\u044f \u0438\u0437 \u043d\u0435\u043c\u043d\u043e\u0433\u0438\u0445, \u0442\u0449\u0430\u0442\u0435\u043b\u044c\u043d\u043e \u043e\u0442\u043e\u0431\u0440\u0430\u043d\u043d\u044b\u0445 \u0438\u043d\u0433\u0440\u0435\u0434\u0438\u0435\u043d\u0442\u043e\u0432. \u0412 \u0440\u0435\u0437\u0443\u043b\u044c\u0442\u0430\u0442\u0435 \u0432\u044b \u043f\u043e\u043b\u0443\u0447\u0430\u0435\u0442\u0435 \u043d\u0435\u0436\u043d\u044b\u0439, \u0434\u0435\u0439\u0441\u0442\u0432\u0435\u043d\u043d\u044b\u0439 \u0438 \u0431\u0435\u0437\u043e\u043f\u0430\u0441\u043d\u044b\u0439 \u0434\u043b\u044f \u043e\u043a\u0440\u0443\u0436\u0430\u044e\u0449\u0435\u0439 \u0441\u0440\u0435\u0434\u044b \u0443\u0445\u043e\u0434 \u2014 \u043e\u0442\u043b\u0438\u0447\u043d\u044b\u0439 \u0432\u044b\u0431\u043e\u0440 \u0434\u043b\u044f \u0432\u0430\u0448\u0435\u0439 \u043a\u043e\u0436\u0438 \u0438 \u043d\u0430\u0448\u0435\u0439 \u043f\u0440\u0438\u0440\u043e\u0434\u044b!<\/p><p>\u041f\u043e\u0434\u0434\u0435\u0440\u0436\u0438\u0442\u0435 \u043d\u0430\u0448\u0443 \u043a\u043b\u0438\u043d\u0438\u043a\u0443 \u0438 \u0443\u0441\u043e\u0432\u0435\u0440\u0448\u0435\u043d\u0441\u0442\u0432\u0443\u0439\u0442\u0435 \u0443\u0445\u043e\u0434 \u0437\u0430 \u0441\u0432\u043e\u0435\u0439 \u043a\u043e\u0436\u0435\u0439!\u00a0<a href=\"https:\/\/bysara.se\/\">bysara.se<\/a>\u00a0\u0425\u043e\u0442\u0438\u0442\u0435 \u043f\u043e\u0434\u0434\u0435\u0440\u0436\u0430\u0442\u044c \u0441\u0432\u043e\u044e \u043c\u0435\u0441\u0442\u043d\u0443\u044e \u043a\u043b\u0438\u043d\u0438\u043a\u0443 \u0438 \u043f\u043e\u0432\u044b\u0441\u0438\u0442\u044c \u0441\u0432\u043e\u0439 \u043e\u043f\u044b\u0442 \u0443\u0445\u043e\u0434\u0430 \u0437\u0430 \u043a\u043e\u0436\u0435\u0439? \u041f\u0440\u0438\u043e\u0431\u0440\u0435\u0442\u0430\u0439\u0442\u0435 \u043f\u0440\u043e\u0434\u0443\u043a\u0442\u044b Organics by Sara \u0447\u0435\u0440\u0435\u0437 Pure Clinic \u0438 \u043f\u043e\u043b\u0443\u0447\u0438\u0442\u0435 2 \u0434\u043e\u043f\u043e\u043b\u043d\u0438\u0442\u0435\u043b\u044c\u043d\u044b\u0445 \u043e\u0431\u0440\u0430\u0437\u0446\u0430 \u0441 \u0432\u0430\u0448\u0438\u043c \u0437\u0430\u043a\u0430\u0437\u043e\u043c. \u0421\u0434\u0435\u043b\u0430\u0439\u0442\u0435 \u0437\u0430\u043a\u0430\u0437 \u043d\u0430 \u0441\u0430\u0439\u0442\u0435 bysara.se \u0438 \u0443\u043a\u0430\u0436\u0438\u0442\u0435 \"pure clinic\" \u0432 \u0441\u043e\u043e\u0431\u0449\u0435\u043d\u0438\u0438 \u043f\u0440\u0438 \u043e\u0444\u043e\u0440\u043c\u043b\u0435\u043d\u0438\u0438 (\u0432\u043d\u0438\u043c\u0430\u043d\u0438\u0435, \u043d\u0435 \u043a\u0430\u043a \u043a\u043e\u0434 \u0441\u043a\u0438\u0434\u043a\u0438, \u0430 \u0432 \u0441\u043e\u043e\u0431\u0449\u0435\u043d\u0438\u0438). \u0422\u0430\u043a\u0438\u043c \u043e\u0431\u0440\u0430\u0437\u043e\u043c, \u0432\u044b \u043f\u043e\u043b\u0443\u0447\u0438\u0442\u0435 \u043d\u0435 \u0442\u043e\u043b\u044c\u043a\u043e \u0434\u043e\u043f\u043e\u043b\u043d\u0438\u0442\u0435\u043b\u044c\u043d\u044b\u0435 \u043e\u0431\u0440\u0430\u0437\u0446\u044b, \u043d\u043e \u0438 Pure Clinic \u043f\u043e\u043b\u0443\u0447\u0438\u0442 \u043f\u0440\u043e\u0446\u0435\u043d\u0442 \u0441 \u0432\u0430\u0448\u0435\u0439 \u043f\u043e\u043a\u0443\u043f\u043a\u0438. \u042d\u0442\u043e \u0438\u0434\u0435\u0430\u043b\u044c\u043d\u044b\u0439 \u0441\u043f\u043e\u0441\u043e\u0431 \u043f\u043e\u0434\u0434\u0435\u0440\u0436\u0430\u0442\u044c \u043c\u0435\u0441\u0442\u043d\u0443\u044e \u043a\u043b\u0438\u043d\u0438\u043a\u0443, \u043e\u0434\u043d\u043e\u0432\u0440\u0435\u043c\u0435\u043d\u043d\u043e \u043d\u0430\u0441\u043b\u0430\u0436\u0434\u0430\u044f\u0441\u044c \u043f\u043e\u043a\u0443\u043f\u043a\u0430\u043c\u0438 \u043f\u043e \u0443\u0445\u043e\u0434\u0443 \u0437\u0430 \u043a\u043e\u0436\u0435\u0439 \u043e\u043d\u043b\u0430\u0439\u043d.<\/p>\t\t\t\t\t\t<\/div>\n\t\t\t\t<\/div>\n\t\t\t\t<\/div>\n\t\t\t\t\t<\/div>\n\t\t\t\t<\/div>\n\t\t\t\t<\/div>","protected":false},"excerpt":{"rendered":"<p>\u041d\u0430\u0442\u0443\u0440\u0430\u043b\u044c\u043d\u044b\u0439 \u0443\u0445\u043e\u0434 \u0437\u0430 \u043a\u043e\u0436\u0435\u0439 \u0432 Pure Clinic \u041f\u0440\u043e\u0434\u0443\u043a\u0442\u044b \u043f\u043e \u0443\u0445\u043e\u0434\u0443 \u0437\u0430 \u043a\u043e\u0436\u0435\u0439 Beachkind \u0412 Pure Clinic \u043c\u044b \u043f\u0440\u0435\u0434\u043b\u0430\u0433\u0430\u0435\u043c \u043f\u0440\u043e\u0434\u0443\u043a\u0442\u044b \u043f\u043e \u0443\u0445\u043e\u0434\u0443 \u0437\u0430 \u043a\u043e\u0436\u0435\u0439 Beachkind, \u0442\u0449\u0430\u0442\u0435\u043b\u044c\u043d\u043e \u043e\u0442\u043e\u0431\u0440\u0430\u043d\u043d\u044b\u0435, \u0447\u0442\u043e\u0431\u044b \u0431\u044b\u0442\u044c \u0434\u043e\u0431\u0440\u044b\u043c\u0438 \u043a \u043b\u044e\u0434\u044f\u043c, \u0436\u0438\u0432\u043e\u0442\u043d\u044b\u043c \u0438 \u043d\u0430\u0448\u0438\u043c \u043e\u043a\u0435\u0430\u043d\u0430\u043c. \u0421\u043e\u043b\u043d\u0446\u0435\u0437\u0430\u0449\u0438\u0442\u043d\u044b\u0435 \u0441\u0440\u0435\u0434\u0441\u0442\u0432\u0430 Beachkind \u0441\u043e\u0434\u0435\u0440\u0436\u0430\u0442 100% \u043d\u0430\u0442\u0443\u0440\u0430\u043b\u044c\u043d\u044b\u0445 \u0438\u043d\u0433\u0440\u0435\u0434\u0438\u0435\u043d\u0442\u043e\u0432, \u0442\u0430\u043a\u0438\u0445 \u043a\u0430\u043a \u043e\u0440\u0433\u0430\u043d\u0438\u0447\u0435\u0441\u043a\u0438\u0435 \u043c\u0430\u0441\u043b\u0430, \u043c\u0430\u0441\u043b\u0430, \u0432\u043e\u0441\u043a\u0438, \u043c\u0438\u043d\u0435\u0440\u0430\u043b\u044b \u0438 \u0432\u0438\u0442\u0430\u043c\u0438\u043d\u044b, \u043a\u043e\u0442\u043e\u0440\u044b\u0435 \u043f\u0440\u043e\u0432\u0435\u0440\u0435\u043d\u044b \u0438 \u0431\u0435\u0440\u0435\u0436\u043d\u043e \u043e\u0442\u043d\u043e\u0441\u044f\u0442\u0441\u044f \u043a \u0432\u0430\u0448\u0435\u0439 \u043a\u043e\u0436\u0435. \u0412 \u043d\u0430\u0448\u0438\u0445 \u0441\u043e\u043b\u043d\u0446\u0435\u0437\u0430\u0449\u0438\u0442\u043d\u044b\u0445 \u0441\u0440\u0435\u0434\u0441\u0442\u0432\u0430\u0445 \u0438\u0441\u043f\u043e\u043b\u044c\u0437\u0443\u0435\u0442\u0441\u044f [...]...<\/p>","protected":false},"author":1,"featured_media":0,"parent":0,"menu_order":0,"comment_status":"closed","ping_status":"closed","template":"elementor_header_footer","meta":{"footnotes":""},"class_list":["post-128","page","type-page","status-publish","hentry"],"yoast_head":"<!-- This site is optimized with the Yoast SEO plugin v21.7 - https:\/\/yoast.com\/wordpress\/plugins\/seo\/ -->\n<title>Hudv\u00e5rd som \u00e4r naturlig och ekologisk fr\u00e5n Cicamed och Organics by Sara<\/title>\n<meta name=\"description\" content=\"Hudv\u00e5rd som vi s\u00e4ljer h\u00e4r p\u00e5 Pure Clinic \u00e4r ekologisk och naturlig fr\u00e5n bland annat cicamed och organics by sara.\" \/>\n<meta name=\"robots\" content=\"index, follow, max-snippet:-1, max-image-preview:large, max-video-preview:-1\" \/>\n<link rel=\"canonical\" href=\"https:\/\/pureclinic.se\/ru\/hudvard\/\" \/>\n<meta property=\"og:locale\" content=\"ru_RU\" \/>\n<meta property=\"og:type\" content=\"article\" \/>\n<meta property=\"og:title\" content=\"Hudv\u00e5rd som \u00e4r naturlig och ekologisk fr\u00e5n Cicamed och Organics by Sara\" \/>\n<meta property=\"og:description\" content=\"Hudv\u00e5rd som vi s\u00e4ljer h\u00e4r p\u00e5 Pure Clinic \u00e4r ekologisk och naturlig fr\u00e5n bland annat cicamed och organics by sara.\" \/>\n<meta property=\"og:url\" content=\"https:\/\/pureclinic.se\/ru\/hudvard\/\" \/>\n<meta property=\"og:site_name\" content=\"Pure Clinic - Sk\u00f6nhetsklinik i Stockholm Saltsj\u00f6baden\" \/>\n<meta property=\"article:modified_time\" content=\"2024-10-30T14:45:28+00:00\" \/>\n<meta property=\"og:image\" content=\"https:\/\/pureclinic.se\/wp-content\/uploads\/2024\/07\/Beachkind-20.jpg\" \/>\n<meta name=\"twitter:card\" content=\"summary_large_image\" \/>\n<meta name=\"twitter:label1\" content=\"\u041f\u0440\u0438\u043c\u0435\u0440\u043d\u043e\u0435 \u0432\u0440\u0435\u043c\u044f \u0434\u043b\u044f \u0447\u0442\u0435\u043d\u0438\u044f\" \/>\n\t<meta name=\"twitter:data1\" content=\"2 \u043c\u0438\u043d\u0443\u0442\u044b\" \/>\n<script type=\"application\/ld+json\" class=\"yoast-schema-graph\">{\"@context\":\"https:\/\/schema.org\",\"@graph\":[{\"@type\":\"WebPage\",\"@id\":\"https:\/\/pureclinic.se\/hudvard\/\",\"url\":\"https:\/\/pureclinic.se\/hudvard\/\",\"name\":\"Hudv\u00e5rd som \u00e4r naturlig och ekologisk fr\u00e5n Cicamed och Organics by Sara\",\"isPartOf\":{\"@id\":\"https:\/\/pureclinic.se\/en\/#website\"},\"datePublished\":\"2017-08-24T09:48:57+00:00\",\"dateModified\":\"2024-10-30T14:45:28+00:00\",\"description\":\"Hudv\u00e5rd som vi s\u00e4ljer h\u00e4r p\u00e5 Pure Clinic \u00e4r ekologisk och naturlig fr\u00e5n bland annat cicamed och organics by sara.\",\"breadcrumb\":{\"@id\":\"https:\/\/pureclinic.se\/hudvard\/#breadcrumb\"},\"inLanguage\":\"ru-RU\",\"potentialAction\":[{\"@type\":\"ReadAction\",\"target\":[\"https:\/\/pureclinic.se\/hudvard\/\"]}]},{\"@type\":\"BreadcrumbList\",\"@id\":\"https:\/\/pureclinic.se\/hudvard\/#breadcrumb\",\"itemListElement\":[{\"@type\":\"ListItem\",\"position\":1,\"name\":\"Hem\",\"item\":\"https:\/\/pureclinic.se\/\"},{\"@type\":\"ListItem\",\"position\":2,\"name\":\"Hudv\u00e5rd\"}]},{\"@type\":\"WebSite\",\"@id\":\"https:\/\/pureclinic.se\/en\/#website\",\"url\":\"https:\/\/pureclinic.se\/en\/\",\"name\":\"Pure Clinic - Sk\u00f6nhetsklinik i Stockholm Saltsj\u00f6baden\",\"description\":\"Pure Clinic, H\u00e4r \u00e4r vi specialiserade p\u00e5 sk\u00f6nhetsbehandlingar av b\u00e5de ansikte och kropp. Vi har valt att satsa p\u00e5 exklusiva och effektiva maskiner, med h\u00f6g s\u00e4kerhet och ett gott rykte i branschen. Pure Clinic st\u00e5r f\u00f6r att vi enbart anv\u00e4nder oss av rena, ekologiska eller ofarliga produkter och tekniker.\",\"publisher\":{\"@id\":\"https:\/\/pureclinic.se\/en\/#organization\"},\"potentialAction\":[{\"@type\":\"SearchAction\",\"target\":{\"@type\":\"EntryPoint\",\"urlTemplate\":\"https:\/\/pureclinic.se\/en\/?s={search_term_string}\"},\"query-input\":\"required name=search_term_string\"}],\"inLanguage\":\"ru-RU\"},{\"@type\":\"Organization\",\"@id\":\"https:\/\/pureclinic.se\/en\/#organization\",\"name\":\"Pure Clinic AB\",\"url\":\"https:\/\/pureclinic.se\/en\/\",\"logo\":{\"@type\":\"ImageObject\",\"inLanguage\":\"ru-RU\",\"@id\":\"https:\/\/pureclinic.se\/en\/#\/schema\/logo\/image\/\",\"url\":\"https:\/\/pureclinic.se\/wp-content\/uploads\/2017\/07\/Pure-Clinic-Turkos-liten.png\",\"contentUrl\":\"https:\/\/pureclinic.se\/wp-content\/uploads\/2017\/07\/Pure-Clinic-Turkos-liten.png\",\"width\":878,\"height\":478,\"caption\":\"Pure Clinic AB\"},\"image\":{\"@id\":\"https:\/\/pureclinic.se\/en\/#\/schema\/logo\/image\/\"}}]}<\/script>\n<!-- \/ Yoast SEO plugin. -->","yoast_head_json":{"title":"Hudv\u00e5rd som \u00e4r naturlig och ekologisk fr\u00e5n Cicamed och Organics by Sara","description":"Hudv\u00e5rd som vi s\u00e4ljer h\u00e4r p\u00e5 Pure Clinic \u00e4r ekologisk och naturlig fr\u00e5n bland annat cicamed och organics by sara.","robots":{"index":"index","follow":"follow","max-snippet":"max-snippet:-1","max-image-preview":"max-image-preview:large","max-video-preview":"max-video-preview:-1"},"canonical":"https:\/\/pureclinic.se\/ru\/hudvard\/","og_locale":"ru_RU","og_type":"article","og_title":"Hudv\u00e5rd som \u00e4r naturlig och ekologisk fr\u00e5n Cicamed och Organics by Sara","og_description":"Hudv\u00e5rd som vi s\u00e4ljer h\u00e4r p\u00e5 Pure Clinic \u00e4r ekologisk och naturlig fr\u00e5n bland annat cicamed och organics by sara.","og_url":"https:\/\/pureclinic.se\/ru\/hudvard\/","og_site_name":"Pure Clinic - Sk\u00f6nhetsklinik i Stockholm Saltsj\u00f6baden","article_modified_time":"2024-10-30T14:45:28+00:00","og_image":[{"url":"https:\/\/pureclinic.se\/wp-content\/uploads\/2024\/07\/Beachkind-20.jpg"}],"twitter_card":"summary_large_image","twitter_misc":{"\u041f\u0440\u0438\u043c\u0435\u0440\u043d\u043e\u0435 \u0432\u0440\u0435\u043c\u044f \u0434\u043b\u044f \u0447\u0442\u0435\u043d\u0438\u044f":"2 \u043c\u0438\u043d\u0443\u0442\u044b"},"schema":{"@context":"https:\/\/schema.org","@graph":[{"@type":"WebPage","@id":"https:\/\/pureclinic.se\/hudvard\/","url":"https:\/\/pureclinic.se\/hudvard\/","name":"Hudv\u00e5rd som \u00e4r naturlig och ekologisk fr\u00e5n Cicamed och Organics by Sara","isPartOf":{"@id":"https:\/\/pureclinic.se\/en\/#website"},"datePublished":"2017-08-24T09:48:57+00:00","dateModified":"2024-10-30T14:45:28+00:00","description":"Hudv\u00e5rd som vi s\u00e4ljer h\u00e4r p\u00e5 Pure Clinic \u00e4r ekologisk och naturlig fr\u00e5n bland annat cicamed och organics by sara.","breadcrumb":{"@id":"https:\/\/pureclinic.se\/hudvard\/#breadcrumb"},"inLanguage":"ru-RU","potentialAction":[{"@type":"ReadAction","target":["https:\/\/pureclinic.se\/hudvard\/"]}]},{"@type":"BreadcrumbList","@id":"https:\/\/pureclinic.se\/hudvard\/#breadcrumb","itemListElement":[{"@type":"ListItem","position":1,"name":"Hem","item":"https:\/\/pureclinic.se\/"},{"@type":"ListItem","position":2,"name":"Hudv\u00e5rd"}]},{"@type":"WebSite","@id":"https:\/\/pureclinic.se\/en\/#website","url":"https:\/\/pureclinic.se\/en\/","name":"Pure Clinic - Sk\u00f6nhetsklinik i Stockholm Saltsj\u00f6baden","description":"Pure Clinic, H\u00e4r \u00e4r vi specialiserade p\u00e5 sk\u00f6nhetsbehandlingar av b\u00e5de ansikte och kropp. Vi har valt att satsa p\u00e5 exklusiva och effektiva maskiner, med h\u00f6g s\u00e4kerhet och ett gott rykte i branschen. Pure Clinic st\u00e5r f\u00f6r att vi enbart anv\u00e4nder oss av rena, ekologiska eller ofarliga produkter och tekniker.","publisher":{"@id":"https:\/\/pureclinic.se\/en\/#organization"},"potentialAction":[{"@type":"SearchAction","target":{"@type":"EntryPoint","urlTemplate":"https:\/\/pureclinic.se\/en\/?s={search_term_string}"},"query-input":"required name=search_term_string"}],"inLanguage":"ru-RU"},{"@type":"Organization","@id":"https:\/\/pureclinic.se\/en\/#organization","name":"Pure Clinic AB","url":"https:\/\/pureclinic.se\/en\/","logo":{"@type":"ImageObject","inLanguage":"ru-RU","@id":"https:\/\/pureclinic.se\/en\/#\/schema\/logo\/image\/","url":"https:\/\/pureclinic.se\/wp-content\/uploads\/2017\/07\/Pure-Clinic-Turkos-liten.png","contentUrl":"https:\/\/pureclinic.se\/wp-content\/uploads\/2017\/07\/Pure-Clinic-Turkos-liten.png","width":878,"height":478,"caption":"Pure Clinic AB"},"image":{"@id":"https:\/\/pureclinic.se\/en\/#\/schema\/logo\/image\/"}}]}},"_links":{"self":[{"href":"https:\/\/pureclinic.se\/ru\/wp-json\/wp\/v2\/pages\/128"}],"collection":[{"href":"https:\/\/pureclinic.se\/ru\/wp-json\/wp\/v2\/pages"}],"about":[{"href":"https:\/\/pureclinic.se\/ru\/wp-json\/wp\/v2\/types\/page"}],"author":[{"embeddable":true,"href":"https:\/\/pureclinic.se\/ru\/wp-json\/wp\/v2\/users\/1"}],"replies":[{"embeddable":true,"href":"https:\/\/pureclinic.se\/ru\/wp-json\/wp\/v2\/comments?post=128"}],"version-history":[{"count":0,"href":"https:\/\/pureclinic.se\/ru\/wp-json\/wp\/v2\/pages\/128\/revisions"}],"wp:attachment":[{"href":"https:\/\/pureclinic.se\/ru\/wp-json\/wp\/v2\/media?parent=128"}],"curies":[{"name":"wp","href":"https:\/\/api.w.org\/{rel}","templated":true}]}}