{"id":520,"date":"2017-09-19T08:34:50","date_gmt":"2017-09-19T08:34:50","guid":{"rendered":"https:\/\/pureclinic.se\/?page_id=520"},"modified":"2026-02-04T20:44:38","modified_gmt":"2026-02-04T20:44:38","slug":"kavitationspeeling","status":"publish","type":"page","link":"https:\/\/pureclinic.se\/en\/kavitationspeeling\/","title":{"rendered":"Cavitation exfoliation"},"content":{"rendered":"<div data-elementor-type=\"wp-page\" data-elementor-id=\"520\" class=\"elementor elementor-520\" data-elementor-post-type=\"page\">\n\t\t\t\t<div class=\"elementor-element elementor-element-4d15efac e-flex e-con-boxed e-con e-parent\" data-id=\"4d15efac\" data-element_type=\"container\">\n\t\t\t\t\t<div class=\"e-con-inner\">\n\t\t\t\t<div class=\"elementor-element elementor-element-9e5b7aa elementor-widget elementor-widget-heading\" data-id=\"9e5b7aa\" data-element_type=\"widget\" data-widget_type=\"heading.default\">\n\t\t\t\t<div class=\"elementor-widget-container\">\n\t\t\t<h2 class=\"elementor-heading-title elementor-size-default\">Cavitation Peeling\n\n\n<\/h2>\t\t<\/div>\n\t\t\t\t<\/div>\n\t\t\t\t<div class=\"elementor-element elementor-element-36c8ad48 elementor-widget-divider--view-line elementor-widget elementor-widget-divider\" data-id=\"36c8ad48\" data-element_type=\"widget\" data-widget_type=\"divider.default\">\n\t\t\t\t<div class=\"elementor-widget-container\">\n\t\t\t\t\t<div class=\"elementor-divider\">\n\t\t\t<span class=\"elementor-divider-separator\">\n\t\t\t\t\t\t<\/span>\n\t\t<\/div>\n\t\t\t\t<\/div>\n\t\t\t\t<\/div>\n\t\t\t\t\t<\/div>\n\t\t\t\t<\/div>\n\t\t<div class=\"elementor-element elementor-element-649690e e-flex e-con-boxed e-con e-parent\" data-id=\"649690e\" data-element_type=\"container\">\n\t\t\t\t\t<div class=\"e-con-inner\">\n\t\t\t\t<div class=\"elementor-element elementor-element-d56df45 elementor-widget elementor-widget-text-editor\" data-id=\"d56df45\" data-element_type=\"widget\" data-widget_type=\"text-editor.default\">\n\t\t\t\t<div class=\"elementor-widget-container\">\n\t\t\t\t\t\t\t<p>Ultrasonic cavitation is the best solution for deep cleansing of the skin from toxins, cosmetic residues and to reduce the number of blackheads. The skin immediately becomes clean and smooth. The procedure is often used in combination with laser treatments.<\/p><p>We perform cavitation peeling using the M3 device, which, thanks to 8 different attachments\/functions such as radio frequency, ultrasound, cavitation, mesotherapy, etc. is a universal equipment for both body and face care. We also use organic oils and skin care products.<\/p>\t\t\t\t\t\t<\/div>\n\t\t\t\t<\/div>\n\t\t\t\t\t<\/div>\n\t\t\t\t<\/div>\n\t\t<div class=\"elementor-element elementor-element-3c5ddd86 e-flex e-con-boxed e-con e-parent\" data-id=\"3c5ddd86\" data-element_type=\"container\" data-settings=\"{&quot;background_motion_fx_devices&quot;:[&quot;desktop&quot;,&quot;tablet&quot;,&quot;mobile_extra&quot;,&quot;mobile&quot;]}\">\n\t\t\t\t\t<div class=\"e-con-inner\">\n\t\t\t\t\t<\/div>\n\t\t\t\t<\/div>\n\t\t<div class=\"elementor-element elementor-element-1b9f1aa2 e-flex e-con-boxed e-con e-parent\" data-id=\"1b9f1aa2\" data-element_type=\"container\">\n\t\t\t\t\t<div class=\"e-con-inner\">\n\t\t\t\t<div class=\"elementor-element elementor-element-799c0aad elementor-widget elementor-widget-heading\" data-id=\"799c0aad\" data-element_type=\"widget\" data-widget_type=\"heading.default\">\n\t\t\t\t<div class=\"elementor-widget-container\">\n\t\t\t<h2 class=\"elementor-heading-title elementor-size-default\">Prices\n\n<\/h2>\t\t<\/div>\n\t\t\t\t<\/div>\n\t\t\t\t<div class=\"elementor-element elementor-element-6bdfd56a elementor-widget-divider--view-line elementor-widget elementor-widget-divider\" data-id=\"6bdfd56a\" data-element_type=\"widget\" data-widget_type=\"divider.default\">\n\t\t\t\t<div class=\"elementor-widget-container\">\n\t\t\t\t\t<div class=\"elementor-divider\">\n\t\t\t<span class=\"elementor-divider-separator\">\n\t\t\t\t\t\t<\/span>\n\t\t<\/div>\n\t\t\t\t<\/div>\n\t\t\t\t<\/div>\n\t\t\t\t<div class=\"elementor-element elementor-element-41b426aa elementor-widget elementor-widget-price-list\" data-id=\"41b426aa\" data-element_type=\"widget\" data-widget_type=\"price-list.default\">\n\t\t\t\t<div class=\"elementor-widget-container\">\n\t\t\t\n\t\t<ul class=\"elementor-price-list\">\n\n\t\t\t\t\t\t\t\t\t<li><a class=\"elementor-price-list-item\" href=\"#\">\t\t\t\t\n\t\t\t\t<div class=\"elementor-price-list-text\">\n\t\t\t\t\t\t\t\t\t<div class=\"elementor-price-list-header\">\n\t\t\t\t\t\t\t\t\t\t\t<span class=\"elementor-price-list-title\">\n\t\t\t\t\t\t\tProcedure 60 minutes\t\t\t\t\t\t<\/span>\n\t\t\t\t\t\t\t\t\t\t\t\t\t\t\t\t\t\t\t\t\t\t\t\t<span class=\"elementor-price-list-price\">1250:-<\/span>\n\t\t\t\t\t\t\t\t\t\t<\/div>\n\t\t\t\t\t\t\t\t\t\t\t\t<\/div>\n\t\t\t\t<\/a><\/li>\t\t\t\t\t\n\t\t<\/ul>\n\n\t\t\t\t<\/div>\n\t\t\t\t<\/div>\n\t\t\t\t<div class=\"elementor-element elementor-element-6589de3e elementor-widget elementor-widget-heading\" data-id=\"6589de3e\" data-element_type=\"widget\" data-widget_type=\"heading.default\">\n\t\t\t\t<div class=\"elementor-widget-container\">\n\t\t\t<h2 class=\"elementor-heading-title elementor-size-default\">A classic peeling that is ideal for sun-damaged skin, pigmentation, post-acne, fine lines and wrinkles, oily, dry and dull skin. It is recommended as a preparatory procedure for laser procedures or microneedling.\n<br><br>\nThe procedure includes cleansing with natural oils, peeling with diamond microdermabrasion and care with organic products.<\/h2>\t\t<\/div>\n\t\t\t\t<\/div>\n\t\t\t\t<div class=\"elementor-element elementor-element-14bc7800 elementor-align-right elementor-widget elementor-widget-button\" data-id=\"14bc7800\" data-element_type=\"widget\" data-widget_type=\"button.default\">\n\t\t\t\t<div class=\"elementor-widget-container\">\n\t\t\t\t\t<div class=\"elementor-button-wrapper\">\n\t\t\t<a class=\"elementor-button elementor-button-link elementor-size-sm\" href=\"https:\/\/pureclinic.valei.com\/services\/categories\/2392-peeling?_gl=1*1nxf9ou*_gcl_au*NzQ1ODMwMjcuMTcyNTEwNDgwOA..*_ga*MjUyNTI3ODY1LjE3MjUxMDQ4MDg.*_ga_0D6F0K0J9C*MTcyNjI2MzI1NS4xMi4xLjE3MjYyNzAwOTIuMC4wLjA.\">\n\t\t\t\t\t\t<span class=\"elementor-button-content-wrapper\">\n\t\t\t\t\t\t\t\t\t<span class=\"elementor-button-text\">Book<\/span>\n\t\t\t\t\t<\/span>\n\t\t\t\t\t<\/a>\n\t\t<\/div>\n\t\t\t\t<\/div>\n\t\t\t\t<\/div>\n\t\t\t\t\t<\/div>\n\t\t\t\t<\/div>\n\t\t\t\t<\/div>","protected":false},"excerpt":{"rendered":"<p>Cavitation Peeling A deep cleansing treatment that uses ultrasonic cavitation to deeply cleanse the skin of toxins, cosmetic residues and reduce blackheads. The skin is immediately clean and soft. A very good and effective facial treatment that cleanses your skin thoroughly and is therefore often used in combination with laser treatments. We perform cavitation peeling with M3 which is a versatile equipment [...]<\/p>","protected":false},"author":1,"featured_media":0,"parent":0,"menu_order":0,"comment_status":"closed","ping_status":"closed","template":"elementor_header_footer","meta":{"footnotes":""},"class_list":["post-520","page","type-page","status-publish","hentry"],"yoast_head":"<!-- This site is optimized with the Yoast SEO plugin v21.7 - https:\/\/yoast.com\/wordpress\/plugins\/seo\/ -->\n<title>Kavitationspeeling med ultraljud som reng\u00e4r huden p\u00e5 djupet fr\u00e5n smuts<\/title>\n<meta name=\"description\" content=\"Kavitationspeeling reng\u00f6r din hud fr\u00e5n gifter, kosmetika samt pormaskar. Du f\u00e5r en renare, mjukare hud med kavitationspeeling hos Pure Clinic\" \/>\n<meta name=\"robots\" content=\"index, follow, max-snippet:-1, max-image-preview:large, max-video-preview:-1\" \/>\n<link rel=\"canonical\" href=\"https:\/\/pureclinic.se\/en\/kavitationspeeling\/\" \/>\n<meta property=\"og:locale\" content=\"en_US\" \/>\n<meta property=\"og:type\" content=\"article\" \/>\n<meta property=\"og:title\" content=\"Kavitationspeeling med ultraljud som reng\u00e4r huden p\u00e5 djupet fr\u00e5n smuts\" \/>\n<meta property=\"og:description\" content=\"Kavitationspeeling reng\u00f6r din hud fr\u00e5n gifter, kosmetika samt pormaskar. Du f\u00e5r en renare, mjukare hud med kavitationspeeling hos Pure Clinic\" \/>\n<meta property=\"og:url\" content=\"https:\/\/pureclinic.se\/en\/kavitationspeeling\/\" \/>\n<meta property=\"og:site_name\" content=\"Pure Clinic - Sk\u00f6nhetsklinik i Stockholm Saltsj\u00f6baden\" \/>\n<meta property=\"article:modified_time\" content=\"2026-02-04T20:44:38+00:00\" \/>\n<meta name=\"twitter:card\" content=\"summary_large_image\" \/>\n<meta name=\"twitter:label1\" content=\"Est. reading time\" \/>\n\t<meta name=\"twitter:data1\" content=\"1 minute\" \/>\n<script type=\"application\/ld+json\" class=\"yoast-schema-graph\">{\"@context\":\"https:\/\/schema.org\",\"@graph\":[{\"@type\":\"WebPage\",\"@id\":\"https:\/\/pureclinic.se\/kavitationspeeling\/\",\"url\":\"https:\/\/pureclinic.se\/kavitationspeeling\/\",\"name\":\"Kavitationspeeling med ultraljud som reng\u00e4r huden p\u00e5 djupet fr\u00e5n smuts\",\"isPartOf\":{\"@id\":\"https:\/\/pureclinic.se\/en\/#website\"},\"datePublished\":\"2017-09-19T08:34:50+00:00\",\"dateModified\":\"2026-02-04T20:44:38+00:00\",\"description\":\"Kavitationspeeling reng\u00f6r din hud fr\u00e5n gifter, kosmetika samt pormaskar. Du f\u00e5r en renare, mjukare hud med kavitationspeeling hos Pure Clinic\",\"breadcrumb\":{\"@id\":\"https:\/\/pureclinic.se\/kavitationspeeling\/#breadcrumb\"},\"inLanguage\":\"en-US\",\"potentialAction\":[{\"@type\":\"ReadAction\",\"target\":[\"https:\/\/pureclinic.se\/kavitationspeeling\/\"]}]},{\"@type\":\"BreadcrumbList\",\"@id\":\"https:\/\/pureclinic.se\/kavitationspeeling\/#breadcrumb\",\"itemListElement\":[{\"@type\":\"ListItem\",\"position\":1,\"name\":\"Hem\",\"item\":\"https:\/\/pureclinic.se\/\"},{\"@type\":\"ListItem\",\"position\":2,\"name\":\"Kavitationspeeling\"}]},{\"@type\":\"WebSite\",\"@id\":\"https:\/\/pureclinic.se\/en\/#website\",\"url\":\"https:\/\/pureclinic.se\/en\/\",\"name\":\"Pure Clinic - Sk\u00f6nhetsklinik i Stockholm Saltsj\u00f6baden\",\"description\":\"Pure Clinic, H\u00e4r \u00e4r vi specialiserade p\u00e5 sk\u00f6nhetsbehandlingar av b\u00e5de ansikte och kropp. Vi har valt att satsa p\u00e5 exklusiva och effektiva maskiner, med h\u00f6g s\u00e4kerhet och ett gott rykte i branschen. Pure Clinic st\u00e5r f\u00f6r att vi enbart anv\u00e4nder oss av rena, ekologiska eller ofarliga produkter och tekniker.\",\"publisher\":{\"@id\":\"https:\/\/pureclinic.se\/en\/#organization\"},\"potentialAction\":[{\"@type\":\"SearchAction\",\"target\":{\"@type\":\"EntryPoint\",\"urlTemplate\":\"https:\/\/pureclinic.se\/en\/?s={search_term_string}\"},\"query-input\":\"required name=search_term_string\"}],\"inLanguage\":\"en-US\"},{\"@type\":\"Organization\",\"@id\":\"https:\/\/pureclinic.se\/en\/#organization\",\"name\":\"Pure Clinic AB\",\"url\":\"https:\/\/pureclinic.se\/en\/\",\"logo\":{\"@type\":\"ImageObject\",\"inLanguage\":\"en-US\",\"@id\":\"https:\/\/pureclinic.se\/en\/#\/schema\/logo\/image\/\",\"url\":\"https:\/\/pureclinic.se\/wp-content\/uploads\/2017\/07\/Pure-Clinic-Turkos-liten.png\",\"contentUrl\":\"https:\/\/pureclinic.se\/wp-content\/uploads\/2017\/07\/Pure-Clinic-Turkos-liten.png\",\"width\":878,\"height\":478,\"caption\":\"Pure Clinic AB\"},\"image\":{\"@id\":\"https:\/\/pureclinic.se\/en\/#\/schema\/logo\/image\/\"}}]}<\/script>\n<!-- \/ Yoast SEO plugin. -->","yoast_head_json":{"title":"Kavitationspeeling med ultraljud som reng\u00e4r huden p\u00e5 djupet fr\u00e5n smuts","description":"Kavitationspeeling reng\u00f6r din hud fr\u00e5n gifter, kosmetika samt pormaskar. Du f\u00e5r en renare, mjukare hud med kavitationspeeling hos Pure Clinic","robots":{"index":"index","follow":"follow","max-snippet":"max-snippet:-1","max-image-preview":"max-image-preview:large","max-video-preview":"max-video-preview:-1"},"canonical":"https:\/\/pureclinic.se\/en\/kavitationspeeling\/","og_locale":"en_US","og_type":"article","og_title":"Kavitationspeeling med ultraljud som reng\u00e4r huden p\u00e5 djupet fr\u00e5n smuts","og_description":"Kavitationspeeling reng\u00f6r din hud fr\u00e5n gifter, kosmetika samt pormaskar. Du f\u00e5r en renare, mjukare hud med kavitationspeeling hos Pure Clinic","og_url":"https:\/\/pureclinic.se\/en\/kavitationspeeling\/","og_site_name":"Pure Clinic - Sk\u00f6nhetsklinik i Stockholm Saltsj\u00f6baden","article_modified_time":"2026-02-04T20:44:38+00:00","twitter_card":"summary_large_image","twitter_misc":{"Est. reading time":"1 minute"},"schema":{"@context":"https:\/\/schema.org","@graph":[{"@type":"WebPage","@id":"https:\/\/pureclinic.se\/kavitationspeeling\/","url":"https:\/\/pureclinic.se\/kavitationspeeling\/","name":"Kavitationspeeling med ultraljud som reng\u00e4r huden p\u00e5 djupet fr\u00e5n smuts","isPartOf":{"@id":"https:\/\/pureclinic.se\/en\/#website"},"datePublished":"2017-09-19T08:34:50+00:00","dateModified":"2026-02-04T20:44:38+00:00","description":"Kavitationspeeling reng\u00f6r din hud fr\u00e5n gifter, kosmetika samt pormaskar. Du f\u00e5r en renare, mjukare hud med kavitationspeeling hos Pure Clinic","breadcrumb":{"@id":"https:\/\/pureclinic.se\/kavitationspeeling\/#breadcrumb"},"inLanguage":"en-US","potentialAction":[{"@type":"ReadAction","target":["https:\/\/pureclinic.se\/kavitationspeeling\/"]}]},{"@type":"BreadcrumbList","@id":"https:\/\/pureclinic.se\/kavitationspeeling\/#breadcrumb","itemListElement":[{"@type":"ListItem","position":1,"name":"Hem","item":"https:\/\/pureclinic.se\/"},{"@type":"ListItem","position":2,"name":"Kavitationspeeling"}]},{"@type":"WebSite","@id":"https:\/\/pureclinic.se\/en\/#website","url":"https:\/\/pureclinic.se\/en\/","name":"Pure Clinic - Sk\u00f6nhetsklinik i Stockholm Saltsj\u00f6baden","description":"Pure Clinic, H\u00e4r \u00e4r vi specialiserade p\u00e5 sk\u00f6nhetsbehandlingar av b\u00e5de ansikte och kropp. Vi har valt att satsa p\u00e5 exklusiva och effektiva maskiner, med h\u00f6g s\u00e4kerhet och ett gott rykte i branschen. Pure Clinic st\u00e5r f\u00f6r att vi enbart anv\u00e4nder oss av rena, ekologiska eller ofarliga produkter och tekniker.","publisher":{"@id":"https:\/\/pureclinic.se\/en\/#organization"},"potentialAction":[{"@type":"SearchAction","target":{"@type":"EntryPoint","urlTemplate":"https:\/\/pureclinic.se\/en\/?s={search_term_string}"},"query-input":"required name=search_term_string"}],"inLanguage":"en-US"},{"@type":"Organization","@id":"https:\/\/pureclinic.se\/en\/#organization","name":"Pure Clinic AB","url":"https:\/\/pureclinic.se\/en\/","logo":{"@type":"ImageObject","inLanguage":"en-US","@id":"https:\/\/pureclinic.se\/en\/#\/schema\/logo\/image\/","url":"https:\/\/pureclinic.se\/wp-content\/uploads\/2017\/07\/Pure-Clinic-Turkos-liten.png","contentUrl":"https:\/\/pureclinic.se\/wp-content\/uploads\/2017\/07\/Pure-Clinic-Turkos-liten.png","width":878,"height":478,"caption":"Pure Clinic AB"},"image":{"@id":"https:\/\/pureclinic.se\/en\/#\/schema\/logo\/image\/"}}]}},"_links":{"self":[{"href":"https:\/\/pureclinic.se\/en\/wp-json\/wp\/v2\/pages\/520"}],"collection":[{"href":"https:\/\/pureclinic.se\/en\/wp-json\/wp\/v2\/pages"}],"about":[{"href":"https:\/\/pureclinic.se\/en\/wp-json\/wp\/v2\/types\/page"}],"author":[{"embeddable":true,"href":"https:\/\/pureclinic.se\/en\/wp-json\/wp\/v2\/users\/1"}],"replies":[{"embeddable":true,"href":"https:\/\/pureclinic.se\/en\/wp-json\/wp\/v2\/comments?post=520"}],"version-history":[{"count":18,"href":"https:\/\/pureclinic.se\/en\/wp-json\/wp\/v2\/pages\/520\/revisions"}],"predecessor-version":[{"id":3428,"href":"https:\/\/pureclinic.se\/en\/wp-json\/wp\/v2\/pages\/520\/revisions\/3428"}],"wp:attachment":[{"href":"https:\/\/pureclinic.se\/en\/wp-json\/wp\/v2\/media?parent=520"}],"curies":[{"name":"wp","href":"https:\/\/api.w.org\/{rel}","templated":true}]}}