{"id":518,"date":"2017-09-19T08:32:39","date_gmt":"2017-09-19T08:32:39","guid":{"rendered":"https:\/\/pureclinic.se\/?page_id=518"},"modified":"2026-02-04T20:44:44","modified_gmt":"2026-02-04T20:44:44","slug":"microdermabrasion","status":"publish","type":"page","link":"https:\/\/pureclinic.se\/en\/microdermabrasion\/","title":{"rendered":"Diamond microdermabrasion peeling"},"content":{"rendered":"<div data-elementor-type=\"wp-page\" data-elementor-id=\"518\" class=\"elementor elementor-518\" data-elementor-post-type=\"page\">\n\t\t\t\t<div class=\"elementor-element elementor-element-443e38f6 e-flex e-con-boxed e-con e-parent\" data-id=\"443e38f6\" data-element_type=\"container\">\n\t\t\t\t\t<div class=\"e-con-inner\">\n\t\t\t\t<div class=\"elementor-element elementor-element-14573c1e elementor-widget elementor-widget-heading\" data-id=\"14573c1e\" data-element_type=\"widget\" data-widget_type=\"heading.default\">\n\t\t\t\t<div class=\"elementor-widget-container\">\n\t\t\t<h2 class=\"elementor-heading-title elementor-size-default\">Diamond microdermabrasion peeling\n\n<\/h2>\t\t<\/div>\n\t\t\t\t<\/div>\n\t\t\t\t<div class=\"elementor-element elementor-element-3b6e8d98 elementor-widget-divider--view-line elementor-widget elementor-widget-divider\" data-id=\"3b6e8d98\" data-element_type=\"widget\" data-widget_type=\"divider.default\">\n\t\t\t\t<div class=\"elementor-widget-container\">\n\t\t\t\t\t<div class=\"elementor-divider\">\n\t\t\t<span class=\"elementor-divider-separator\">\n\t\t\t\t\t\t<\/span>\n\t\t<\/div>\n\t\t\t\t<\/div>\n\t\t\t\t<\/div>\n\t\t\t\t\t<\/div>\n\t\t\t\t<\/div>\n\t\t<div class=\"elementor-element elementor-element-e92ca2c e-flex e-con-boxed e-con e-parent\" data-id=\"e92ca2c\" data-element_type=\"container\">\n\t\t\t\t\t<div class=\"e-con-inner\">\n\t\t\t\t<div class=\"elementor-element elementor-element-2bdb04b5 elementor-widget elementor-widget-text-editor\" data-id=\"2bdb04b5\" data-element_type=\"widget\" data-widget_type=\"text-editor.default\">\n\t\t\t\t<div class=\"elementor-widget-container\">\n\t\t\t\t\t\t\t<p>A modern technique that gently exfoliates the top layer of the skin, activates skin cell regeneration and increases blood circulation. The skin gains instant radiance and a more even tone. Using a vacuum attachment covered with abrasive crystals, we remove dead skin cells, which allows subsequent products to penetrate deeper into the skin and work more effectively. Ideal for skin with pigmentation, fine lines and wrinkles, oily, dry and dull skin.<\/p><p>A wonderful and effective MediSpa procedure that will give you softer and smoother skin.<\/p>\t\t\t\t\t\t<\/div>\n\t\t\t\t<\/div>\n\t\t\t\t\t<\/div>\n\t\t\t\t<\/div>\n\t\t<div class=\"elementor-element elementor-element-a5af37c e-flex e-con-boxed e-con e-parent\" data-id=\"a5af37c\" data-element_type=\"container\" data-settings=\"{&quot;background_background&quot;:&quot;classic&quot;,&quot;background_motion_fx_motion_fx_scrolling&quot;:&quot;yes&quot;,&quot;background_motion_fx_translateY_effect&quot;:&quot;yes&quot;,&quot;background_motion_fx_translateY_speed&quot;:{&quot;unit&quot;:&quot;px&quot;,&quot;size&quot;:10,&quot;sizes&quot;:[]},&quot;background_motion_fx_translateY_affectedRange&quot;:{&quot;unit&quot;:&quot;%&quot;,&quot;size&quot;:&quot;&quot;,&quot;sizes&quot;:{&quot;start&quot;:0,&quot;end&quot;:100}},&quot;background_motion_fx_devices&quot;:[&quot;desktop&quot;,&quot;tablet&quot;,&quot;mobile_extra&quot;,&quot;mobile&quot;]}\">\n\t\t\t\t\t<div class=\"e-con-inner\">\n\t\t\t\t\t<\/div>\n\t\t\t\t<\/div>\n\t\t<div class=\"elementor-element elementor-element-3834b5c1 e-flex e-con-boxed e-con e-parent\" data-id=\"3834b5c1\" data-element_type=\"container\">\n\t\t\t\t\t<div class=\"e-con-inner\">\n\t\t\t\t<div class=\"elementor-element elementor-element-1ac35766 elementor-widget elementor-widget-heading\" data-id=\"1ac35766\" data-element_type=\"widget\" data-widget_type=\"heading.default\">\n\t\t\t\t<div class=\"elementor-widget-container\">\n\t\t\t<h2 class=\"elementor-heading-title elementor-size-default\">Prices\n\n<\/h2>\t\t<\/div>\n\t\t\t\t<\/div>\n\t\t\t\t<div class=\"elementor-element elementor-element-22182c06 elementor-widget-divider--view-line elementor-widget elementor-widget-divider\" data-id=\"22182c06\" data-element_type=\"widget\" data-widget_type=\"divider.default\">\n\t\t\t\t<div class=\"elementor-widget-container\">\n\t\t\t\t\t<div class=\"elementor-divider\">\n\t\t\t<span class=\"elementor-divider-separator\">\n\t\t\t\t\t\t<\/span>\n\t\t<\/div>\n\t\t\t\t<\/div>\n\t\t\t\t<\/div>\n\t\t\t\t<div class=\"elementor-element elementor-element-1d95dfd1 elementor-widget elementor-widget-heading\" data-id=\"1d95dfd1\" data-element_type=\"widget\" data-widget_type=\"heading.default\">\n\t\t\t\t<div class=\"elementor-widget-container\">\n\t\t\t<h2 class=\"elementor-heading-title elementor-size-default\">Diamond microdermabrasion peeling\n\n<\/h2>\t\t<\/div>\n\t\t\t\t<\/div>\n\t\t\t\t<div class=\"elementor-element elementor-element-4678a427 elementor-widget elementor-widget-price-list\" data-id=\"4678a427\" data-element_type=\"widget\" data-widget_type=\"price-list.default\">\n\t\t\t\t<div class=\"elementor-widget-container\">\n\t\t\t\n\t\t<ul class=\"elementor-price-list\">\n\n\t\t\t\t\t\t\t\t\t<li><a class=\"elementor-price-list-item\" href=\"#\">\t\t\t\t\n\t\t\t\t<div class=\"elementor-price-list-text\">\n\t\t\t\t\t\t\t\t\t<div class=\"elementor-price-list-header\">\n\t\t\t\t\t\t\t\t\t\t\t<span class=\"elementor-price-list-title\">\n\t\t\t\t\t\t\tProcedure 60 minutes\t\t\t\t\t\t<\/span>\n\t\t\t\t\t\t\t\t\t\t\t\t\t\t\t\t\t\t\t\t\t\t\t\t<span class=\"elementor-price-list-price\">1250:-<\/span>\n\t\t\t\t\t\t\t\t\t\t<\/div>\n\t\t\t\t\t\t\t\t\t\t\t\t<\/div>\n\t\t\t\t<\/a><\/li>\t\t\t\t\t\n\t\t<\/ul>\n\n\t\t\t\t<\/div>\n\t\t\t\t<\/div>\n\t\t\t\t<div class=\"elementor-element elementor-element-2d877072 elementor-widget elementor-widget-heading\" data-id=\"2d877072\" data-element_type=\"widget\" data-widget_type=\"heading.default\">\n\t\t\t\t<div class=\"elementor-widget-container\">\n\t\t\t<h2 class=\"elementor-heading-title elementor-size-default\">A classic peeling that is ideal for sun-damaged skin, pigmentation, post-acne, fine lines and wrinkles, oily, dry and dull skin. It is recommended as a preparatory procedure for laser procedures or microneedling.\n<br><br>\nThe procedure includes cleansing with natural oils, peeling with diamond microdermabrasion and care with organic products.<\/h2>\t\t<\/div>\n\t\t\t\t<\/div>\n\t\t\t\t<div class=\"elementor-element elementor-element-5edaa4d4 elementor-align-right elementor-widget elementor-widget-button\" data-id=\"5edaa4d4\" data-element_type=\"widget\" data-widget_type=\"button.default\">\n\t\t\t\t<div class=\"elementor-widget-container\">\n\t\t\t\t\t<div class=\"elementor-button-wrapper\">\n\t\t\t<a class=\"elementor-button elementor-button-link elementor-size-sm\" href=\"https:\/\/pureclinic.valei.com\/services\/categories\/2392-peeling?_gl=1*e77szf*_gcl_au*NzQ1ODMwMjcuMTcyNTEwNDgwOA..*_ga*MjUyNTI3ODY1LjE3MjUxMDQ4MDg.*_ga_0D6F0K0J9C*MTcyNjI4OTI0OS4xMy4xLjE3MjYyOTAzNzkuMC4wLjA.\">\n\t\t\t\t\t\t<span class=\"elementor-button-content-wrapper\">\n\t\t\t\t\t\t\t\t\t<span class=\"elementor-button-text\">Book<\/span>\n\t\t\t\t\t<\/span>\n\t\t\t\t\t<\/a>\n\t\t<\/div>\n\t\t\t\t<\/div>\n\t\t\t\t<\/div>\n\t\t\t\t\t<\/div>\n\t\t\t\t<\/div>\n\t\t\t\t<\/div>","protected":false},"excerpt":{"rendered":"<p>Diamond Microdermabrasion Peeling Modern technology that gently abrades the outermost layer of skin, activates skin cell renewal and increases blood circulation. The skin gets an instant glow and more even skin tone. By using a vacuum nozzle coated with abrasive crystals, we remove the dead skin cells that otherwise lie like a blockade on the skin surface. It also provides [...]<\/p>","protected":false},"author":1,"featured_media":0,"parent":0,"menu_order":0,"comment_status":"closed","ping_status":"closed","template":"elementor_header_footer","meta":{"footnotes":""},"class_list":["post-518","page","type-page","status-publish","hentry"],"yoast_head":"<!-- This site is optimized with the Yoast SEO plugin v21.7 - https:\/\/yoast.com\/wordpress\/plugins\/seo\/ -->\n<title>Microdermabrasion diamond peeling hos Pure Clinic, f\u00f6r finare hudtextur<\/title>\n<meta name=\"description\" content=\"Microdermabrasion diamond peeling \u00e4r en effektiv exfolierande behandling som eliminerar d\u00f6da hudceller samt ger lyster och j\u00e4mnare hudton och hudtextur\" \/>\n<meta name=\"robots\" content=\"index, follow, max-snippet:-1, max-image-preview:large, max-video-preview:-1\" \/>\n<link rel=\"canonical\" href=\"https:\/\/pureclinic.se\/en\/microdermabrasion\/\" \/>\n<meta property=\"og:locale\" content=\"en_US\" \/>\n<meta property=\"og:type\" content=\"article\" \/>\n<meta property=\"og:title\" content=\"Microdermabrasion diamond peeling hos Pure Clinic, f\u00f6r finare hudtextur\" \/>\n<meta property=\"og:description\" content=\"Microdermabrasion diamond peeling \u00e4r en effektiv exfolierande behandling som eliminerar d\u00f6da hudceller samt ger lyster och j\u00e4mnare hudton och hudtextur\" \/>\n<meta property=\"og:url\" content=\"https:\/\/pureclinic.se\/en\/microdermabrasion\/\" \/>\n<meta property=\"og:site_name\" content=\"Pure Clinic - Sk\u00f6nhetsklinik i Stockholm Saltsj\u00f6baden\" \/>\n<meta property=\"article:modified_time\" content=\"2026-02-04T20:44:44+00:00\" \/>\n<meta name=\"twitter:card\" content=\"summary_large_image\" \/>\n<meta name=\"twitter:label1\" content=\"Est. reading time\" \/>\n\t<meta name=\"twitter:data1\" content=\"1 minute\" \/>\n<script type=\"application\/ld+json\" class=\"yoast-schema-graph\">{\"@context\":\"https:\/\/schema.org\",\"@graph\":[{\"@type\":\"WebPage\",\"@id\":\"https:\/\/pureclinic.se\/microdermabrasion\/\",\"url\":\"https:\/\/pureclinic.se\/microdermabrasion\/\",\"name\":\"Microdermabrasion diamond peeling hos Pure Clinic, f\u00f6r finare hudtextur\",\"isPartOf\":{\"@id\":\"https:\/\/pureclinic.se\/en\/#website\"},\"datePublished\":\"2017-09-19T08:32:39+00:00\",\"dateModified\":\"2026-02-04T20:44:44+00:00\",\"description\":\"Microdermabrasion diamond peeling \u00e4r en effektiv exfolierande behandling som eliminerar d\u00f6da hudceller samt ger lyster och j\u00e4mnare hudton och hudtextur\",\"breadcrumb\":{\"@id\":\"https:\/\/pureclinic.se\/microdermabrasion\/#breadcrumb\"},\"inLanguage\":\"en-US\",\"potentialAction\":[{\"@type\":\"ReadAction\",\"target\":[\"https:\/\/pureclinic.se\/microdermabrasion\/\"]}]},{\"@type\":\"BreadcrumbList\",\"@id\":\"https:\/\/pureclinic.se\/microdermabrasion\/#breadcrumb\",\"itemListElement\":[{\"@type\":\"ListItem\",\"position\":1,\"name\":\"Hem\",\"item\":\"https:\/\/pureclinic.se\/\"},{\"@type\":\"ListItem\",\"position\":2,\"name\":\"Diamond Microdermabrasion Peeling\"}]},{\"@type\":\"WebSite\",\"@id\":\"https:\/\/pureclinic.se\/en\/#website\",\"url\":\"https:\/\/pureclinic.se\/en\/\",\"name\":\"Pure Clinic - Sk\u00f6nhetsklinik i Stockholm Saltsj\u00f6baden\",\"description\":\"Pure Clinic, H\u00e4r \u00e4r vi specialiserade p\u00e5 sk\u00f6nhetsbehandlingar av b\u00e5de ansikte och kropp. Vi har valt att satsa p\u00e5 exklusiva och effektiva maskiner, med h\u00f6g s\u00e4kerhet och ett gott rykte i branschen. Pure Clinic st\u00e5r f\u00f6r att vi enbart anv\u00e4nder oss av rena, ekologiska eller ofarliga produkter och tekniker.\",\"publisher\":{\"@id\":\"https:\/\/pureclinic.se\/en\/#organization\"},\"potentialAction\":[{\"@type\":\"SearchAction\",\"target\":{\"@type\":\"EntryPoint\",\"urlTemplate\":\"https:\/\/pureclinic.se\/en\/?s={search_term_string}\"},\"query-input\":\"required name=search_term_string\"}],\"inLanguage\":\"en-US\"},{\"@type\":\"Organization\",\"@id\":\"https:\/\/pureclinic.se\/en\/#organization\",\"name\":\"Pure Clinic AB\",\"url\":\"https:\/\/pureclinic.se\/en\/\",\"logo\":{\"@type\":\"ImageObject\",\"inLanguage\":\"en-US\",\"@id\":\"https:\/\/pureclinic.se\/en\/#\/schema\/logo\/image\/\",\"url\":\"https:\/\/pureclinic.se\/wp-content\/uploads\/2017\/07\/Pure-Clinic-Turkos-liten.png\",\"contentUrl\":\"https:\/\/pureclinic.se\/wp-content\/uploads\/2017\/07\/Pure-Clinic-Turkos-liten.png\",\"width\":878,\"height\":478,\"caption\":\"Pure Clinic AB\"},\"image\":{\"@id\":\"https:\/\/pureclinic.se\/en\/#\/schema\/logo\/image\/\"}}]}<\/script>\n<!-- \/ Yoast SEO plugin. -->","yoast_head_json":{"title":"Microdermabrasion diamond peeling hos Pure Clinic, f\u00f6r finare hudtextur","description":"Microdermabrasion diamond peeling \u00e4r en effektiv exfolierande behandling som eliminerar d\u00f6da hudceller samt ger lyster och j\u00e4mnare hudton och hudtextur","robots":{"index":"index","follow":"follow","max-snippet":"max-snippet:-1","max-image-preview":"max-image-preview:large","max-video-preview":"max-video-preview:-1"},"canonical":"https:\/\/pureclinic.se\/en\/microdermabrasion\/","og_locale":"en_US","og_type":"article","og_title":"Microdermabrasion diamond peeling hos Pure Clinic, f\u00f6r finare hudtextur","og_description":"Microdermabrasion diamond peeling \u00e4r en effektiv exfolierande behandling som eliminerar d\u00f6da hudceller samt ger lyster och j\u00e4mnare hudton och hudtextur","og_url":"https:\/\/pureclinic.se\/en\/microdermabrasion\/","og_site_name":"Pure Clinic - Sk\u00f6nhetsklinik i Stockholm Saltsj\u00f6baden","article_modified_time":"2026-02-04T20:44:44+00:00","twitter_card":"summary_large_image","twitter_misc":{"Est. reading time":"1 minute"},"schema":{"@context":"https:\/\/schema.org","@graph":[{"@type":"WebPage","@id":"https:\/\/pureclinic.se\/microdermabrasion\/","url":"https:\/\/pureclinic.se\/microdermabrasion\/","name":"Microdermabrasion diamond peeling hos Pure Clinic, f\u00f6r finare hudtextur","isPartOf":{"@id":"https:\/\/pureclinic.se\/en\/#website"},"datePublished":"2017-09-19T08:32:39+00:00","dateModified":"2026-02-04T20:44:44+00:00","description":"Microdermabrasion diamond peeling \u00e4r en effektiv exfolierande behandling som eliminerar d\u00f6da hudceller samt ger lyster och j\u00e4mnare hudton och hudtextur","breadcrumb":{"@id":"https:\/\/pureclinic.se\/microdermabrasion\/#breadcrumb"},"inLanguage":"en-US","potentialAction":[{"@type":"ReadAction","target":["https:\/\/pureclinic.se\/microdermabrasion\/"]}]},{"@type":"BreadcrumbList","@id":"https:\/\/pureclinic.se\/microdermabrasion\/#breadcrumb","itemListElement":[{"@type":"ListItem","position":1,"name":"Hem","item":"https:\/\/pureclinic.se\/"},{"@type":"ListItem","position":2,"name":"Diamond Microdermabrasion Peeling"}]},{"@type":"WebSite","@id":"https:\/\/pureclinic.se\/en\/#website","url":"https:\/\/pureclinic.se\/en\/","name":"Pure Clinic - Sk\u00f6nhetsklinik i Stockholm Saltsj\u00f6baden","description":"Pure Clinic, H\u00e4r \u00e4r vi specialiserade p\u00e5 sk\u00f6nhetsbehandlingar av b\u00e5de ansikte och kropp. Vi har valt att satsa p\u00e5 exklusiva och effektiva maskiner, med h\u00f6g s\u00e4kerhet och ett gott rykte i branschen. Pure Clinic st\u00e5r f\u00f6r att vi enbart anv\u00e4nder oss av rena, ekologiska eller ofarliga produkter och tekniker.","publisher":{"@id":"https:\/\/pureclinic.se\/en\/#organization"},"potentialAction":[{"@type":"SearchAction","target":{"@type":"EntryPoint","urlTemplate":"https:\/\/pureclinic.se\/en\/?s={search_term_string}"},"query-input":"required name=search_term_string"}],"inLanguage":"en-US"},{"@type":"Organization","@id":"https:\/\/pureclinic.se\/en\/#organization","name":"Pure Clinic AB","url":"https:\/\/pureclinic.se\/en\/","logo":{"@type":"ImageObject","inLanguage":"en-US","@id":"https:\/\/pureclinic.se\/en\/#\/schema\/logo\/image\/","url":"https:\/\/pureclinic.se\/wp-content\/uploads\/2017\/07\/Pure-Clinic-Turkos-liten.png","contentUrl":"https:\/\/pureclinic.se\/wp-content\/uploads\/2017\/07\/Pure-Clinic-Turkos-liten.png","width":878,"height":478,"caption":"Pure Clinic AB"},"image":{"@id":"https:\/\/pureclinic.se\/en\/#\/schema\/logo\/image\/"}}]}},"_links":{"self":[{"href":"https:\/\/pureclinic.se\/en\/wp-json\/wp\/v2\/pages\/518"}],"collection":[{"href":"https:\/\/pureclinic.se\/en\/wp-json\/wp\/v2\/pages"}],"about":[{"href":"https:\/\/pureclinic.se\/en\/wp-json\/wp\/v2\/types\/page"}],"author":[{"embeddable":true,"href":"https:\/\/pureclinic.se\/en\/wp-json\/wp\/v2\/users\/1"}],"replies":[{"embeddable":true,"href":"https:\/\/pureclinic.se\/en\/wp-json\/wp\/v2\/comments?post=518"}],"version-history":[{"count":9,"href":"https:\/\/pureclinic.se\/en\/wp-json\/wp\/v2\/pages\/518\/revisions"}],"predecessor-version":[{"id":3431,"href":"https:\/\/pureclinic.se\/en\/wp-json\/wp\/v2\/pages\/518\/revisions\/3431"}],"wp:attachment":[{"href":"https:\/\/pureclinic.se\/en\/wp-json\/wp\/v2\/media?parent=518"}],"curies":[{"name":"wp","href":"https:\/\/api.w.org\/{rel}","templated":true}]}}